{"id":12132,"date":"2013-05-31T11:57:37","date_gmt":"2013-05-31T09:57:37","guid":{"rendered":"https:\/\/moehring-energie.com\/who-we-are\/"},"modified":"2026-01-27T12:06:59","modified_gmt":"2026-01-27T11:06:59","slug":"who-we-are","status":"publish","type":"page","link":"https:\/\/moehring-energie.com\/en\/who-we-are\/","title":{"rendered":"Who we are"},"content":{"rendered":"<section class=\"l-section wpb_row height_custom with_img\"><div class=\"l-section-img\" role=\"img\" data-img-width=\"2560\" data-img-height=\"1948\" style=\"background-image: url(https:\/\/moehring-energie.com\/wp-content\/uploads\/2025\/06\/IMG_E6245-scaled.jpg);\"><\/div><div class=\"l-section-overlay\" style=\"background:rgba(2,2,2,0.1)\"><\/div><div class=\"l-section-h i-cf\"><div class=\"g-cols vc_row via_flex valign_top type_default stacking_default\"><div class=\"vc_col-sm-12 wpb_column vc_column_container\"><div class=\"vc_column-inner us_custom_8694f0b0\"><div class=\"wpb_wrapper\"><div class=\"w-separator size_medium\"><\/div><div class=\"wpb_text_column us_custom_836f727b has_text_color\"><div class=\"wpb_wrapper\"><h1 style=\"text-align: left;\">The company<\/h1>\n<\/div><\/div><div class=\"w-separator size_small\"><\/div><div class=\"w-iconbox iconpos_top style_default color_custom align_center no_text no_title\"><a href=\"#intro\" class=\"w-iconbox-link\" aria-label><div class=\"w-iconbox-icon\" style=\"font-size:3rem;--icon-color:#ffffff;\"><\/div><\/a><div class=\"w-iconbox-meta\"><\/div><\/div><\/div><\/div><\/div><\/div><\/div><\/section><section class=\"l-section wpb_row height_auto\" id=\"about\"><div class=\"l-section-h i-cf\"><div class=\"g-cols vc_row via_flex valign_top type_default stacking_default\"><div class=\"vc_col-sm-9 wpb_column vc_column_container\"><div class=\"vc_column-inner us_custom_de67d1db\"><div class=\"wpb_wrapper\"><div class=\"w-separator size_medium\"><\/div><div class=\"wpb_text_column us_custom_b4198c51\"><div class=\"wpb_wrapper\"><h3><img loading=\"lazy\" decoding=\"async\" class=\"size-medium wp-image-13606 alignleft\" src=\"https:\/\/moehring-energie.com\/wp-content\/uploads\/2025\/07\/ME_dark_bg-e1752602995282-300x71.jpg\" alt=\"\" width=\"300\" height=\"71\" srcset=\"https:\/\/moehring-energie.com\/wp-content\/uploads\/2025\/07\/ME_dark_bg-e1752602995282-300x71.jpg 300w, https:\/\/moehring-energie.com\/wp-content\/uploads\/2025\/07\/ME_dark_bg-e1752602995282-600x142.jpg 600w, https:\/\/moehring-energie.com\/wp-content\/uploads\/2025\/07\/ME_dark_bg-e1752602995282.jpg 1000w\" sizes=\"auto, (max-width: 300px) 100vw, 300px\" \/>M\u00f6hring Energie, your global partner for demanding energy projects<\/h3>\n<p>M\u00f6hring Energie is a medium-sized, owner-managed group of companies with roots in northern Germany and a strong international outlook.<br \/>\nFor more than 15 years, we have been designing, building and operating renewable energy systems and storage solutions &#8211; as project developer, EPC partner, investor and operator.<br \/>\nToday, we are also leveraging our expertise to drive forward green hydrogen and ammonia solutions, including large-scale PtX projects in Morocco for export to the EU.<\/p>\n<\/div><\/div><div class=\"w-separator size_small\"><\/div><div class=\"wpb_text_column us_custom_b4198c51\"><div class=\"wpb_wrapper\"><h3><strong>Innovative energy solutions<\/strong><\/h3>\n<p>Discover comprehensive solutions for your sustainable energy projects with the M\u00f6hring Energie. From development to operation, we offer expertise across every phase: efficient project implementation, reliable maintenance, innovative financing approaches and strategic asset management.<\/p>\n<p>At M\u00f6hring Energie, project development is at the core of our services. Our team supports you throughout the entire process &#8211; from site analysis and approvals to technical implementation. With our extensive experience and deep industry knowledge, we are able to develop and deliver projects efficiently, effectively, and with measurable results. We rely on innovative solutions to realize environmentally friendly and profitable energy projects that are both technically and economically convincing.<br \/>\nBy employing the latest technologies and high-quality materials, we ensure solutions that save time, reduce costs, and maximize performance. Our selection of optimal locations and resources ensures that every project is built on solid foundations. You can rely on our expertise in the realization of demanding energy projects.<\/p>\n<\/div><\/div><div class=\"w-separator size_medium\"><\/div><div class=\"wpb_text_column us_custom_b4198c51\" id=\"historie\"><div class=\"wpb_wrapper\"><h3>History<\/h3>\n<p><img loading=\"lazy\" decoding=\"async\" class=\"size-medium wp-image-13083 alignleft\" src=\"https:\/\/moehring-energie.com\/wp-content\/uploads\/2025\/06\/16466422256371-1-300x225.jpg\" alt=\"\" width=\"300\" height=\"225\" srcset=\"https:\/\/moehring-energie.com\/wp-content\/uploads\/2025\/06\/16466422256371-1-300x225.jpg 300w, https:\/\/moehring-energie.com\/wp-content\/uploads\/2025\/06\/16466422256371-1-533x400.jpg 533w, https:\/\/moehring-energie.com\/wp-content\/uploads\/2025\/06\/16466422256371-1.jpg 800w\" sizes=\"auto, (max-width: 300px) 100vw, 300px\" \/>M\u00f6hring Energie&#8217;s journey began 15 years ago when Sascha M\u00f6hring, following his degree in industrial engineering, set up the first solar plants on his doorstep after contributing to build wind and biogas plants around the world.<br \/>\nFrom the serene town of Busenwurth on the North Sea coast, M\u00f6hring EnergieServices expanded, developing solar parks and wind farms across northern Germany under the soon to be added M\u00f6hring Energie Holding umbrella company. By the early 2020s, the company extended its projects to Ukraine and, since 2021, M\u00f6hring Energie has also been active in Morocco through its subsidiaries M\u00f6hring Energie EPC and M\u00f6hring Energie Maroc. In Morocco, the focus lies on the construction of PtX plants for the production of green hydrogen and its (more transportable) derivatives. M\u00f6hring Energie also designs and builds the power-generating PV and wind plants, storage systems and water desalination plants for sufficient and sustainable water supply for the plants and the surrounding communities. All of this is achieved in close collaboration with our extensive network of technology and plant suppliers.<\/p>\n<\/div><\/div><\/div><\/div><\/div><div class=\"vc_col-sm-3 wpb_column vc_column_container has_text_color\"><div class=\"vc_column-inner us_custom_362735e4\"><div class=\"wpb_wrapper\"><div class=\"w-separator size_medium\"><\/div><div class=\"g-cols wpb_row via_flex valign_top type_default stacking_default\"><div class=\"vc_col-sm-12 wpb_column vc_column_container\"><div class=\"vc_column-inner\"><div class=\"wpb_wrapper\"><div class=\"w-flipbox animation_cardflip direction_s\"><div class=\"w-flipbox-h easing_ease\" style=\"transition-duration:0.5s;\"><div class=\"w-flipbox-hh\"><div class=\"w-flipbox-front us_custom_ebb6d7ce\" style=\"background:var(--color-content-text);color:var(--color-content-bg);background-image:url(https:\/\/moehring-energie.com\/wp-content\/uploads\/2025\/04\/ME_Holding_white_bg.png);\"><div class=\"w-flipbox-front-h\"><\/div><\/div><div class=\"w-flipbox-back us_custom_ebb6d7ce\" style=\"display:none;background:var(--color-content-faded);color:var(--color-content-bg);\"><div class=\"w-flipbox-back-h\"><div class=\"w-flipbox-back-desc\"><p>The administrative roof for the M\u00f6hring pillars<\/p>\n<\/div><a href=\"#\" class=\"w-btn us-btn-style_15\" style=\"font-size:0px\"><span class=\"w-btn-label\">.<\/span><\/a><\/div><\/div><\/div><\/div><\/div><div class=\"w-flipbox animation_cardflip direction_s\"><div class=\"w-flipbox-h easing_ease\" style=\"transition-duration:0.5s;\"><div class=\"w-flipbox-hh\"><div class=\"w-flipbox-front us_custom_307288e5\" style=\"background:var(--color-header-transparent-bg);color:var(--color-content-bg);background-image:url(https:\/\/moehring-energie.com\/wp-content\/uploads\/2025\/04\/ME_Service_dark_bg.png);\"><div class=\"w-flipbox-front-h\"><\/div><\/div><div class=\"w-flipbox-back us_custom_307288e5\" style=\"display:none;background:#f2ac13;color:var(--color-content-bg);\"><div class=\"w-flipbox-back-h\"><div class=\"w-flipbox-back-desc\"><p>Project development<br \/>\nEPC, O&amp;M, repowering<\/p>\n<\/div><a href=\"https:\/\/relaunchmegwebsi-p23av60p9g.live-website.com\/services\/\" class=\"w-btn us-btn-style_15\" style=\"font-size:12px\"><span class=\"w-btn-label\">More<\/span><\/a><\/div><\/div><\/div><\/div><\/div><div class=\"w-flipbox animation_cardflip direction_s\"><div class=\"w-flipbox-h easing_ease\" style=\"transition-duration:0.5s;\"><div class=\"w-flipbox-hh\"><div class=\"w-flipbox-front us_custom_307288e5\" style=\"background:var(--color-content-text);color:var(--color-content-bg);background-image:url(https:\/\/moehring-energie.com\/wp-content\/uploads\/2025\/04\/ME_Ukraine_light_bg.png);\"><div class=\"w-flipbox-front-h\"><\/div><\/div><div class=\"w-flipbox-back us_custom_307288e5\" style=\"display:none;background:#fad607;color:var(--color-content-bg);\"><div class=\"w-flipbox-back-h\"><div class=\"w-flipbox-back-desc\"><p>Solar Plants<br \/>\nfor Energy<br \/>\nResilience &amp;<br \/>\nDecentralization<\/p>\n<\/div><a href=\"https:\/\/relaunchmegwebsi-p23av60p9g.live-website.com\/projekte-ukraine\" class=\"w-btn us-btn-style_15\" style=\"font-size:12px\"><span class=\"w-btn-label\">More<\/span><\/a><\/div><\/div><\/div><\/div><\/div><div class=\"w-flipbox animation_cardflip direction_s\"><div class=\"w-flipbox-h easing_ease\" style=\"transition-duration:0.5s;\"><div class=\"w-flipbox-hh\"><div class=\"w-flipbox-front us_custom_307288e5\" style=\"background:var(--color-content-text);color:var(--color-content-bg);background-image:url(https:\/\/moehring-energie.com\/wp-content\/uploads\/2025\/04\/ME_PTX_light_bg.png);\"><div class=\"w-flipbox-front-h\"><\/div><\/div><div class=\"w-flipbox-back us_custom_307288e5\" style=\"display:none;background:#17d4d4;color:var(--color-content-bg);\"><div class=\"w-flipbox-back-h\"><div class=\"w-flipbox-back-desc\"><p>Large Scale<br \/>\nGreen Hydrogen &amp;<br \/>\nPtX-Projects in<br \/>\nBrasil, Morocco &amp; Mauretania<\/p>\n<\/div><a href=\"https:\/\/relaunchmegwebsi-p23av60p9g.live-website.com\/produkte\/\" class=\"w-btn us-btn-style_15\" style=\"font-size:12px\"><span class=\"w-btn-label\">More<\/span><\/a><\/div><\/div><\/div><\/div><\/div><div class=\"w-flipbox animation_cardflip direction_s\"><div class=\"w-flipbox-h easing_ease\" style=\"transition-duration:0.5s;\"><div class=\"w-flipbox-hh\"><div class=\"w-flipbox-front us_custom_307288e5\" style=\"background:var(--color-header-transparent-bg);color:var(--color-content-bg);background-image:url(https:\/\/moehring-energie.com\/wp-content\/uploads\/2025\/04\/ME_Maroc_light_bg.png);\"><div class=\"w-flipbox-front-h\"><\/div><\/div><div class=\"w-flipbox-back us_custom_307288e5\" style=\"display:none;background:var(--color-header-middle-text-hover);color:var(--color-content-bg);\"><div class=\"w-flipbox-back-h\"><div class=\"w-flipbox-back-desc\"><p>Renewable Energy &amp;<br \/>\nDesalination Plants for<br \/>\nPtX, Agriculture and<br \/>\nbeyond.<\/p>\n<\/div><a href=\"https:\/\/relaunchmegwebsi-p23av60p9g.live-website.com\/projekte-marokko\" class=\"w-btn us-btn-style_15\" style=\"font-size:14px\"><span class=\"w-btn-label\">More<\/span><\/a><\/div><\/div><\/div><\/div><\/div><div class=\"w-flipbox animation_cardflip direction_s\"><div class=\"w-flipbox-h easing_ease\" style=\"transition-duration:0.5s;\"><div class=\"w-flipbox-hh\"><div class=\"w-flipbox-front us_custom_307288e5\" style=\"background:var(--color-content-text);color:var(--color-content-bg);background-image:url(https:\/\/moehring-energie.com\/wp-content\/uploads\/2025\/04\/ME_EPC_light_bg.png);\"><div class=\"w-flipbox-front-h\"><\/div><\/div><div class=\"w-flipbox-back us_custom_307288e5\" style=\"display:none;background:#4587f7;color:var(--color-content-bg);\"><div class=\"w-flipbox-back-h\"><div class=\"w-flipbox-back-desc\"><p>Engineering,<br \/>\nProcurement &amp;<br \/>\nConstruction<br \/>\nServices<\/p>\n<\/div><a href=\"https:\/\/relaunchmegwebsi-p23av60p9g.live-website.com\/services\/\" class=\"w-btn us-btn-style_15\" style=\"font-size:12px\"><span class=\"w-btn-label\">More<\/span><\/a><\/div><\/div><\/div><\/div><\/div><div class=\"w-flipbox animation_cardflip direction_s\"><div class=\"w-flipbox-h easing_ease\" style=\"transition-duration:0.5s;\"><div class=\"w-flipbox-hh\"><div class=\"w-flipbox-front us_custom_ebb6d7ce\" style=\"background:var(--color-content-text);color:var(--color-content-bg);background-image:url(https:\/\/moehring-energie.com\/wp-content\/uploads\/2025\/04\/ME_3EA_light_bg-2-e1750167538367.jpg);\"><div class=\"w-flipbox-front-h\"><\/div><\/div><div class=\"w-flipbox-back us_custom_ebb6d7ce\" style=\"display:none;background:#e14750;color:var(--color-content-bg);\"><div class=\"w-flipbox-back-h\"><div class=\"w-flipbox-back-desc\"><p>M\u00f6hring's<br \/>\nAsian<br \/>\nProcurement<br \/>\nHub<\/p>\n<\/div><a href=\"#\" class=\"w-btn us-btn-style_15\" style=\"font-size:0px\"><span class=\"w-btn-label\">.<\/span><\/a><\/div><\/div><\/div><\/div><\/div><\/div><\/div><\/div><\/div><\/div><\/div><\/div><\/div><\/div><\/section>\n","protected":false},"excerpt":{"rendered":"The company M\u00f6hring Energie, your global partner for demanding energy projects M\u00f6hring Energie is a medium-sized, owner-managed group of companies with roots in northern Germany and a strong international outlook. For more than 15 years, we have been designing, building and operating renewable energy systems and storage solutions &#8211; as project developer, EPC partner, investor...","protected":false},"author":1,"featured_media":0,"parent":0,"menu_order":65,"comment_status":"closed","ping_status":"closed","template":"","meta":{"footnotes":""},"class_list":["post-12132","page","type-page","status-publish","hentry"],"_links":{"self":[{"href":"https:\/\/moehring-energie.com\/en\/wp-json\/wp\/v2\/pages\/12132","targetHints":{"allow":["GET"]}}],"collection":[{"href":"https:\/\/moehring-energie.com\/en\/wp-json\/wp\/v2\/pages"}],"about":[{"href":"https:\/\/moehring-energie.com\/en\/wp-json\/wp\/v2\/types\/page"}],"author":[{"embeddable":true,"href":"https:\/\/moehring-energie.com\/en\/wp-json\/wp\/v2\/users\/1"}],"replies":[{"embeddable":true,"href":"https:\/\/moehring-energie.com\/en\/wp-json\/wp\/v2\/comments?post=12132"}],"version-history":[{"count":37,"href":"https:\/\/moehring-energie.com\/en\/wp-json\/wp\/v2\/pages\/12132\/revisions"}],"predecessor-version":[{"id":14110,"href":"https:\/\/moehring-energie.com\/en\/wp-json\/wp\/v2\/pages\/12132\/revisions\/14110"}],"wp:attachment":[{"href":"https:\/\/moehring-energie.com\/en\/wp-json\/wp\/v2\/media?parent=12132"}],"curies":[{"name":"wp","href":"https:\/\/api.w.org\/{rel}","templated":true}]}}