{"id":11721,"date":"2025-05-22T17:59:53","date_gmt":"2025-05-22T15:59:53","guid":{"rendered":"https:\/\/moehring-energie.com\/hydrogene-vert-ptx\/"},"modified":"2025-09-25T13:45:23","modified_gmt":"2025-09-25T11:45:23","slug":"hydrogene-vert-ptx","status":"publish","type":"page","link":"https:\/\/moehring-energie.com\/fr\/hydrogene-vert-ptx\/","title":{"rendered":"Hydrog\u00e8ne vert &amp; PtX"},"content":{"rendered":"<section class=\"l-section wpb_row height_custom color_primary with_img\"><div class=\"l-section-img\" role=\"img\" data-img-width=\"2560\" data-img-height=\"1024\" style=\"background-image: url(https:\/\/moehring-energie.com\/wp-content\/uploads\/2025\/07\/AdobeStock_456719859-scaled-e1752223297225.jpeg);background-position: bottom center;background-repeat: no-repeat;\"><\/div><div class=\"l-section-overlay\" style=\"background:linear-gradient(360deg, rgba(6,99,3,0.07) 0%,rgba(1,20,11,0.2) 100%)\"><\/div><div class=\"l-section-h i-cf\"><div class=\"g-cols vc_row via_flex valign_top type_default stacking_default\"><div class=\"vc_col-sm-12 wpb_column vc_column_container\"><div class=\"vc_column-inner us_custom_8694f0b0\"><div class=\"wpb_wrapper\"><div class=\"w-separator size_medium\"><\/div><div class=\"wpb_text_column us_custom_60813065\"><div class=\"wpb_wrapper\"><h1>Hydrog\u00e8ne vert &amp; PtX<\/h1>\n<\/div><\/div><\/div><\/div><\/div><\/div><\/div><\/section><section class=\"l-section wpb_row height_auto width_full\"><div class=\"l-section-h i-cf\"><div class=\"g-cols vc_row via_flex valign_top type_boxes stacking_default\"><div class=\"vc_col-sm-6 wpb_column vc_column_container has_bg_color\"><div class=\"vc_column-inner us_custom_315b8835\"><div class=\"wpb_wrapper\"><div class=\"wpb_text_column\"><div class=\"wpb_wrapper\"><h2>Technologies cl\u00e9s pour la transition \u00e9nerg\u00e9tique<\/h2>\n<p><strong>L&rsquo;hydrog\u00e8ne vert est un vecteur d&rsquo;\u00e9nergie <\/strong>\u00e0 haute densit\u00e9 \u00e9nerg\u00e9tique, <strong>neutre pour le climat <\/strong>, et donc essentiel pour le stockage et l&rsquo;utilisation durables de l&rsquo;\u00e9lectricit\u00e9 produite \u00e0 partir de sources d&rsquo;\u00e9nergie renouvelables.<br \/>\nAujourd&rsquo;hui encore, les installations \u00e9oliennes et solaires doivent souvent \u00eatre arr\u00eat\u00e9es en cas de forte production d&rsquo;\u00e9lectricit\u00e9 d&rsquo;origine \u00e9olienne et solaire. Dans des pays comme le Maroc, o\u00f9 le vent et le soleil sont disponibles en abondance, l&rsquo;\u00e9norme potentiel \u00e9nerg\u00e9tique ne peut pas \u00eatre mis directement \u00e0 la disposition des pays industrialis\u00e9s. <\/p>\n<p><strong>La solution :<\/strong> l \u00ab \u00e9lectrolyse permet de convertir l \u00bb \u00e9lectricit\u00e9 exc\u00e9dentaire produite par des sources renouvelables en hydrog\u00e8ne sans CO\u2082 &#8211; une mol\u00e9cule stockable et transportable aux multiples applications.<\/p>\n<p>Cet hydrog\u00e8ne vert peut servir de vecteur d \u00ab \u00e9nergie ou remplacer directement les combustibles fossiles dans les industries \u00e0 forte consommation d \u00bb \u00e9nergie telles que l&rsquo;acier, le verre, le papier ou le ciment &#8211; sans \u00e9missions et avec une s\u00e9curit\u00e9 pour l&rsquo;avenir.<\/p>\n<p>En tant qu&rsquo;\u00e9l\u00e9ment le plus l\u00e9ger, l&rsquo;hydrog\u00e8ne peut \u00eatre transport\u00e9 efficacement par pipeline. Il peut \u00e9galement \u00eatre transform\u00e9 sur place en d\u00e9riv\u00e9s stockables et exportables, comme l&rsquo;ammoniac ou le m\u00e9thanol &#8211; un processus connu sous le nom de<strong> Power-to-X (PtX)<\/strong>, qui constitue la base d&rsquo;une industrie et d&rsquo;une mobilit\u00e9 sans fossiles.<\/p>\n<\/div><\/div><\/div><\/div><\/div><div class=\"vc_col-sm-6 wpb_column vc_column_container\"><div class=\"vc_column-inner us_custom_25db962f\"><div class=\"wpb_wrapper\"><div class=\"w-separator size_medium\"><\/div><div class=\"w-image align_none\"><div class=\"w-image-h\"><img decoding=\"async\" width=\"1024\" height=\"576\" src=\"https:\/\/moehring-energie.com\/wp-content\/uploads\/2025\/07\/AdobeStock_1000426386-1-1024x576.jpeg\" class=\"attachment-large size-large\" alt=\"\" loading=\"lazy\" srcset=\"https:\/\/moehring-energie.com\/wp-content\/uploads\/2025\/07\/AdobeStock_1000426386-1-1024x576.jpeg 1024w, https:\/\/moehring-energie.com\/wp-content\/uploads\/2025\/07\/AdobeStock_1000426386-1-300x169.jpeg 300w, https:\/\/moehring-energie.com\/wp-content\/uploads\/2025\/07\/AdobeStock_1000426386-1-1536x864.jpeg 1536w, https:\/\/moehring-energie.com\/wp-content\/uploads\/2025\/07\/AdobeStock_1000426386-1-600x338.jpeg 600w\" sizes=\"auto, (max-width: 1024px) 100vw, 1024px\" \/><\/div><\/div><\/div><\/div><\/div><\/div><\/div><\/section><section class=\"l-section wpb_row height_medium\"><div class=\"l-section-h i-cf\"><div class=\"g-cols vc_row via_flex valign_top type_default stacking_default\"><div class=\"vc_col-sm-12 wpb_column vc_column_container\"><div class=\"vc_column-inner\"><div class=\"wpb_wrapper\"><\/div><\/div><\/div><\/div><\/div><\/section>\n","protected":false},"excerpt":{"rendered":"Hydrog\u00e8ne vert &amp; PtX Technologies cl\u00e9s pour la transition \u00e9nerg\u00e9tique L&rsquo;hydrog\u00e8ne vert est un vecteur d&rsquo;\u00e9nergie \u00e0 haute densit\u00e9 \u00e9nerg\u00e9tique, neutre pour le climat , et donc essentiel pour le stockage et l&rsquo;utilisation durables de l&rsquo;\u00e9lectricit\u00e9 produite \u00e0 partir de sources d&rsquo;\u00e9nergie renouvelables. Aujourd&rsquo;hui encore, les installations \u00e9oliennes et solaires doivent souvent \u00eatre arr\u00eat\u00e9es en...","protected":false},"author":1,"featured_media":0,"parent":0,"menu_order":32,"comment_status":"closed","ping_status":"closed","template":"","meta":{"footnotes":""},"class_list":["post-11721","page","type-page","status-publish","hentry"],"_links":{"self":[{"href":"https:\/\/moehring-energie.com\/fr\/wp-json\/wp\/v2\/pages\/11721","targetHints":{"allow":["GET"]}}],"collection":[{"href":"https:\/\/moehring-energie.com\/fr\/wp-json\/wp\/v2\/pages"}],"about":[{"href":"https:\/\/moehring-energie.com\/fr\/wp-json\/wp\/v2\/types\/page"}],"author":[{"embeddable":true,"href":"https:\/\/moehring-energie.com\/fr\/wp-json\/wp\/v2\/users\/1"}],"replies":[{"embeddable":true,"href":"https:\/\/moehring-energie.com\/fr\/wp-json\/wp\/v2\/comments?post=11721"}],"version-history":[{"count":10,"href":"https:\/\/moehring-energie.com\/fr\/wp-json\/wp\/v2\/pages\/11721\/revisions"}],"predecessor-version":[{"id":13794,"href":"https:\/\/moehring-energie.com\/fr\/wp-json\/wp\/v2\/pages\/11721\/revisions\/13794"}],"wp:attachment":[{"href":"https:\/\/moehring-energie.com\/fr\/wp-json\/wp\/v2\/media?parent=11721"}],"curies":[{"name":"wp","href":"https:\/\/api.w.org\/{rel}","templated":true}]}}