{"id":11766,"date":"2025-05-23T20:41:25","date_gmt":"2025-05-23T18:41:25","guid":{"rendered":"https:\/\/moehring-energie.com\/projets-ukraine\/"},"modified":"2025-09-15T11:00:59","modified_gmt":"2025-09-15T09:00:59","slug":"projets-ukraine","status":"publish","type":"page","link":"https:\/\/moehring-energie.com\/fr\/projets-ukraine\/","title":{"rendered":"Projets Ukraine"},"content":{"rendered":"<section class=\"l-section wpb_row us_custom_315b8835 height_custom color_primary with_img\"><div class=\"l-section-img\" role=\"img\" data-img-width=\"2560\" data-img-height=\"1920\" style=\"background-image: url(https:\/\/moehring-energie.com\/wp-content\/uploads\/2025\/06\/IMG_4437-Trostyanets-scaled-e1750433558770.jpg);background-repeat: no-repeat;\"><\/div><div class=\"l-section-overlay\" style=\"background:rgba(10,10,10,0.0)\"><\/div><div class=\"l-section-h i-cf\"><div class=\"g-cols vc_row via_flex valign_middle type_boxes stacking_default\"><div class=\"vc_col-sm-12 wpb_column vc_column_container\"><div class=\"vc_column-inner us_custom_9422c7d4\"><div class=\"wpb_wrapper\"><div class=\"w-separator size_medium\"><\/div><div class=\"wpb_text_column us_custom_60813065\"><div class=\"wpb_wrapper\"><h1 class=\"thema-heading\">Projets Ukraine<\/h1>\n<\/div><\/div><\/div><\/div><\/div><\/div><\/div><\/section><section class=\"l-section wpb_row height_auto\"><div class=\"l-section-h i-cf\"><div class=\"g-cols vc_row via_flex valign_top type_default stacking_default\"><div class=\"vc_col-sm-12 wpb_column vc_column_container\"><div class=\"vc_column-inner\"><div class=\"wpb_wrapper\"><div class=\"g-cols wpb_row via_flex valign_top type_default stacking_default\"><div class=\"vc_col-sm-6 wpb_column vc_column_container\"><div class=\"vc_column-inner\"><div class=\"wpb_wrapper\"><div class=\"w-separator size_medium\"><\/div><div class=\"wpb_text_column\"><div class=\"wpb_wrapper\"><h4>Ukraine &#8211; Fiabilit\u00e9 et r\u00e9silience, m\u00eame dans des conditions difficiles<\/h4>\n<p>Pr\u00e9sente en Ukraine depuis 2020, M\u00f6hring Energie a d\u2019abord r\u00e9alis\u00e9 un projet pilote \u00e0 <strong data-start=\"234\" data-end=\"247\">Krolevets<\/strong>, qui a pos\u00e9 les bases solides de notre d\u00e9veloppement dans le pays.<\/p>\n<p>Cette premi\u00e8re exp\u00e9rience a directement nourri la planification et la mise en \u0153uvre de nos parcs solaires de <strong data-start=\"427\" data-end=\"441\">Trostyanet<\/strong> et de <strong data-start=\"448\" data-end=\"458\">Gudyar<\/strong>. Malgr\u00e9 un contexte particuli\u00e8rement exigeant, nous maintenons notre engagement: le parc de Gudyar devrait entrer en service d\u00e8s l\u2019\u00e9t\u00e9 2025. Cette pers\u00e9v\u00e9rance illustre notre <strong data-start=\"635\" data-end=\"648\">fiabilit\u00e9<\/strong> et notre <strong data-start=\"658\" data-end=\"672\">r\u00e9silience<\/strong>, m\u00eame dans des conditions extr\u00eames.<\/p>\n<p>Avec ces installations, nous renfor\u00e7ons l\u2019<strong data-start=\"754\" data-end=\"793\">approvisionnement \u00e9nerg\u00e9tique local<\/strong> et soutenons l\u2019<strong data-start=\"809\" data-end=\"831\">\u00e9conomie r\u00e9gionale<\/strong>, tout en cr\u00e9ant les conditions d\u2019une <strong data-start=\"869\" data-end=\"906\">s\u00e9curit\u00e9 d\u2019investissement durable<\/strong> sur le march\u00e9 \u00e9nerg\u00e9tique ukrainien.<\/p>\n<\/div><\/div><div class=\"wpb_text_column\"><div class=\"wpb_wrapper\"><\/div><\/div><div class=\"w-separator size_small\"><\/div><div class=\"w-btn-wrapper align_right\"><a class=\"w-btn us-btn-style_4\" href=\"https:\/\/moehring-energie.com\/fr\/references\/\"><span class=\"w-btn-label\">Pour plus de d\u00e9tails, consultez nos r\u00e9f\u00e9rences<\/span><\/a><\/div><\/div><\/div><\/div><div class=\"vc_col-sm-6 wpb_column vc_column_container\"><div class=\"vc_column-inner\"><div class=\"wpb_wrapper\"><div class=\"w-separator size_medium\"><\/div><div class=\"w-image align_none\"><div class=\"w-image-h\"><img decoding=\"async\" width=\"1000\" height=\"536\" src=\"https:\/\/moehring-energie.com\/wp-content\/uploads\/2025\/04\/ME_Ukraine_light_bg.png\" class=\"attachment-large size-large\" alt=\"\" loading=\"lazy\" srcset=\"https:\/\/moehring-energie.com\/wp-content\/uploads\/2025\/04\/ME_Ukraine_light_bg.png 1000w, https:\/\/moehring-energie.com\/wp-content\/uploads\/2025\/04\/ME_Ukraine_light_bg-300x161.png 300w\" sizes=\"auto, (max-width: 1000px) 100vw, 1000px\" \/><\/div><\/div><\/div><\/div><\/div><\/div><\/div><\/div><\/div><\/div><\/div><\/section><section class=\"l-section wpb_row us_custom_c70c97eb height_small\"><div class=\"l-section-h i-cf\"><div class=\"g-cols vc_row via_flex valign_top type_default stacking_default\"><div class=\"vc_col-sm-12 wpb_column vc_column_container has_bg_color\"><div class=\"vc_column-inner us_custom_61f8da77\"><div class=\"wpb_wrapper\"><div class=\"g-cols wpb_row via_flex valign_top type_default stacking_default\"><div class=\"vc_col-sm-3\/5 wpb_column vc_column_container\"><div class=\"vc_column-inner\"><div class=\"wpb_wrapper\"><h4 class=\"w-text\"><span class=\"w-text-h\"><span class=\"w-text-value\">Vous avez un toit, un terrain ou une surface disponible ? Transformez-le en \u00e9nergie solaire et participez activement \u00e0 la transition \u00e9nerg\u00e9tique de votre commune.<\/span><\/span><\/h4><\/div><\/div><\/div><div class=\"vc_col-sm-2\/5 wpb_column vc_column_container\"><div class=\"vc_column-inner\"><div class=\"wpb_wrapper\"><div class=\"wpb_text_column\"><div class=\"wpb_wrapper\"><p>Contactez notre \u00e9quipe de d\u00e9veloppement &#8211; nous \u00e9valuerons votre potentiel de mani\u00e8re professionnelle et en partenariat.<\/p>\n<\/div><\/div><div class=\"w-separator size_small\"><\/div><div class=\"w-btn-wrapper align_justify\"><a class=\"w-btn us-btn-style_1\" href=\"https:\/\/moehring-energie.com\/fr\/contactez-nous-2\/\"><span class=\"w-btn-label\">D\u00e9marrer<\/span><\/a><\/div><\/div><\/div><\/div><\/div><\/div><\/div><\/div><\/div><\/div><\/section>\n","protected":false},"excerpt":{"rendered":"Projets Ukraine Ukraine &#8211; Fiabilit\u00e9 et r\u00e9silience, m\u00eame dans des conditions difficiles Pr\u00e9sente en Ukraine depuis 2020, M\u00f6hring Energie a d\u2019abord r\u00e9alis\u00e9 un projet pilote \u00e0 Krolevets, qui a pos\u00e9 les bases solides de notre d\u00e9veloppement dans le pays. Cette premi\u00e8re exp\u00e9rience a directement nourri la planification et la mise en \u0153uvre de nos parcs...","protected":false},"author":1,"featured_media":0,"parent":0,"menu_order":46,"comment_status":"closed","ping_status":"closed","template":"","meta":{"footnotes":""},"class_list":["post-11766","page","type-page","status-publish","hentry"],"_links":{"self":[{"href":"https:\/\/moehring-energie.com\/fr\/wp-json\/wp\/v2\/pages\/11766","targetHints":{"allow":["GET"]}}],"collection":[{"href":"https:\/\/moehring-energie.com\/fr\/wp-json\/wp\/v2\/pages"}],"about":[{"href":"https:\/\/moehring-energie.com\/fr\/wp-json\/wp\/v2\/types\/page"}],"author":[{"embeddable":true,"href":"https:\/\/moehring-energie.com\/fr\/wp-json\/wp\/v2\/users\/1"}],"replies":[{"embeddable":true,"href":"https:\/\/moehring-energie.com\/fr\/wp-json\/wp\/v2\/comments?post=11766"}],"version-history":[{"count":9,"href":"https:\/\/moehring-energie.com\/fr\/wp-json\/wp\/v2\/pages\/11766\/revisions"}],"predecessor-version":[{"id":13757,"href":"https:\/\/moehring-energie.com\/fr\/wp-json\/wp\/v2\/pages\/11766\/revisions\/13757"}],"wp:attachment":[{"href":"https:\/\/moehring-energie.com\/fr\/wp-json\/wp\/v2\/media?parent=11766"}],"curies":[{"name":"wp","href":"https:\/\/api.w.org\/{rel}","templated":true}]}}