{"id":11775,"date":"2025-05-26T15:24:46","date_gmt":"2025-05-26T13:24:46","guid":{"rendered":"https:\/\/moehring-energie.com\/projets-au-maroc\/"},"modified":"2026-04-09T14:19:30","modified_gmt":"2026-04-09T12:19:30","slug":"projets-au-maroc","status":"publish","type":"page","link":"https:\/\/moehring-energie.com\/fr\/projets-au-maroc\/","title":{"rendered":"Maroc : projet NexTerra"},"content":{"rendered":"<section class=\"l-section wpb_row us_custom_315b8835 height_custom color_primary with_img\"><div class=\"l-section-img\" role=\"img\" data-img-width=\"2560\" data-img-height=\"1618\" style=\"background-image: url(https:\/\/moehring-energie.com\/wp-content\/uploads\/2025\/06\/AdobeStock_73911068-scaled.jpeg);background-repeat: no-repeat;\"><\/div><div class=\"l-section-overlay\" style=\"background:rgba(10,10,10,0.0)\"><\/div><div class=\"l-section-h i-cf\"><div class=\"g-cols vc_row via_flex valign_middle type_boxes stacking_default\"><div class=\"vc_col-sm-12 wpb_column vc_column_container\"><div class=\"vc_column-inner us_custom_9422c7d4\"><div class=\"wpb_wrapper\"><div class=\"w-separator size_medium\"><\/div><div class=\"wpb_text_column us_custom_60813065\"><div class=\"wpb_wrapper\"><h1 class=\"thema-heading\">Maroc : projet NexTerra<\/h1>\n<\/div><\/div><\/div><\/div><\/div><\/div><\/div><\/section><section class=\"l-section wpb_row height_auto\"><div class=\"l-section-h i-cf\"><div class=\"g-cols vc_row via_flex valign_top type_default stacking_default\"><div class=\"vc_col-sm-12 wpb_column vc_column_container\"><div class=\"vc_column-inner\"><div class=\"wpb_wrapper\"><div class=\"g-cols wpb_row via_flex valign_top type_default stacking_default\"><div class=\"vc_col-sm-6 wpb_column vc_column_container\"><div class=\"vc_column-inner\"><div class=\"wpb_wrapper\"><div class=\"w-separator size_medium\"><\/div><div class=\"wpb_text_column\"><div class=\"wpb_wrapper\"><h4>NexTerra &#8211; L&rsquo;hydrog\u00e8ne vert marocain pour l&rsquo;avenir de l&rsquo;Europe<\/h4>\n<p><strong>Lieu :<\/strong> Tarfaya, Sud du Maroc<br \/>\n<strong>Statut :<\/strong> en cours de d\u00e9veloppement (phase pr\u00e9paratoire \/ FEED)<br \/>\n<strong>Technologies :<\/strong> solaire, \u00e9olien, BESS, \u00e9lectrolyse, synth\u00e8se de l&rsquo;ammoniac, dessalement de l&rsquo;eau de mer<br \/>\n<strong>Produit final :<\/strong> ammoniac vert \/ hydrog\u00e8ne vert \/ eM\u00e9thanol pour l&rsquo;exportation vers l&rsquo;UE<\/p>\n<h6>Description du projet<\/h6>\n<p><strong>NexTerra<\/strong> est l&rsquo;un des projets Power-to-X les plus ambitieux d&rsquo;Afrique du Nord &#8211; d\u00e9velopp\u00e9 par M\u00f6hring Energie en partenariat strat\u00e9gique avec des acteurs locaux au Maroc. L&rsquo;objectif est de produire de grandes quantit\u00e9s<strong> d&rsquo;hydrog\u00e8ne vert et de d\u00e9riv\u00e9s verts<\/strong> pour l&rsquo;exportation vers les march\u00e9s europ\u00e9ens \u00e0 forte consommation d&rsquo;\u00e9nergie &#8211; afin de contribuer \u00e0 la d\u00e9carbonisation industrielle.<\/p>\n<\/div><\/div><div class=\"w-separator size_small\"><\/div><div class=\"wpb_text_column\"><div class=\"wpb_wrapper\"><p><b>La R\u00e9publique tch\u00e8que en bref (\u00e9tat de la planification)<\/b><\/p>\n<ul>\n<li><b>\u00b1~ 20 GW de capacit\u00e9 install\u00e9e en solaire et en \u00e9olien<\/b><\/li>\n<li><b>Syst\u00e8me d&rsquo;\u00e9lectrolyse modulaire multi-\u00e9tages pour l&rsquo;hydrog\u00e8ne vert avec une capacit\u00e9 finale de 10 GW<\/b><\/li>\n<li><b>Dessalement de l&rsquo;eau de mer<\/b> pour la production de H\u2082 &#8211; aliment\u00e9 \u00e0 100<span style=\"font-family: Arial, sans-serif;\">%<\/span> par des sources renouvelables<\/li>\n<li><b>Synth\u00e8se de l&rsquo;ammoniac et du m\u00e9thanol<\/b> pour la production d&rsquo;\u00e9nergie transportable<\/li>\n<li><b>Solutions de stockage modulaire extensible (BESS) pour la stabilisation du r\u00e9seau<\/b><\/li>\n<li><b>Infrastructure d&rsquo;exportation : <\/b>situation proche du port pour la desserte maritime<\/li>\n<\/ul>\n<p><b>Particularit\u00e9s<\/b><\/p>\n<ul>\n<li><b>Approche globale du syst\u00e8me :<\/b> production, stockage, conversion et exportation dans une approche de projet int\u00e9gr\u00e9e<\/li>\n<li><b>Ancrage local &#8211; r\u00e9seau international : <\/b>coop\u00e9ration \u00e9troite avec les autorit\u00e9s nationales, les communaut\u00e9s et les partenaires industriels<\/li>\n<li><b>\u00c9volutivit\u00e9 : <\/b>conception comme mod\u00e8le \u00e9volutif pour d&rsquo;autres hubs PtX en Afrique du Nord<\/li>\n<\/ul>\n<p><b>March\u00e9s cibles &amp; avantages<\/b><\/p>\n<ul>\n<li><b>L&rsquo;hydrog\u00e8ne et l&rsquo;ammoniac verts pour remplacer les combustibles fossiles <\/b>dans des secteurs comme l&rsquo;acier, la chimie et la marine<\/li>\n<li><b>Partenariat \u00e9nerg\u00e9tique avec l&rsquo;Europe : <\/b>contribuer \u00e0 la s\u00e9curit\u00e9 de l&rsquo;approvisionnement et au respect des objectifs climatiques europ\u00e9ens<\/li>\n<li><b>Structures PPA et offtake \u00e0 long terme en pr\u00e9paration<\/b><\/li>\n<\/ul>\n<p><b>R\u00f4le de M\u00f6hring Energie<\/b><\/p>\n<p>M\u00f6hring Energie est responsable du d\u00e9veloppement complet du projet chez NexTerra &#8211; du d\u00e9veloppement du site aux processus d&rsquo;autorisation, de la conception technique \u00e0 la structuration des investisseurs et des partenaires. La mise en \u0153uvre est r\u00e9alis\u00e9e avec le savoir-faire local par la filiale M\u00f6hring Energie Maroc.<\/p>\n<\/div><\/div><\/div><\/div><\/div><div class=\"vc_col-sm-6 wpb_column vc_column_container\"><div class=\"vc_column-inner\"><div class=\"wpb_wrapper\"><div class=\"w-image align_none\"><div class=\"w-image-h\"><img decoding=\"async\" width=\"1000\" height=\"536\" src=\"https:\/\/moehring-energie.com\/wp-content\/uploads\/2025\/04\/ME_Maroc_light_bg.png\" class=\"attachment-large size-large\" alt=\"\" loading=\"lazy\" srcset=\"https:\/\/moehring-energie.com\/wp-content\/uploads\/2025\/04\/ME_Maroc_light_bg.png 1000w, https:\/\/moehring-energie.com\/wp-content\/uploads\/2025\/04\/ME_Maroc_light_bg-300x161.png 300w\" sizes=\"auto, (max-width: 1000px) 100vw, 1000px\" \/><\/div><\/div><div class=\"w-video align_none ratio_9x16\"><div class=\"w-video-h\"><video  preload=\"metadata\" playsinline autoplay loop><source type=\"video\/mp4\" src=\"https:\/\/moehring-energie.com\/wp-content\/uploads\/2025\/04\/236181_Video-von-Matthias-Groeneveld-Pixabay.mp4\" \/><\/video><\/div><\/div><\/div><\/div><\/div><\/div><\/div><\/div><\/div><\/div><\/div><\/section><section class=\"l-section wpb_row us_custom_c70c97eb height_small\"><div class=\"l-section-h i-cf\"><div class=\"g-cols vc_row via_flex valign_top type_default stacking_default\"><div class=\"vc_col-sm-12 wpb_column vc_column_container has_bg_color\"><div class=\"vc_column-inner us_custom_61f8da77\"><div class=\"wpb_wrapper\"><div class=\"g-cols wpb_row via_flex valign_top type_default stacking_default\"><div class=\"vc_col-sm-3\/5 wpb_column vc_column_container\"><div class=\"vc_column-inner\"><div class=\"wpb_wrapper\"><h4 class=\"w-text\"><span class=\"w-text-h\"><span class=\"w-text-value\">Int\u00e9ress\u00e9 par un partenariat, un investissement ou un offtake ?<\/span><\/span><\/h4><\/div><\/div><\/div><div class=\"vc_col-sm-2\/5 wpb_column vc_column_container\"><div class=\"vc_column-inner\"><div class=\"wpb_wrapper\"><div class=\"wpb_text_column\"><div class=\"wpb_wrapper\"><p>Contactez notre \u00e9quipe de projet !<\/p>\n<\/div><\/div><div class=\"w-separator size_small\"><\/div><div class=\"w-btn-wrapper align_justify\"><a class=\"w-btn us-btn-style_1\" href=\"https:\/\/moehring-energie.com\/fr\/contactez-nous-2\/\"><span class=\"w-btn-label\">Contactez-nous !<\/span><\/a><\/div><\/div><\/div><\/div><\/div><\/div><\/div><\/div><\/div><\/div><\/section>\n","protected":false},"excerpt":{"rendered":"Maroc : projet NexTerra NexTerra &#8211; L&rsquo;hydrog\u00e8ne vert marocain pour l&rsquo;avenir de l&rsquo;Europe Lieu : Tarfaya, Sud du Maroc Statut : en cours de d\u00e9veloppement (phase pr\u00e9paratoire \/ FEED) Technologies : solaire, \u00e9olien, BESS, \u00e9lectrolyse, synth\u00e8se de l&rsquo;ammoniac, dessalement de l&rsquo;eau de mer Produit final : ammoniac vert \/ hydrog\u00e8ne vert \/ eM\u00e9thanol pour l&rsquo;exportation...","protected":false},"author":1,"featured_media":0,"parent":0,"menu_order":60,"comment_status":"closed","ping_status":"closed","template":"","meta":{"footnotes":""},"class_list":["post-11775","page","type-page","status-publish","hentry"],"_links":{"self":[{"href":"https:\/\/moehring-energie.com\/fr\/wp-json\/wp\/v2\/pages\/11775","targetHints":{"allow":["GET"]}}],"collection":[{"href":"https:\/\/moehring-energie.com\/fr\/wp-json\/wp\/v2\/pages"}],"about":[{"href":"https:\/\/moehring-energie.com\/fr\/wp-json\/wp\/v2\/types\/page"}],"author":[{"embeddable":true,"href":"https:\/\/moehring-energie.com\/fr\/wp-json\/wp\/v2\/users\/1"}],"replies":[{"embeddable":true,"href":"https:\/\/moehring-energie.com\/fr\/wp-json\/wp\/v2\/comments?post=11775"}],"version-history":[{"count":14,"href":"https:\/\/moehring-energie.com\/fr\/wp-json\/wp\/v2\/pages\/11775\/revisions"}],"predecessor-version":[{"id":14316,"href":"https:\/\/moehring-energie.com\/fr\/wp-json\/wp\/v2\/pages\/11775\/revisions\/14316"}],"wp:attachment":[{"href":"https:\/\/moehring-energie.com\/fr\/wp-json\/wp\/v2\/media?parent=11775"}],"curies":[{"name":"wp","href":"https:\/\/api.w.org\/{rel}","templated":true}]}}