{"id":11786,"date":"2025-06-04T12:31:57","date_gmt":"2025-06-04T10:31:57","guid":{"rendered":"https:\/\/moehring-energie.com\/?page_id=11786"},"modified":"2025-09-17T10:42:29","modified_gmt":"2025-09-17T08:42:29","slug":"references","status":"publish","type":"page","link":"https:\/\/moehring-energie.com\/fr\/references\/","title":{"rendered":"R\u00e9f\u00e9rences"},"content":{"rendered":"<section class=\"l-section wpb_row us_custom_315b8835 height_custom color_primary with_img\"><div class=\"l-section-img\" role=\"img\" data-img-width=\"800\" data-img-height=\"457\" style=\"background-image: url(https:\/\/moehring-energie.com\/wp-content\/uploads\/2025\/04\/78bd83d3636ebbda122a7dc7fb951292.jpg);background-repeat: no-repeat;\"><\/div><div class=\"l-section-overlay\" style=\"background:rgba(10,10,10,0.3)\"><\/div><div class=\"l-section-h i-cf\"><div class=\"g-cols vc_row via_flex valign_top type_default stacking_default\"><div class=\"vc_col-sm-12 wpb_column vc_column_container\"><div class=\"vc_column-inner us_custom_9422c7d4\"><div class=\"wpb_wrapper\"><div class=\"w-separator size_medium\"><\/div><div class=\"wpb_text_column us_custom_60813065\"><div class=\"wpb_wrapper\"><h1 class=\"thema-heading\">R\u00e9f\u00e9rences<\/h1>\n<\/div><\/div><\/div><\/div><\/div><\/div><\/div><\/section><section class=\"l-section wpb_row height_small\"><div class=\"l-section-h i-cf\"><div class=\"g-cols vc_row via_flex valign_top type_default stacking_default\"><div class=\"vc_col-sm-12 wpb_column vc_column_container\"><div class=\"vc_column-inner\"><div class=\"wpb_wrapper\"><div class=\"wpb_text_column\"><div class=\"wpb_wrapper\"><h3>Allemagne<\/h3>\n<\/div><\/div><\/div><\/div><\/div><\/div><\/div><\/section><section class=\"l-section wpb_row height_auto\"><div class=\"l-section-h i-cf\"><div class=\"g-cols vc_row via_flex valign_top type_default stacking_default\"><div class=\"vc_col-sm-12 wpb_column vc_column_container\"><div class=\"vc_column-inner\"><div class=\"wpb_wrapper\"><div class=\"w-tabs layout_hor style_default switch_hover has_scrolling\" style=\"--sections-title-size:1.2rem\"><div class=\"w-tabs-list items_4 align_justify\" style=\"font-family:var(--h1-font-family);text-transform:uppercase;\"><div class=\"w-tabs-list-h\"><button class=\"w-tabs-item active\" aria-controls=\"content-t2dd\" aria-expanded=\"false\"><span class=\"w-tabs-item-title\">Busenwurth<\/span><\/button><button class=\"w-tabs-item\" aria-controls=\"content-ic58\" aria-expanded=\"false\"><span class=\"w-tabs-item-title\">Bailli<\/span><\/button><button class=\"w-tabs-item\" aria-controls=\"content-k626\" aria-expanded=\"false\"><span class=\"w-tabs-item-title\">Eggebeck<\/span><\/button><button class=\"w-tabs-item\" aria-controls=\"content-j190\" aria-expanded=\"false\"><span class=\"w-tabs-item-title\">Jocksdorf<\/span><\/button><\/div><\/div><div class=\"w-tabs-sections titles-align_none icon_chevron cpos_right\"><div class=\"w-tabs-section active\" id=\"t2dd\"><button class=\"w-tabs-section-header active\" aria-controls=\"content-t2dd\" aria-expanded=\"true\"><div class=\"w-tabs-section-title\">Busenwurth<\/div><div class=\"w-tabs-section-control\"><\/div><\/button><div  class=\"w-tabs-section-content\" id=\"content-t2dd\"><div class=\"w-tabs-section-content-h i-cf\"><div class=\"g-cols wpb_row via_flex valign_top type_default stacking_default\"><div class=\"vc_col-sm-6 wpb_column vc_column_container\"><div class=\"vc_column-inner\"><div class=\"wpb_wrapper\"><div class=\"wpb_text_column\"><div class=\"wpb_wrapper\"><p>Notre tout premier projet majeur est \u00e0 notre porte et continue de g\u00e9n\u00e9rer de bons rendements pour la municipalit\u00e9 en tant qu\u2019exploitante du parc communautaire, ainsi que pour nous.<\/p>\n<p><b>Portrait<\/b><\/p>\n<p><strong>Nom du projet :<\/strong> Busenwurth<\/p>\n<p><strong>Lieu\/pays:<\/strong> S\u00fcderdithmarschen \/ Allemagne<\/p>\n<p><strong>Capacit\u00e9 en MW:<\/strong> 12,8 MW<\/p>\n<p><strong>Les r\u00f4les que nous jouons :<\/strong> D\u00e9veloppeur, EPC, Exploitation &amp; Maintenance (O+M)<\/p>\n<p><span lang=\"en-GB\"><strong>Date Financial Close:<\/strong> Octobre 2008<\/span><\/p>\n<p><span lang=\"en-GB\"><strong>Date de l&rsquo;op\u00e9ration commerciale :<\/strong> d\u00e9cembre 2010<\/span><\/p>\n<\/div><\/div><\/div><\/div><\/div><div class=\"vc_col-sm-6 wpb_column vc_column_container\"><div class=\"vc_column-inner\"><div class=\"wpb_wrapper\"><div class=\"w-image align_none\"><div class=\"w-image-h\"><img decoding=\"async\" width=\"900\" height=\"675\" src=\"https:\/\/moehring-energie.com\/wp-content\/uploads\/2025\/05\/Busenwuth-PV_Drohne.jpg\" class=\"attachment-full size-full\" alt=\"\" loading=\"lazy\" srcset=\"https:\/\/moehring-energie.com\/wp-content\/uploads\/2025\/05\/Busenwuth-PV_Drohne.jpg 900w, https:\/\/moehring-energie.com\/wp-content\/uploads\/2025\/05\/Busenwuth-PV_Drohne-300x225.jpg 300w, https:\/\/moehring-energie.com\/wp-content\/uploads\/2025\/05\/Busenwuth-PV_Drohne-533x400.jpg 533w\" sizes=\"auto, (max-width: 900px) 100vw, 900px\" \/><\/div><\/div><\/div><\/div><\/div><\/div><\/div><\/div><\/div><div class=\"w-tabs-section\" id=\"ic58\"><button class=\"w-tabs-section-header\" aria-controls=\"content-ic58\" aria-expanded=\"false\"><div class=\"w-tabs-section-title\">Bailli<\/div><div class=\"w-tabs-section-control\"><\/div><\/button><div  class=\"w-tabs-section-content\" id=\"content-ic58\"><div class=\"w-tabs-section-content-h i-cf\"><div class=\"g-cols wpb_row via_flex valign_top type_default stacking_default\"><div class=\"vc_col-sm-6 wpb_column vc_column_container\"><div class=\"vc_column-inner\"><div class=\"wpb_wrapper\"><div class=\"wpb_text_column\"><div class=\"wpb_wrapper\"><p><b>Portrait<\/b><\/p>\n<p><strong>Nom du projet :<\/strong> B\u00fcttel<\/p>\n<p><strong>Lieu\/pays: <\/strong>Brunsb\u00fcttel \/ Allemagne<\/p>\n<p><strong>Capacit\u00e9 en MW:<\/strong> 48,5 MW<\/p>\n<p><strong>Les r\u00f4les que nous jouons :<\/strong> D\u00e9veloppeur, EPC, Exploitation &amp; Maintenance (O&amp;M)<\/p>\n<p><span lang=\"en-GB\"><strong>Date Financial Close:<\/strong> Octobre 2011<\/span><\/p>\n<p><span lang=\"en-GB\"><strong>Date de l&rsquo;op\u00e9ration commerciale :<\/strong> Mars 2012<\/span><\/p>\n<\/div><\/div><\/div><\/div><\/div><div class=\"vc_col-sm-6 wpb_column vc_column_container\"><div class=\"vc_column-inner\"><div class=\"wpb_wrapper\"><div class=\"w-image align_none\"><div class=\"w-image-h\"><img decoding=\"async\" width=\"900\" height=\"675\" src=\"https:\/\/moehring-energie.com\/wp-content\/uploads\/2025\/05\/Wind_IMG_0872.jpg\" class=\"attachment-full size-full\" alt=\"\" loading=\"lazy\" srcset=\"https:\/\/moehring-energie.com\/wp-content\/uploads\/2025\/05\/Wind_IMG_0872.jpg 900w, https:\/\/moehring-energie.com\/wp-content\/uploads\/2025\/05\/Wind_IMG_0872-300x225.jpg 300w, https:\/\/moehring-energie.com\/wp-content\/uploads\/2025\/05\/Wind_IMG_0872-533x400.jpg 533w\" sizes=\"auto, (max-width: 900px) 100vw, 900px\" \/><\/div><\/div><\/div><\/div><\/div><\/div><\/div><\/div><\/div><div class=\"w-tabs-section\" id=\"k626\"><button class=\"w-tabs-section-header\" aria-controls=\"content-k626\" aria-expanded=\"false\"><div class=\"w-tabs-section-title\">Eggebeck<\/div><div class=\"w-tabs-section-control\"><\/div><\/button><div  class=\"w-tabs-section-content\" id=\"content-k626\"><div class=\"w-tabs-section-content-h i-cf\"><div class=\"g-cols wpb_row via_flex valign_top type_default stacking_default\"><div class=\"vc_col-sm-6 wpb_column vc_column_container\"><div class=\"vc_column-inner\"><div class=\"wpb_wrapper\"><div class=\"wpb_text_column\"><div class=\"wpb_wrapper\"><p><b>Portrait<\/b><\/p>\n<p><strong>Nom du projet :<\/strong> Eggebeck<\/p>\n<p><strong>Lieu\/pays:<\/strong> Eggebeck \/ Allemagne<\/p>\n<p><strong>Capacit\u00e9 en MW:<\/strong> 83 MW<\/p>\n<p><strong>Les r\u00f4les que nous jouons :<\/strong> D\u00e9veloppeur, EPC, Exploitation &amp; Maintenance (O&amp;M)<\/p>\n<p><span lang=\"en-GB\"><strong>Date Financial Close:<\/strong> Mai 2011<\/span><\/p>\n<p><span lang=\"en-GB\"><strong>Date de l&rsquo;op\u00e9ration commerciale :<\/strong> D\u00e9cembre 2011<\/span><\/p>\n<\/div><\/div><\/div><\/div><\/div><div class=\"vc_col-sm-6 wpb_column vc_column_container\"><div class=\"vc_column-inner\"><div class=\"wpb_wrapper\"><div class=\"w-image align_none\"><div class=\"w-image-h\"><img decoding=\"async\" width=\"1920\" height=\"1280\" src=\"https:\/\/moehring-energie.com\/wp-content\/uploads\/2025\/04\/karriere.avif\" class=\"attachment-full size-full\" alt=\"\" loading=\"lazy\" srcset=\"https:\/\/moehring-energie.com\/wp-content\/uploads\/2025\/04\/karriere.avif 1920w, https:\/\/moehring-energie.com\/wp-content\/uploads\/2025\/04\/karriere-300x200.avif 300w, https:\/\/moehring-energie.com\/wp-content\/uploads\/2025\/04\/karriere-1024x683.avif 1024w, https:\/\/moehring-energie.com\/wp-content\/uploads\/2025\/04\/karriere-1536x1024.avif 1536w, https:\/\/moehring-energie.com\/wp-content\/uploads\/2025\/04\/karriere-600x400.avif 600w\" sizes=\"auto, (max-width: 1920px) 100vw, 1920px\" \/><\/div><\/div><\/div><\/div><\/div><\/div><\/div><\/div><\/div><div class=\"w-tabs-section\" id=\"j190\"><button class=\"w-tabs-section-header\" aria-controls=\"content-j190\" aria-expanded=\"false\"><div class=\"w-tabs-section-title\">Jocksdorf<\/div><div class=\"w-tabs-section-control\"><\/div><\/button><div  class=\"w-tabs-section-content\" id=\"content-j190\"><div class=\"w-tabs-section-content-h i-cf\"><div class=\"g-cols wpb_row via_flex valign_top type_default stacking_default\"><div class=\"vc_col-sm-6 wpb_column vc_column_container\"><div class=\"vc_column-inner\"><div class=\"wpb_wrapper\"><div class=\"wpb_text_column\"><div class=\"wpb_wrapper\"><p><b>Portrait<\/b><\/p>\n<p><strong>Nom du projet :<\/strong> Jocksdorf<\/p>\n<p><strong>Lieu\/pays:<\/strong> Jocksdorf \/ Allemagne<\/p>\n<p><strong>Capacit\u00e9 en MW:<\/strong> 104 MW<\/p>\n<p><strong>Les r\u00f4les que nous jouons :<\/strong> D\u00e9veloppeur, EPC, Exploitation &amp; Maintenance (O&amp;M)<\/p>\n<p><span lang=\"en-GB\"><strong>Date de cl\u00f4ture financi\u00e8re:<\/strong> Janvier 2012<\/span><\/p>\n<p><span lang=\"en-GB\"><strong>Date de l&rsquo;op\u00e9ration commerciale :<\/strong> Ao\u00fbt 2012<\/span><\/p>\n<\/div><\/div><\/div><\/div><\/div><div class=\"vc_col-sm-6 wpb_column vc_column_container\"><div class=\"vc_column-inner\"><div class=\"wpb_wrapper\"><div class=\"w-video align_none ratio_16x9 with_overlay\" style=\"background-image:url(https:\/\/moehring-energie.com\/wp-content\/uploads\/2025\/05\/Jocksdorf.jpg);\" onclick=\"return {&quot;player_html&quot;:&quot;&lt;video  preload=\\&quot;none\\&quot; playsinline controls muted&gt;&lt;source type=\\&quot;video\\\/mp4\\&quot; src=\\&quot;https:\\\/\\\/moehring-energie.com\\\/wp-content\\\/uploads\\\/2025\\\/05\\\/Jocksdorf_Moehring.mp4\\&quot; \\\/&gt;&lt;\\\/video&gt;&quot;}\"><button class=\"w-video-play\" type=\"button\" aria-label=\"Lecture\"><span class=\"w-video-play-icon\" style=\"font-size:1.5rem;background:rgba(0,0,0,0.5);color:#fff\"><\/span><\/button><div class=\"w-video-h\"><video  preload=\"none\" playsinline controls muted><source type=\"video\/mp4\" src=\"https:\/\/moehring-energie.com\/wp-content\/uploads\/2025\/05\/Jocksdorf_Moehring.mp4\" \/><\/video><\/div><\/div><\/div><\/div><\/div><\/div><\/div><\/div><\/div><\/div><\/div><\/div><\/div><\/div><\/div><\/div><\/section><section class=\"l-section wpb_row height_small\"><div class=\"l-section-h i-cf\"><div class=\"g-cols vc_row via_flex valign_top type_default stacking_default\"><div class=\"vc_col-sm-12 wpb_column vc_column_container\"><div class=\"vc_column-inner\"><div class=\"wpb_wrapper\"><div class=\"wpb_text_column\"><div class=\"wpb_wrapper\"><h3>Ukraine<\/h3>\n<\/div><\/div><\/div><\/div><\/div><\/div><\/div><\/section><section class=\"l-section wpb_row height_auto\"><div class=\"l-section-h i-cf\"><div class=\"g-cols vc_row via_flex valign_top type_default stacking_default\"><div class=\"vc_col-sm-12 wpb_column vc_column_container\"><div class=\"vc_column-inner\"><div class=\"wpb_wrapper\"><div class=\"w-tabs layout_hor style_default switch_hover has_scrolling\" style=\"--sections-title-size:1.2rem\"><div class=\"w-tabs-list items_2 align_justify\" style=\"font-family:var(--h1-font-family);text-transform:uppercase;\"><div class=\"w-tabs-list-h\"><button class=\"w-tabs-item active\" aria-controls=\"content-i7b3\" aria-expanded=\"false\"><span class=\"w-tabs-item-title\">Gudya<\/span><\/button><button class=\"w-tabs-item\" aria-controls=\"content-g142\" aria-expanded=\"false\"><span class=\"w-tabs-item-title\">Krovalets<\/span><\/button><\/div><\/div><div class=\"w-tabs-sections titles-align_none icon_chevron cpos_right\"><div class=\"w-tabs-section active\" id=\"i7b3\"><button class=\"w-tabs-section-header active\" aria-controls=\"content-i7b3\" aria-expanded=\"true\"><div class=\"w-tabs-section-title\">Gudya<\/div><div class=\"w-tabs-section-control\"><\/div><\/button><div  class=\"w-tabs-section-content\" id=\"content-i7b3\"><div class=\"w-tabs-section-content-h i-cf\"><div class=\"g-cols wpb_row via_flex valign_top type_default stacking_default\"><div class=\"vc_col-sm-6 wpb_column vc_column_container\"><div class=\"vc_column-inner\"><div class=\"wpb_wrapper\"><div class=\"wpb_text_column\"><div class=\"wpb_wrapper\"><p align=\"justify\"><span lang=\"en-GB\"><b>Portrait<\/b><\/span><\/p>\n<p><strong>Nom du projet :<\/strong> Gudya<\/p>\n<p><strong>Lieu\/pays:<\/strong> Gudya \/ Ukraine<\/p>\n<p><strong>Capacit\u00e9 en MW:<\/strong> 12 MW<\/p>\n<p><span lang=\"en-GB\"><strong>Les r\u00f4les que nous jouons :<\/strong> D\u00e9veloppeur, EPC, Exploitation &amp; Maintenance (O&amp;M)<\/span><\/p>\n<p><span lang=\"en-GB\"><strong>Date de cl\u00f4ture financi\u00e8re:<\/strong> 2024<\/span><\/p>\n<p><span lang=\"en-GB\"><strong>Date de l&rsquo;op\u00e9ration commerciale :<\/strong> D\u00e9cembre 2010<\/span><\/p>\n<\/div><\/div><\/div><\/div><\/div><div class=\"vc_col-sm-6 wpb_column vc_column_container\"><div class=\"vc_column-inner\"><div class=\"wpb_wrapper\"><div class=\"w-image align_none\"><div class=\"w-image-h\"><img decoding=\"async\" width=\"900\" height=\"639\" src=\"https:\/\/moehring-energie.com\/wp-content\/uploads\/2025\/05\/solarpark-ukraine.jpg\" class=\"attachment-full size-full\" alt=\"\" loading=\"lazy\" srcset=\"https:\/\/moehring-energie.com\/wp-content\/uploads\/2025\/05\/solarpark-ukraine.jpg 900w, https:\/\/moehring-energie.com\/wp-content\/uploads\/2025\/05\/solarpark-ukraine-300x213.jpg 300w, https:\/\/moehring-energie.com\/wp-content\/uploads\/2025\/05\/solarpark-ukraine-563x400.jpg 563w\" sizes=\"auto, (max-width: 900px) 100vw, 900px\" \/><\/div><\/div><\/div><\/div><\/div><\/div><\/div><\/div><\/div><div class=\"w-tabs-section\" id=\"g142\"><button class=\"w-tabs-section-header\" aria-controls=\"content-g142\" aria-expanded=\"false\"><div class=\"w-tabs-section-title\">Krovalets<\/div><div class=\"w-tabs-section-control\"><\/div><\/button><div  class=\"w-tabs-section-content\" id=\"content-g142\"><div class=\"w-tabs-section-content-h i-cf\"><div class=\"g-cols wpb_row via_flex valign_top type_default stacking_default\"><div class=\"vc_col-sm-6 wpb_column vc_column_container\"><div class=\"vc_column-inner\"><div class=\"wpb_wrapper\"><div class=\"wpb_text_column\"><div class=\"wpb_wrapper\"><p><b>Portrait<\/b><\/p>\n<p><strong>Nom du projet :<\/strong> Krovalets<\/p>\n<p><strong>Lieu\/pays:<\/strong> Krovalets \/ Ukraine<\/p>\n<p><strong>Capacit\u00e9 en MW:<\/strong> 1 MW<\/p>\n<p><span lang=\"en-GB\"><strong>Les r\u00f4les que nous jouons :<\/strong> D\u00e9veloppeur, EPC, Exploitation &amp; Maintenance (O&amp;M)<\/span><\/p>\n<p><span lang=\"en-GB\"><strong>Date FID:<\/strong> 2021<\/span><\/p>\n<p><span lang=\"en-GB\"><strong>Date de l&rsquo;op\u00e9ration commerciale<\/strong> : En attente<\/span><\/p>\n<\/div><\/div><\/div><\/div><\/div><div class=\"vc_col-sm-6 wpb_column vc_column_container\"><div class=\"vc_column-inner\"><div class=\"wpb_wrapper\"><div class=\"w-image align_none\"><div class=\"w-image-h\"><img decoding=\"async\" width=\"1920\" height=\"960\" src=\"https:\/\/moehring-energie.com\/wp-content\/uploads\/2025\/05\/wind.jpg\" class=\"attachment-full size-full\" alt=\"\" loading=\"lazy\" srcset=\"https:\/\/moehring-energie.com\/wp-content\/uploads\/2025\/05\/wind.jpg 1920w, https:\/\/moehring-energie.com\/wp-content\/uploads\/2025\/05\/wind-300x150.jpg 300w, https:\/\/moehring-energie.com\/wp-content\/uploads\/2025\/05\/wind-1024x512.jpg 1024w, https:\/\/moehring-energie.com\/wp-content\/uploads\/2025\/05\/wind-1536x768.jpg 1536w, https:\/\/moehring-energie.com\/wp-content\/uploads\/2025\/05\/wind-600x300.jpg 600w\" sizes=\"auto, (max-width: 1920px) 100vw, 1920px\" \/><\/div><\/div><\/div><\/div><\/div><\/div><\/div><\/div><\/div><\/div><\/div><\/div><\/div><\/div><\/div><\/div><\/section><section class=\"l-section wpb_row height_custom\"><div class=\"l-section-h i-cf\"><div class=\"g-cols vc_row via_flex valign_top type_default stacking_default\"><div class=\"vc_col-sm-12 wpb_column vc_column_container\"><div class=\"vc_column-inner\"><div class=\"wpb_wrapper\"><\/div><\/div><\/div><\/div><\/div><\/section>\n","protected":false},"excerpt":{"rendered":"R\u00e9f\u00e9rences Allemagne BusenwurthBailliEggebeckJocksdorfBusenwurthNotre tout premier projet majeur est \u00e0 notre porte et continue de g\u00e9n\u00e9rer de bons rendements pour la municipalit\u00e9 en tant qu\u2019exploitante du parc communautaire, ainsi que pour nous. Portrait Nom du projet : Busenwurth Lieu\/pays: S\u00fcderdithmarschen \/ Allemagne Capacit\u00e9 en MW: 12,8 MW Les r\u00f4les que nous jouons : D\u00e9veloppeur, EPC, Exploitation...","protected":false},"author":1,"featured_media":0,"parent":0,"menu_order":61,"comment_status":"closed","ping_status":"closed","template":"","meta":{"footnotes":""},"class_list":["post-11786","page","type-page","status-publish","hentry"],"_links":{"self":[{"href":"https:\/\/moehring-energie.com\/fr\/wp-json\/wp\/v2\/pages\/11786","targetHints":{"allow":["GET"]}}],"collection":[{"href":"https:\/\/moehring-energie.com\/fr\/wp-json\/wp\/v2\/pages"}],"about":[{"href":"https:\/\/moehring-energie.com\/fr\/wp-json\/wp\/v2\/types\/page"}],"author":[{"embeddable":true,"href":"https:\/\/moehring-energie.com\/fr\/wp-json\/wp\/v2\/users\/1"}],"replies":[{"embeddable":true,"href":"https:\/\/moehring-energie.com\/fr\/wp-json\/wp\/v2\/comments?post=11786"}],"version-history":[{"count":10,"href":"https:\/\/moehring-energie.com\/fr\/wp-json\/wp\/v2\/pages\/11786\/revisions"}],"predecessor-version":[{"id":13766,"href":"https:\/\/moehring-energie.com\/fr\/wp-json\/wp\/v2\/pages\/11786\/revisions\/13766"}],"wp:attachment":[{"href":"https:\/\/moehring-energie.com\/fr\/wp-json\/wp\/v2\/media?parent=11786"}],"curies":[{"name":"wp","href":"https:\/\/api.w.org\/{rel}","templated":true}]}}