{"id":11809,"date":"2025-05-23T20:07:43","date_gmt":"2025-05-23T18:07:43","guid":{"rendered":"https:\/\/moehring-energie.com\/projets-allemagne\/"},"modified":"2025-09-15T10:55:39","modified_gmt":"2025-09-15T08:55:39","slug":"projets-allemagne","status":"publish","type":"page","link":"https:\/\/moehring-energie.com\/fr\/projets-allemagne\/","title":{"rendered":"Projets Allemagne"},"content":{"rendered":"<section class=\"l-section wpb_row us_custom_315b8835 height_custom color_primary with_img\"><div class=\"l-section-img\" role=\"img\" data-img-width=\"2560\" data-img-height=\"2197\" style=\"background-image: url(https:\/\/moehring-energie.com\/wp-content\/uploads\/2025\/06\/Brunsbuettel-03-scaled.jpg);background-repeat: no-repeat;\"><\/div><div class=\"l-section-overlay\" style=\"background:rgba(10,10,10,0.3)\"><\/div><div class=\"l-section-h i-cf\"><div class=\"g-cols vc_row via_flex valign_middle type_boxes stacking_default\"><div class=\"vc_col-sm-12 wpb_column vc_column_container\"><div class=\"vc_column-inner us_custom_9422c7d4\"><div class=\"wpb_wrapper\"><div class=\"w-separator size_medium\"><\/div><div class=\"wpb_text_column us_custom_60813065\"><div class=\"wpb_wrapper\"><h1 class=\"thema-heading\">Projets en Allemagne<\/h1>\n<\/div><\/div><\/div><\/div><\/div><\/div><\/div><\/section><section class=\"l-section wpb_row height_auto\"><div class=\"l-section-h i-cf\"><div class=\"g-cols vc_row via_flex valign_top type_default stacking_default\"><div class=\"vc_col-sm-12 wpb_column vc_column_container\"><div class=\"vc_column-inner\"><div class=\"wpb_wrapper\"><div class=\"g-cols wpb_row via_flex valign_top type_default stacking_default\"><div class=\"vc_col-sm-6 wpb_column vc_column_container\"><div class=\"vc_column-inner\"><div class=\"wpb_wrapper\"><div class=\"w-separator size_medium\"><\/div><div class=\"wpb_text_column\"><div class=\"wpb_wrapper\"><h2>Allemagne \u2013 Une transition \u00e9nerg\u00e9tique citoyenne et concr\u00e8te<\/h2>\n<p>Depuis 2009, M\u00f6hring Energie a d\u00e9velopp\u00e9 plus de <strong>23 parcs solaires et \u00e9oliens <\/strong>dans le nord et l&rsquo;est de l&rsquo;Allemagne, repr\u00e9sentant une <strong>puissance install\u00e9e totale de plus de 500 MW.<\/strong><br \/>\nPlusieurs de ces installations ont \u00e9t\u00e9 con\u00e7ues comme des <strong>parcs \u00e9nerg\u00e9tiques communautaires<\/strong>, \u00e9labor\u00e9s en \u00e9troite coop\u00e9ration avec les autorit\u00e9s locales et les habitants. Ce mod\u00e8le garantit une transition \u00e9nerg\u00e9tique <strong data-start=\"625\" data-end=\"656\">ancr\u00e9e dans les territoires<\/strong> et <strong data-start=\"660\" data-end=\"684\">socialement accept\u00e9e<\/strong>.<\/p>\n<p>De nouveaux projets photovolta\u00efques sont actuellement en cours de r\u00e9alisation.<\/p>\n<p>Notre pipeline pr\u00e9voit pr\u00e8s de <strong data-start=\"802\" data-end=\"844\">2 GW de capacit\u00e9 solaire d\u2019ici 2,5 ans<\/strong>. Pour la majorit\u00e9 de ces projets, nous intervenons en tant qu\u2019<strong data-start=\"907\" data-end=\"932\">op\u00e9rateur cl\u00e9 en main<\/strong>, couvrant l\u2019ensemble du processus: du d\u00e9veloppement du site et de l\u2019obtention des permis \u00e0 la construction (EPC) et aux services d\u2019exploitation et de maintenance (O&amp;M).<\/p>\n<\/div><\/div><div class=\"w-separator size_small\"><\/div><div class=\"w-btn-wrapper align_right\"><a class=\"w-btn us-btn-style_4\" href=\"https:\/\/relaunchmegwebsi-p23av60p9g.live-website.com\/referenzen\"><span class=\"w-btn-label\">D\u00e9couvrez nos projets et r\u00e9f\u00e9rences<\/span><\/a><\/div><\/div><\/div><\/div><div class=\"vc_col-sm-6 wpb_column vc_column_container\"><div class=\"vc_column-inner\"><div class=\"wpb_wrapper\"><div class=\"w-image align_none\"><div class=\"w-image-h\"><img decoding=\"async\" width=\"1000\" height=\"535\" src=\"https:\/\/moehring-energie.com\/wp-content\/uploads\/2025\/04\/ME_light_bg.jpg\" class=\"attachment-large size-large\" alt=\"\" loading=\"lazy\" srcset=\"https:\/\/moehring-energie.com\/wp-content\/uploads\/2025\/04\/ME_light_bg.jpg 1000w, https:\/\/moehring-energie.com\/wp-content\/uploads\/2025\/04\/ME_light_bg-300x161.jpg 300w\" sizes=\"auto, (max-width: 1000px) 100vw, 1000px\" \/><\/div><\/div><div class=\"w-image has_ratio align_center\"><div class=\"w-image-h\"><div style=\"padding-bottom:100%\"><\/div><img decoding=\"async\" width=\"1599\" height=\"896\" src=\"https:\/\/moehring-energie.com\/wp-content\/uploads\/2025\/05\/freiflaechen-home.jpg\" class=\"attachment-full size-full\" alt=\"\" loading=\"lazy\" \/><\/div><\/div><\/div><\/div><\/div><\/div><\/div><\/div><\/div><\/div><\/div><\/section><section class=\"l-section wpb_row us_custom_c70c97eb height_small\"><div class=\"l-section-h i-cf\"><div class=\"g-cols vc_row via_flex valign_top type_default stacking_default\"><div class=\"vc_col-sm-12 wpb_column vc_column_container has_bg_color\"><div class=\"vc_column-inner us_custom_61f8da77\"><div class=\"wpb_wrapper\"><div class=\"g-cols wpb_row via_flex valign_top type_default stacking_default\"><div class=\"vc_col-sm-3\/5 wpb_column vc_column_container\"><div class=\"vc_column-inner\"><div class=\"wpb_wrapper\"><h4 class=\"w-text\"><span class=\"w-text-h\"><span class=\"w-text-value\">Vous avez un toit, un terrain ou une surface disponible ? Transformez-le en \u00e9nergie solaire et participez activement \u00e0 la transition \u00e9nerg\u00e9tique de votre commune.<\/span><\/span><\/h4><\/div><\/div><\/div><div class=\"vc_col-sm-2\/5 wpb_column vc_column_container\"><div class=\"vc_column-inner\"><div class=\"wpb_wrapper\"><div class=\"wpb_text_column\"><div class=\"wpb_wrapper\"><p><strong>Contactez notre \u00e9quipe de d\u00e9veloppement<\/strong> et nous travaillerons avec vous pour \u00e9valuer votre potentiel.<\/p>\n<\/div><\/div><div class=\"w-separator size_small\"><\/div><div class=\"w-btn-wrapper align_justify\"><a class=\"w-btn us-btn-style_1\" href=\"https:\/\/moehring-energie.com\/fr\/contactez-nous-2\/\"><span class=\"w-btn-label\">D\u00e9marrer<\/span><\/a><\/div><\/div><\/div><\/div><\/div><\/div><\/div><\/div><\/div><\/div><\/section>\n","protected":false},"excerpt":{"rendered":"Projets en Allemagne Allemagne \u2013 Une transition \u00e9nerg\u00e9tique citoyenne et concr\u00e8te Depuis 2009, M\u00f6hring Energie a d\u00e9velopp\u00e9 plus de 23 parcs solaires et \u00e9oliens dans le nord et l&rsquo;est de l&rsquo;Allemagne, repr\u00e9sentant une puissance install\u00e9e totale de plus de 500 MW. Plusieurs de ces installations ont \u00e9t\u00e9 con\u00e7ues comme des parcs \u00e9nerg\u00e9tiques communautaires, \u00e9labor\u00e9s en...","protected":false},"author":1,"featured_media":0,"parent":0,"menu_order":41,"comment_status":"closed","ping_status":"closed","template":"","meta":{"footnotes":""},"class_list":["post-11809","page","type-page","status-publish","hentry"],"_links":{"self":[{"href":"https:\/\/moehring-energie.com\/fr\/wp-json\/wp\/v2\/pages\/11809","targetHints":{"allow":["GET"]}}],"collection":[{"href":"https:\/\/moehring-energie.com\/fr\/wp-json\/wp\/v2\/pages"}],"about":[{"href":"https:\/\/moehring-energie.com\/fr\/wp-json\/wp\/v2\/types\/page"}],"author":[{"embeddable":true,"href":"https:\/\/moehring-energie.com\/fr\/wp-json\/wp\/v2\/users\/1"}],"replies":[{"embeddable":true,"href":"https:\/\/moehring-energie.com\/fr\/wp-json\/wp\/v2\/comments?post=11809"}],"version-history":[{"count":25,"href":"https:\/\/moehring-energie.com\/fr\/wp-json\/wp\/v2\/pages\/11809\/revisions"}],"predecessor-version":[{"id":13755,"href":"https:\/\/moehring-energie.com\/fr\/wp-json\/wp\/v2\/pages\/11809\/revisions\/13755"}],"wp:attachment":[{"href":"https:\/\/moehring-energie.com\/fr\/wp-json\/wp\/v2\/media?parent=11809"}],"curies":[{"name":"wp","href":"https:\/\/api.w.org\/{rel}","templated":true}]}}