{"id":11839,"date":"2025-05-22T16:55:49","date_gmt":"2025-05-22T14:55:49","guid":{"rendered":"https:\/\/moehring-energie.com\/stockage\/"},"modified":"2026-01-05T12:03:58","modified_gmt":"2026-01-05T11:03:58","slug":"stockage","status":"publish","type":"page","link":"https:\/\/moehring-energie.com\/fr\/stockage\/","title":{"rendered":"Stockage"},"content":{"rendered":"<section class=\"l-section wpb_row height_custom color_primary with_img\"><div class=\"l-section-img\" role=\"img\" data-img-width=\"2560\" data-img-height=\"1705\" style=\"background-image: url(https:\/\/moehring-energie.com\/wp-content\/uploads\/2025\/06\/AdobeStock_691268270-scaled.jpeg);background-repeat: no-repeat;\"><\/div><div class=\"l-section-overlay\" style=\"background:linear-gradient(30deg, rgba(0,0,0,0.51) 0%,rgba(0,0,0,0.0) 40%)\"><\/div><div class=\"l-section-h i-cf\"><div class=\"g-cols vc_row via_flex valign_top type_default stacking_default\"><div class=\"vc_col-sm-12 wpb_column vc_column_container\"><div class=\"vc_column-inner us_custom_8694f0b0\"><div class=\"wpb_wrapper\"><div class=\"w-separator size_medium\"><\/div><div class=\"wpb_text_column us_custom_60813065\"><div class=\"wpb_wrapper\"><h1><strong>stockage<\/strong><\/h1>\n<\/div><\/div><\/div><\/div><\/div><\/div><\/div><\/section><section class=\"l-section wpb_row height_auto width_full\"><div class=\"l-section-h i-cf\"><div class=\"g-cols vc_row via_flex valign_top type_boxes stacking_default\"><div class=\"vc_col-sm-6 wpb_column vc_column_container has_bg_color\"><div class=\"vc_column-inner us_custom_315b8835\"><div class=\"wpb_wrapper\"><div class=\"wpb_text_column\"><div class=\"wpb_wrapper\"><h2>Stockage sur batterie &#8211; Stocker l&rsquo;\u00e9nergie, soulager les r\u00e9seaux<\/h2>\n<p><strong>Le stockage sur batterie augmente la rentabilit\u00e9<\/strong> de vos parcs photovolta\u00efques et \u00e9oliens et am\u00e9liore la stabilit\u00e9 du r\u00e9seau \u00e9lectrique. Nous int\u00e9grons des solutions de stockage haute performance dans vos installations \u2013 comme syst\u00e8mes tampons au service du r\u00e9seau ou comme solution compl\u00e9mentaire rentable.<\/p>\n<p>&#8211; Stabilit\u00e9 du r\u00e9seau \u00e9lectrique gr\u00e2ce au Peak Shaving &amp; Load Balancing;<\/p>\n<p>&#8211; Hybridation avec photovolta\u00efque, \u00e9olien &amp; Power-to-X (PtX);<\/p>\n<p>&#8211; Gestion flexible de la charge &amp; s\u00e9curit\u00e9 d&rsquo;approvisionnement.<\/p>\n<\/div><\/div><\/div><\/div><\/div><div class=\"vc_col-sm-6 wpb_column vc_column_container\"><div class=\"vc_column-inner us_custom_25db962f\"><div class=\"wpb_wrapper\"><div class=\"w-separator size_medium\"><\/div><div class=\"w-image has_ratio align_none\"><div class=\"w-image-h\"><div style=\"padding-bottom:100%\"><\/div><img decoding=\"async\" width=\"1024\" height=\"682\" src=\"https:\/\/moehring-energie.com\/wp-content\/uploads\/2025\/06\/AdobeStock_672391502-1-1024x682.jpeg\" class=\"attachment-large size-large\" alt=\"\" loading=\"lazy\" \/><\/div><\/div><\/div><\/div><\/div><\/div><\/div><\/section><section class=\"l-section wpb_row height_medium\"><div class=\"l-section-h i-cf\"><div class=\"g-cols vc_row via_flex valign_top type_default stacking_default\"><div class=\"vc_col-sm-12 wpb_column vc_column_container\"><div class=\"vc_column-inner\"><div class=\"wpb_wrapper\"><\/div><\/div><\/div><\/div><\/div><\/section>\n","protected":false},"excerpt":{"rendered":"stockage Stockage sur batterie &#8211; Stocker l&rsquo;\u00e9nergie, soulager les r\u00e9seaux Le stockage sur batterie augmente la rentabilit\u00e9 de vos parcs photovolta\u00efques et \u00e9oliens et am\u00e9liore la stabilit\u00e9 du r\u00e9seau \u00e9lectrique. Nous int\u00e9grons des solutions de stockage haute performance dans vos installations \u2013 comme syst\u00e8mes tampons au service du r\u00e9seau ou comme solution compl\u00e9mentaire rentable. &#8211;...","protected":false},"author":1,"featured_media":0,"parent":0,"menu_order":28,"comment_status":"closed","ping_status":"closed","template":"","meta":{"footnotes":""},"class_list":["post-11839","page","type-page","status-publish","hentry"],"_links":{"self":[{"href":"https:\/\/moehring-energie.com\/fr\/wp-json\/wp\/v2\/pages\/11839","targetHints":{"allow":["GET"]}}],"collection":[{"href":"https:\/\/moehring-energie.com\/fr\/wp-json\/wp\/v2\/pages"}],"about":[{"href":"https:\/\/moehring-energie.com\/fr\/wp-json\/wp\/v2\/types\/page"}],"author":[{"embeddable":true,"href":"https:\/\/moehring-energie.com\/fr\/wp-json\/wp\/v2\/users\/1"}],"replies":[{"embeddable":true,"href":"https:\/\/moehring-energie.com\/fr\/wp-json\/wp\/v2\/comments?post=11839"}],"version-history":[{"count":16,"href":"https:\/\/moehring-energie.com\/fr\/wp-json\/wp\/v2\/pages\/11839\/revisions"}],"predecessor-version":[{"id":14076,"href":"https:\/\/moehring-energie.com\/fr\/wp-json\/wp\/v2\/pages\/11839\/revisions\/14076"}],"wp:attachment":[{"href":"https:\/\/moehring-energie.com\/fr\/wp-json\/wp\/v2\/media?parent=11839"}],"curies":[{"name":"wp","href":"https:\/\/api.w.org\/{rel}","templated":true}]}}