{"id":11845,"date":"2025-04-23T15:35:14","date_gmt":"2025-04-23T13:35:14","guid":{"rendered":"https:\/\/moehring-energie.com\/salle-de-presse\/"},"modified":"2025-09-18T11:22:09","modified_gmt":"2025-09-18T09:22:09","slug":"salle-de-presse","status":"publish","type":"page","link":"https:\/\/moehring-energie.com\/fr\/salle-de-presse\/","title":{"rendered":"Actualit\u00e9s"},"content":{"rendered":"<section class=\"l-section wpb_row height_custom color_primary with_img\"><div class=\"l-section-img\" role=\"img\" data-img-width=\"800\" data-img-height=\"267\" style=\"background-image: url(https:\/\/moehring-energie.com\/wp-content\/uploads\/2025\/04\/projektentwicklung.webp);background-repeat: no-repeat;\"><\/div><div class=\"l-section-overlay\" style=\"background:rgba(10,10,10,0.3)\"><\/div><div class=\"l-section-h i-cf\"><div class=\"g-cols vc_row via_flex valign_top type_default stacking_default\"><div class=\"vc_col-sm-12 wpb_column vc_column_container\"><div class=\"vc_column-inner us_custom_8694f0b0\"><div class=\"wpb_wrapper\"><div class=\"wpb_text_column us_custom_60813065\"><div class=\"wpb_wrapper\"><h1>Actualit\u00e9s<\/h1>\n<\/div><\/div><div class=\"w-separator size_small\"><\/div><\/div><\/div><\/div><\/div><\/div><\/section><section class=\"l-section wpb_row height_small\"><div class=\"l-section-h i-cf\"><div class=\"g-cols vc_row via_flex valign_top type_default stacking_default\"><div class=\"vc_col-sm-12 wpb_column vc_column_container\"><div class=\"vc_column-inner\"><div class=\"wpb_wrapper\"><div class=\"wpb_text_column\"><div class=\"wpb_wrapper\"><h5>Suivez nos projets, innovations et actualit\u00e9s dans le domaine des \u00e9nergies renouvelables.<\/h5>\n<\/div><\/div><div class=\"w-separator size_small with_line width_default thick_1 style_solid color_border align_center\"><div class=\"w-separator-h\"><\/div><\/div><div class=\"w-grid type_grid layout_11332 cols_4 pagination_infinite overflow_hidden\" id=\"us_grid_1\" style=\"--columns:4;--gap:0.2rem;\" data-filterable=\"true\"><style>@media (max-width:1023px){#us_grid_1{--columns:1!important}}@media (max-width:1024px){#us_grid_1{--columns:2!important}}@media (max-width:600px){#us_grid_1{--columns:1!important}}.layout_11332 .w-grid-item-h{background:var(--color-content-bg);color:var(--color-content-text);border-radius:0.2rem;box-shadow:0 0.03rem 0.06rem rgba(0,0,0,0.1),0 0.1rem 0.3rem rgba(0,0,0,0.1);transition-duration:0.3s}.no-touch .layout_11332 .w-grid-item-h:hover{box-shadow:0 0.1rem 0.2rem rgba(0,0,0,0.1),0 0.33rem 1rem rgba(0,0,0,0.15);z-index:4}.layout_11332 .usg_post_title_1{transition-duration:0.3s;transform-origin:50% 50%;transform:scale(1) translate(0%,0%)}.layout_11332 .w-grid-item-h:focus-within .usg_post_title_1,.layout_11332 .w-grid-item-h:hover .usg_post_title_1{transform:scale(1) translate(0%,0%);opacity:1;color:var(--color-header-middle-text-hover)!important}.layout_11332 .usg_post_image_1{margin-bottom:-2rem!important}.layout_11332 .usg_post_title_1{font-size:1.4rem!important;font-weight:700!important}.layout_11332 .usg_vwrapper_1{margin-top:2rem!important;padding:9% 11% 11% 11%!important}.layout_11332 .usg_hwrapper_1{color:var(--color-content-faded)!important;font-size:0.9rem!important}@media (max-width:600px){.layout_11332 .usg_post_title_1{font-size:1.2rem!important}}<\/style><div class=\"w-grid-list\">\t<article class=\"w-grid-item size_1x1 post-14443 post type-post status-publish format-standard has-post-thumbnail hentry category-actualites\" data-id=\"14443\">\r\n\t\t<div class=\"w-grid-item-h\">\r\n\t\t\t\t\t\t<div class=\"w-post-elm post_image usg_post_image_1 stretched\"><a href=\"https:\/\/moehring-energie.com\/fr\/mauretanien-zu-gast\/\" aria-label=\"La Mauritanie invit\u00e9e \u00e0 Hambourg\"><img loading=\"lazy\" decoding=\"async\" width=\"640\" height=\"480\" src=\"https:\/\/moehring-energie.com\/wp-content\/uploads\/2026\/05\/IMG_6367.jpeg\" class=\"attachment-full size-full wp-post-image\" alt=\"\" srcset=\"https:\/\/moehring-energie.com\/wp-content\/uploads\/2026\/05\/IMG_6367.jpeg 640w, https:\/\/moehring-energie.com\/wp-content\/uploads\/2026\/05\/IMG_6367-300x225.jpeg 300w, https:\/\/moehring-energie.com\/wp-content\/uploads\/2026\/05\/IMG_6367-533x400.jpeg 533w\" sizes=\"auto, (max-width: 640px) 100vw, 640px\" \/><\/a><\/div><div class=\"w-vwrapper usg_vwrapper_1 align_none valign_top\"><h2 class=\"w-post-elm post_title usg_post_title_1 entry-title color_link_inherit\"><a href=\"https:\/\/moehring-energie.com\/fr\/mauretanien-zu-gast\/\">La Mauritanie invit\u00e9e \u00e0 Hambourg<\/a><\/h2><div class=\"w-hwrapper usg_hwrapper_1 has_text_color align_none valign_top wrap\"><time class=\"w-post-elm post_date usg_post_date_1 entry-date published\" datetime=\"2026-05-11T10:17:11+02:00\">11 mai 2026<\/time><\/div><div class=\"w-post-elm post_content usg_post_content_1\">La Mauritanie invit\u00e9e \u00e0 Hambourg L&rsquo;ambassadeur Dr Boubacar Kane et une d\u00e9l\u00e9gation d&rsquo;experts mauritaniens de haut niveau visitent M\u00f6hring Energie \u00e0 Hambourg En l&rsquo;espace de quelques heures, M\u00f6hring Energie a accueilli sur son site hambourgeois du\u2026<\/div><\/div>\t\t<\/div>\r\n\t\t\t<\/article>\r\n\t<article class=\"w-grid-item size_1x1 post-14387 post type-post status-publish format-standard has-post-thumbnail hentry category-actualites\" data-id=\"14387\">\r\n\t\t<div class=\"w-grid-item-h\">\r\n\t\t\t\t\t\t<div class=\"w-post-elm post_image usg_post_image_1 stretched\"><a href=\"https:\/\/moehring-energie.com\/fr\/en-visite-detat-au-maroc\/\" aria-label=\"En visite d&rsquo;\u00c9tat au Maroc\"><img loading=\"lazy\" decoding=\"async\" width=\"1280\" height=\"1127\" src=\"https:\/\/moehring-energie.com\/wp-content\/uploads\/2026\/05\/Delegation-AA-MinWadephul1.jpg\" class=\"attachment-full size-full wp-post-image\" alt=\"\" srcset=\"https:\/\/moehring-energie.com\/wp-content\/uploads\/2026\/05\/Delegation-AA-MinWadephul1.jpg 1280w, https:\/\/moehring-energie.com\/wp-content\/uploads\/2026\/05\/Delegation-AA-MinWadephul1-300x264.jpg 300w, https:\/\/moehring-energie.com\/wp-content\/uploads\/2026\/05\/Delegation-AA-MinWadephul1-1024x902.jpg 1024w, https:\/\/moehring-energie.com\/wp-content\/uploads\/2026\/05\/Delegation-AA-MinWadephul1-454x400.jpg 454w\" sizes=\"auto, (max-width: 1280px) 100vw, 1280px\" \/><\/a><\/div><div class=\"w-vwrapper usg_vwrapper_1 align_none valign_top\"><h2 class=\"w-post-elm post_title usg_post_title_1 entry-title color_link_inherit\"><a href=\"https:\/\/moehring-energie.com\/fr\/en-visite-detat-au-maroc\/\">En visite d&rsquo;\u00c9tat au Maroc<\/a><\/h2><div class=\"w-hwrapper usg_hwrapper_1 has_text_color align_none valign_top wrap\"><time class=\"w-post-elm post_date usg_post_date_1 entry-date published\" datetime=\"2026-05-04T16:35:01+02:00\">4 mai 2026<\/time><\/div><div class=\"w-post-elm post_content usg_post_content_1\">M\u00f6hring Energie fait partie de la d\u00e9l\u00e9gation \u00e9conomique du ministre des Affaires \u00e9trang\u00e8res Wadephul Busenwurth \/ Berlin \/ Rabat, 30 avril 2026 &#8211; Notre fondateur et directeur technique, Sascha M\u00f6hring, fait partie d&rsquo;une d\u00e9l\u00e9gation \u00e9conomique allemande\u2026<\/div><\/div>\t\t<\/div>\r\n\t\t\t<\/article>\r\n\t<article class=\"w-grid-item size_1x1 post-14153 post type-post status-publish format-standard has-post-thumbnail hentry category-actualites\" data-id=\"14153\">\r\n\t\t<div class=\"w-grid-item-h\">\r\n\t\t\t\t\t\t<div class=\"w-post-elm post_image usg_post_image_1 stretched\"><a href=\"https:\/\/moehring-energie.com\/fr\/e-world-2026-nous-y-participons\/\" aria-label=\"Hannover Messe 2026 &#8211; Green Hydrogen Value Network at Its Very Best (R\u00e9seau de valeur de l&rsquo;hydrog\u00e8ne vert \u00e0 son meilleur)\"><img loading=\"lazy\" decoding=\"async\" width=\"1013\" height=\"675\" src=\"https:\/\/moehring-energie.com\/wp-content\/uploads\/2026\/01\/20260422-HM26-Panel-quer-NRW-Event-e1777382248447.jpeg\" class=\"attachment-full size-full wp-post-image\" alt=\"\" srcset=\"https:\/\/moehring-energie.com\/wp-content\/uploads\/2026\/01\/20260422-HM26-Panel-quer-NRW-Event-e1777382248447.jpeg 1013w, https:\/\/moehring-energie.com\/wp-content\/uploads\/2026\/01\/20260422-HM26-Panel-quer-NRW-Event-e1777382248447-300x200.jpeg 300w, https:\/\/moehring-energie.com\/wp-content\/uploads\/2026\/01\/20260422-HM26-Panel-quer-NRW-Event-e1777382248447-600x400.jpeg 600w\" sizes=\"auto, (max-width: 1013px) 100vw, 1013px\" \/><\/a><\/div><div class=\"w-vwrapper usg_vwrapper_1 align_none valign_top\"><h2 class=\"w-post-elm post_title usg_post_title_1 entry-title color_link_inherit\"><a href=\"https:\/\/moehring-energie.com\/fr\/e-world-2026-nous-y-participons\/\">Hannover Messe 2026 &#8211; Green Hydrogen Value Network at Its Very Best (R\u00e9seau de valeur de l&rsquo;hydrog\u00e8ne vert \u00e0 son meilleur)<\/a><\/h2><div class=\"w-hwrapper usg_hwrapper_1 has_text_color align_none valign_top wrap\"><time class=\"w-post-elm post_date usg_post_date_1 entry-date published\" datetime=\"2026-04-27T10:35:02+02:00\">27 avril 2026<\/time><\/div><div class=\"w-post-elm post_content usg_post_content_1\">Foire de Hanovre 2026 &#8211; Le r\u00e9seau de valeur de l&rsquo;hydrog\u00e8ne vert \u00e0 son meilleur niveau Pour M\u00f6hring Energie, la Foire de Hanovre 2026 a \u00e9t\u00e9 plus qu&rsquo;une conf\u00e9rence. Elle a \u00e9t\u00e9 une confirmation : La\u2026<\/div><\/div>\t\t<\/div>\r\n\t\t\t<\/article>\r\n\t<article class=\"w-grid-item size_1x1 post-13979 post type-post status-publish format-standard has-post-thumbnail hentry category-actualites\" data-id=\"13979\">\r\n\t\t<div class=\"w-grid-item-h\">\r\n\t\t\t\t\t\t<div class=\"w-post-elm post_image usg_post_image_1 stretched\"><a href=\"https:\/\/moehring-energie.com\/fr\/mauretanien-und-moehring-energie-unterzeichnen-rahmenvertrag-fuer-nayrah-grossprojekt\/\" aria-label=\"Contrat-cadre sign\u00e9 avec la Mauritanie\"><img loading=\"lazy\" decoding=\"async\" width=\"1280\" height=\"960\" src=\"https:\/\/moehring-energie.com\/wp-content\/uploads\/2025\/11\/20251118_MRT-MEH-SigningCeremony1.jpeg\" class=\"attachment-full size-full wp-post-image\" alt=\"\" srcset=\"https:\/\/moehring-energie.com\/wp-content\/uploads\/2025\/11\/20251118_MRT-MEH-SigningCeremony1.jpeg 1280w, https:\/\/moehring-energie.com\/wp-content\/uploads\/2025\/11\/20251118_MRT-MEH-SigningCeremony1-300x225.jpeg 300w, https:\/\/moehring-energie.com\/wp-content\/uploads\/2025\/11\/20251118_MRT-MEH-SigningCeremony1-1024x768.jpeg 1024w, https:\/\/moehring-energie.com\/wp-content\/uploads\/2025\/11\/20251118_MRT-MEH-SigningCeremony1-533x400.jpeg 533w\" sizes=\"auto, (max-width: 1280px) 100vw, 1280px\" \/><\/a><\/div><div class=\"w-vwrapper usg_vwrapper_1 align_none valign_top\"><h2 class=\"w-post-elm post_title usg_post_title_1 entry-title color_link_inherit\"><a href=\"https:\/\/moehring-energie.com\/fr\/mauretanien-und-moehring-energie-unterzeichnen-rahmenvertrag-fuer-nayrah-grossprojekt\/\">Contrat-cadre sign\u00e9 avec la Mauritanie<\/a><\/h2><div class=\"w-hwrapper usg_hwrapper_1 has_text_color align_none valign_top wrap\"><time class=\"w-post-elm post_date usg_post_date_1 entry-date published\" datetime=\"2025-11-19T13:31:14+01:00\">19 novembre 2025<\/time><\/div><div class=\"w-post-elm post_content usg_post_content_1\">Nouakchott \/ Hambourg, 19 novembre 2025 &#8211; La Mauritanie et M\u00f6hring Energie Holding GmbH ont sign\u00e9 un accord-cadre strat\u00e9gique pour le d\u00e9veloppement d&rsquo;une usine industrielle \u00e0 grande \u00e9chelle pour la production d&rsquo;hydrog\u00e8ne vert et d&rsquo;ammoniac vert.\u2026<\/div><\/div>\t\t<\/div>\r\n\t\t\t<\/article>\r\n\t<article class=\"w-grid-item size_1x1 post-13278 post type-post status-publish format-standard has-post-thumbnail hentry category-actualites\" data-id=\"13278\">\r\n\t\t<div class=\"w-grid-item-h\">\r\n\t\t\t\t\t\t<div class=\"w-post-elm post_image usg_post_image_1 stretched\"><a href=\"https:\/\/moehring-energie.com\/fr\/worldptxsummit20251\/\" aria-label=\"World Power-to-X Summit 2025 &#8211; nous sommes de nouveau pr\u00e9sents !\"><img loading=\"lazy\" decoding=\"async\" width=\"1430\" height=\"956\" src=\"https:\/\/moehring-energie.com\/wp-content\/uploads\/2025\/06\/Dein-Abschnittstext-2.jpg\" class=\"attachment-full size-full wp-post-image\" alt=\"\" srcset=\"https:\/\/moehring-energie.com\/wp-content\/uploads\/2025\/06\/Dein-Abschnittstext-2.jpg 1430w, https:\/\/moehring-energie.com\/wp-content\/uploads\/2025\/06\/Dein-Abschnittstext-2-300x201.jpg 300w, https:\/\/moehring-energie.com\/wp-content\/uploads\/2025\/06\/Dein-Abschnittstext-2-1024x685.jpg 1024w, https:\/\/moehring-energie.com\/wp-content\/uploads\/2025\/06\/Dein-Abschnittstext-2-598x400.jpg 598w\" sizes=\"auto, (max-width: 1430px) 100vw, 1430px\" \/><\/a><\/div><div class=\"w-vwrapper usg_vwrapper_1 align_none valign_top\"><h2 class=\"w-post-elm post_title usg_post_title_1 entry-title color_link_inherit\"><a href=\"https:\/\/moehring-energie.com\/fr\/worldptxsummit20251\/\">World Power-to-X Summit 2025 &#8211; nous sommes de nouveau pr\u00e9sents !<\/a><\/h2><div class=\"w-hwrapper usg_hwrapper_1 has_text_color align_none valign_top wrap\"><time class=\"w-post-elm post_date usg_post_date_1 entry-date published\" datetime=\"2025-09-29T17:04:19+02:00\">29 septembre 2025<\/time><\/div><div class=\"w-post-elm post_content usg_post_content_1\">M\u00f6hring Energie participe cette ann\u00e9e encore au World Power-to-X Summit \u00e0 Marrakech. Vous nous trouverez les 1er et 2 octobre 2025 au Stand C7. Nous sommes impatients de rencontrer des entreprises et des innovateurs dans les\u2026<\/div><\/div>\t\t<\/div>\r\n\t\t\t<\/article>\r\n\t<article class=\"w-grid-item size_1x1 post-13877 post type-post status-publish format-standard has-post-thumbnail hentry category-actualites\" data-id=\"13877\">\r\n\t\t<div class=\"w-grid-item-h\">\r\n\t\t\t\t\t\t<div class=\"w-post-elm post_image usg_post_image_1 stretched\"><a href=\"https:\/\/moehring-energie.com\/fr\/mdb-mark-helfrich-zu-besuch\/\" aria-label=\"Visite du d\u00e9put\u00e9 Mark Helfrich\"><img loading=\"lazy\" decoding=\"async\" width=\"1920\" height=\"2560\" src=\"https:\/\/moehring-energie.com\/wp-content\/uploads\/2025\/06\/image5-scaled-e1750433054802.jpeg\" class=\"attachment-full size-full wp-post-image\" alt=\"\" \/><\/a><\/div><div class=\"w-vwrapper usg_vwrapper_1 align_none valign_top\"><h2 class=\"w-post-elm post_title usg_post_title_1 entry-title color_link_inherit\"><a href=\"https:\/\/moehring-energie.com\/fr\/mdb-mark-helfrich-zu-besuch\/\">Visite du d\u00e9put\u00e9 Mark Helfrich<\/a><\/h2><div class=\"w-hwrapper usg_hwrapper_1 has_text_color align_none valign_top wrap\"><time class=\"w-post-elm post_date usg_post_date_1 entry-date published\" datetime=\"2025-06-20T12:35:21+02:00\">20 juin 2025<\/time><\/div><div class=\"w-post-elm post_content usg_post_content_1\">Le d\u00e9put\u00e9 allemand Mark Helfrich rend visite \u00e0 M\u00f6hring Energie \u00e0 Busenwurth Le 18 juin 2025, Mark Helfrich, d\u00e9put\u00e9 CDU au Bundestag, a visit\u00e9 le si\u00e8ge du groupe M\u00f6hring Energie \u00e0 Busenwurth. L&rsquo;\u00e9change intensif a port\u00e9\u2026<\/div><\/div>\t\t<\/div>\r\n\t\t\t<\/article>\r\n\t<article class=\"w-grid-item size_1x1 post-11740 post type-post status-publish format-standard has-post-thumbnail hentry category-actualites\" data-id=\"11740\">\r\n\t\t<div class=\"w-grid-item-h\">\r\n\t\t\t\t\t\t<div class=\"w-post-elm post_image usg_post_image_1 stretched\"><a href=\"https:\/\/moehring-energie.com\/fr\/hub-hydrogene-de-hambourg\/\" aria-label=\"Hub hydrog\u00e8ne de Hambourg\"><img loading=\"lazy\" decoding=\"async\" width=\"2560\" height=\"1920\" src=\"https:\/\/moehring-energie.com\/wp-content\/uploads\/2025\/06\/Nikolaifleet-_Laeiszhof-Hamburg-Altstadt-scaled-e1750433831470.jpg\" class=\"attachment-full size-full wp-post-image\" alt=\"\" \/><\/a><\/div><div class=\"w-vwrapper usg_vwrapper_1 align_none valign_top\"><h2 class=\"w-post-elm post_title usg_post_title_1 entry-title color_link_inherit\"><a href=\"https:\/\/moehring-energie.com\/fr\/hub-hydrogene-de-hambourg\/\">Hub hydrog\u00e8ne de Hambourg<\/a><\/h2><div class=\"w-hwrapper usg_hwrapper_1 has_text_color align_none valign_top wrap\"><time class=\"w-post-elm post_date usg_post_date_1 entry-date published\" datetime=\"2025-06-05T10:03:20+02:00\">5 juin 2025<\/time><\/div><div class=\"w-post-elm post_content usg_post_content_1\">M\u00f6hring Energie au hub hydrog\u00e8ne de Hambourg : Nous emm\u00e9nageons dans nos nouveaux bureaux \u00e0 Hambourg : le v\u00e9n\u00e9rable Kontorhaus Trostbr\u00fccke 1dewr Laeisz-Reederei abrite d\u00e9sormais aussi nos bureaux \u00e0 Hambourg et devient ainsi de plus en\u2026<\/div><\/div>\t\t<\/div>\r\n\t\t\t<\/article>\r\n\t<article class=\"w-grid-item size_1x1 post-11728 post type-post status-publish format-standard has-post-thumbnail hentry category-actualites\" data-id=\"11728\">\r\n\t\t<div class=\"w-grid-item-h\">\r\n\t\t\t\t\t\t<div class=\"w-post-elm post_image usg_post_image_1 stretched\"><a href=\"https:\/\/moehring-energie.com\/fr\/extension-de-parcs-solaires-en-ukraine\/\" aria-label=\"Extension de parcs solaires en Ukraine\"><img loading=\"lazy\" decoding=\"async\" width=\"2560\" height=\"1920\" src=\"https:\/\/moehring-energie.com\/wp-content\/uploads\/2025\/06\/IMG_4437-Trostyanets-scaled-e1750433558770.jpg\" class=\"attachment-full size-full wp-post-image\" alt=\"\" \/><\/a><\/div><div class=\"w-vwrapper usg_vwrapper_1 align_none valign_top\"><h2 class=\"w-post-elm post_title usg_post_title_1 entry-title color_link_inherit\"><a href=\"https:\/\/moehring-energie.com\/fr\/extension-de-parcs-solaires-en-ukraine\/\">Extension de parcs solaires en Ukraine<\/a><\/h2><div class=\"w-hwrapper usg_hwrapper_1 has_text_color align_none valign_top wrap\"><time class=\"w-post-elm post_date usg_post_date_1 entry-date published\" datetime=\"2025-05-22T10:22:45+02:00\">22 mai 2025<\/time><\/div><div class=\"w-post-elm post_content usg_post_content_1\">C&rsquo;est la guerre en Ukraine et les installations \u00e9nerg\u00e9tiques sont la cible centrale des agresseurs russes. Les syst\u00e8mes d\u00e9centralis\u00e9s sont d&rsquo;importance syst\u00e9mique. \u00c0 partir de juin 2025, nous injecterons de l&rsquo;\u00e9lectricit\u00e9 provenant de notre parc solaire\u2026<\/div><\/div>\t\t<\/div>\r\n\t\t\t<\/article>\r\n\t<article class=\"w-grid-item size_1x1 post-11758 post type-post status-publish format-standard has-post-thumbnail hentry category-actualites\" data-id=\"11758\">\r\n\t\t<div class=\"w-grid-item-h\">\r\n\t\t\t\t\t\t<div class=\"w-post-elm post_image usg_post_image_1 stretched\"><a href=\"https:\/\/moehring-energie.com\/fr\/driving-nexterra\/\" aria-label=\"Driving NexTerra\"><img loading=\"lazy\" decoding=\"async\" width=\"900\" height=\"639\" src=\"https:\/\/moehring-energie.com\/wp-content\/uploads\/2025\/04\/news1.jpg\" class=\"attachment-full size-full wp-post-image\" alt=\"\" srcset=\"https:\/\/moehring-energie.com\/wp-content\/uploads\/2025\/04\/news1.jpg 900w, https:\/\/moehring-energie.com\/wp-content\/uploads\/2025\/04\/news1-300x213.jpg 300w, https:\/\/moehring-energie.com\/wp-content\/uploads\/2025\/04\/news1-563x400.jpg 563w\" sizes=\"auto, (max-width: 900px) 100vw, 900px\" \/><\/a><\/div><div class=\"w-vwrapper usg_vwrapper_1 align_none valign_top\"><h2 class=\"w-post-elm post_title usg_post_title_1 entry-title color_link_inherit\"><a href=\"https:\/\/moehring-energie.com\/fr\/driving-nexterra\/\">Driving NexTerra<\/a><\/h2><div class=\"w-hwrapper usg_hwrapper_1 has_text_color align_none valign_top wrap\"><time class=\"w-post-elm post_date usg_post_date_1 entry-date published\" datetime=\"2025-04-20T20:01:01+02:00\">20 avril 2025<\/time><\/div><div class=\"w-post-elm post_content usg_post_content_1\">The M\u00f6hring Energy Group est \u00e0 la t\u00eate de NexTerra, un projet phare d&rsquo;hydrog\u00e8ne vert \u00e0 Tarfaya, au Maroc, align\u00e9 avec le Royal Renewable Energy Startegy. Powered 100% by wind and solar energy, the project focuses\u2026<\/div><\/div>\t\t<\/div>\r\n\t\t\t<\/article>\r\n\t<article class=\"w-grid-item size_1x1 post-11754 post type-post status-publish format-standard has-post-thumbnail hentry category-actualites\" data-id=\"11754\">\r\n\t\t<div class=\"w-grid-item-h\">\r\n\t\t\t\t\t\t<div class=\"w-post-elm post_image usg_post_image_1 stretched\"><a href=\"https:\/\/moehring-energie.com\/fr\/jocksdorf-revamped\/\" aria-label=\"Jocksdorf Revamped\"><img loading=\"lazy\" decoding=\"async\" width=\"900\" height=\"639\" src=\"https:\/\/moehring-energie.com\/wp-content\/uploads\/2025\/05\/Jocksdorf.jpg\" class=\"attachment-full size-full wp-post-image\" alt=\"Solarpark Jocksdorf\" srcset=\"https:\/\/moehring-energie.com\/wp-content\/uploads\/2025\/05\/Jocksdorf.jpg 900w, https:\/\/moehring-energie.com\/wp-content\/uploads\/2025\/05\/Jocksdorf-300x213.jpg 300w, https:\/\/moehring-energie.com\/wp-content\/uploads\/2025\/05\/Jocksdorf-563x400.jpg 563w\" sizes=\"auto, (max-width: 900px) 100vw, 900px\" \/><\/a><\/div><div class=\"w-vwrapper usg_vwrapper_1 align_none valign_top\"><h2 class=\"w-post-elm post_title usg_post_title_1 entry-title color_link_inherit\"><a href=\"https:\/\/moehring-energie.com\/fr\/jocksdorf-revamped\/\">Jocksdorf Revamped<\/a><\/h2><div class=\"w-hwrapper usg_hwrapper_1 has_text_color align_none valign_top wrap\"><time class=\"w-post-elm post_date usg_post_date_1 entry-date published\" datetime=\"2025-03-22T10:05:05+01:00\">22 mars 2025<\/time><\/div><div class=\"w-post-elm post_content usg_post_content_1\">D\u00e8s 2012, nous avons raccord\u00e9 au r\u00e9seau le parc solaire de Jocksdorf, d&rsquo;une capacit\u00e9 de 29 MW, en tant que d\u00e9veloppeur de projet, EPC et op\u00e9rateur. Apr\u00e8s 12 ans, il \u00e9tait temps de proc\u00e9der \u00e0 une\u2026<\/div><\/div>\t\t<\/div>\r\n\t\t\t<\/article>\r\n\t<article class=\"w-grid-item size_1x1 post-11744 post type-post status-publish format-standard has-post-thumbnail hentry category-actualites\" data-id=\"11744\">\r\n\t\t<div class=\"w-grid-item-h\">\r\n\t\t\t\t\t\t<div class=\"w-post-elm post_image usg_post_image_1 stretched\"><a href=\"https:\/\/moehring-energie.com\/fr\/sommet-mondial-power-to-x\/\" aria-label=\"Sommet mondial Power-to-X\"><img loading=\"lazy\" decoding=\"async\" width=\"900\" height=\"639\" src=\"https:\/\/moehring-energie.com\/wp-content\/uploads\/2025\/04\/news2.jpg\" class=\"attachment-full size-full wp-post-image\" alt=\"\" srcset=\"https:\/\/moehring-energie.com\/wp-content\/uploads\/2025\/04\/news2.jpg 900w, https:\/\/moehring-energie.com\/wp-content\/uploads\/2025\/04\/news2-300x213.jpg 300w, https:\/\/moehring-energie.com\/wp-content\/uploads\/2025\/04\/news2-563x400.jpg 563w\" sizes=\"auto, (max-width: 900px) 100vw, 900px\" \/><\/a><\/div><div class=\"w-vwrapper usg_vwrapper_1 align_none valign_top\"><h2 class=\"w-post-elm post_title usg_post_title_1 entry-title color_link_inherit\"><a href=\"https:\/\/moehring-energie.com\/fr\/sommet-mondial-power-to-x\/\">Sommet mondial Power-to-X<\/a><\/h2><div class=\"w-hwrapper usg_hwrapper_1 has_text_color align_none valign_top wrap\"><time class=\"w-post-elm post_date usg_post_date_1 entry-date published\" datetime=\"2024-10-10T12:40:20+02:00\">10 octobre 2024<\/time><\/div><div class=\"w-post-elm post_content usg_post_content_1\">M\u00d6HRING ENERGIE HOLDING (Sascha M\u00f6hring &amp; Jan-Christoph Block) et IRESEN (Samir RACHIDI) ont sign\u00e9 un Memorandum of Understanding (MOU) pendant le World Power-to-X Summit afin de renforcer la coop\u00e9ration dans la recherche sur les \u00e9nergies renouvelables.\u2026<\/div><\/div>\t\t<\/div>\r\n\t\t\t<\/article>\r\n<\/div><div class=\"w-grid-preloader\">\t<div class=\"g-preloader type_1\">\r\n\t\t<div><\/div>\r\n\t<\/div>\r\n\t<\/div>\t<div class=\"w-grid-json hidden\" onclick='return {&quot;action&quot;:&quot;us_ajax_grid&quot;,&quot;infinite_scroll&quot;:0,&quot;max_num_pages&quot;:1,&quot;pagination&quot;:&quot;infinite&quot;,&quot;template_vars&quot;:{&quot;columns&quot;:&quot;4&quot;,&quot;exclude_items&quot;:&quot;none&quot;,&quot;img_size&quot;:&quot;full&quot;,&quot;ignore_items_size&quot;:0,&quot;items_layout&quot;:&quot;11332&quot;,&quot;items_offset&quot;:&quot;1&quot;,&quot;load_animation&quot;:&quot;none&quot;,&quot;overriding_link&quot;:&quot;%7B%22url%22%3A%22%22%7D&quot;,&quot;post_id&quot;:0,&quot;query_args&quot;:{&quot;post_type&quot;:[&quot;post&quot;],&quot;tax_query&quot;:[{&quot;taxonomy&quot;:&quot;category&quot;,&quot;field&quot;:&quot;slug&quot;,&quot;terms&quot;:[&quot;actualit\\u00e9s&quot;]}],&quot;post_status&quot;:[&quot;publish&quot;],&quot;posts_per_page&quot;:&quot;20&quot;},&quot;orderby_query_args&quot;:{&quot;orderby&quot;:{&quot;date&quot;:&quot;DESC&quot;}},&quot;type&quot;:&quot;grid&quot;,&quot;us_grid_post_type&quot;:&quot;post&quot;,&quot;us_grid_ajax_index&quot;:1,&quot;us_grid_filter_query_string&quot;:null,&quot;us_grid_index&quot;:1,&quot;page_args&quot;:[],&quot;lang&quot;:&quot;fr&quot;}}'><\/div>\r\n\t<\/div><\/div><\/div><\/div><\/div><\/div><\/section><section class=\"l-section wpb_row height_medium\"><div class=\"l-section-h i-cf\"><div class=\"g-cols vc_row via_flex valign_top type_default stacking_default\"><div class=\"vc_col-sm-12 wpb_column vc_column_container\"><div class=\"vc_column-inner\"><div class=\"wpb_wrapper\"><\/div><\/div><\/div><\/div><\/div><\/section>\n","protected":false},"excerpt":{"rendered":"M\u00d6HRING ENERGIE HOLDING (Sascha M\u00f6hring &amp; Jan-Christoph Block) et IRESEN (Samir RACHIDI) ont sign\u00e9 un Memorandum of Understanding (MOU) pendant le World Power-to-X Summit afin de renforcer la coop\u00e9ration dans la recherche sur les \u00e9nergies renouvelables. Le protocole d'accord se concentre sur des projets dans les domaines de l'hydrog\u00e8ne vert, de la production d'ammoniac et...","protected":false},"author":1,"featured_media":0,"parent":0,"menu_order":77,"comment_status":"closed","ping_status":"closed","template":"","meta":{"footnotes":""},"class_list":["post-11845","page","type-page","status-publish","hentry"],"_links":{"self":[{"href":"https:\/\/moehring-energie.com\/fr\/wp-json\/wp\/v2\/pages\/11845","targetHints":{"allow":["GET"]}}],"collection":[{"href":"https:\/\/moehring-energie.com\/fr\/wp-json\/wp\/v2\/pages"}],"about":[{"href":"https:\/\/moehring-energie.com\/fr\/wp-json\/wp\/v2\/types\/page"}],"author":[{"embeddable":true,"href":"https:\/\/moehring-energie.com\/fr\/wp-json\/wp\/v2\/users\/1"}],"replies":[{"embeddable":true,"href":"https:\/\/moehring-energie.com\/fr\/wp-json\/wp\/v2\/comments?post=11845"}],"version-history":[{"count":9,"href":"https:\/\/moehring-energie.com\/fr\/wp-json\/wp\/v2\/pages\/11845\/revisions"}],"predecessor-version":[{"id":13785,"href":"https:\/\/moehring-energie.com\/fr\/wp-json\/wp\/v2\/pages\/11845\/revisions\/13785"}],"wp:attachment":[{"href":"https:\/\/moehring-energie.com\/fr\/wp-json\/wp\/v2\/media?parent=11845"}],"curies":[{"name":"wp","href":"https:\/\/api.w.org\/{rel}","templated":true}]}}