{"id":11848,"date":"2025-05-23T12:33:25","date_gmt":"2025-05-23T10:33:25","guid":{"rendered":"https:\/\/moehring-energie.com\/desalinisation\/"},"modified":"2025-09-03T17:18:11","modified_gmt":"2025-09-03T15:18:11","slug":"desalinisation","status":"publish","type":"page","link":"https:\/\/moehring-energie.com\/fr\/desalinisation\/","title":{"rendered":"D\u00e9salinisation"},"content":{"rendered":"<section class=\"l-section wpb_row height_custom color_primary with_img\"><div class=\"l-section-img\" role=\"img\" data-img-width=\"2560\" data-img-height=\"1709\" style=\"background-image: url(https:\/\/moehring-energie.com\/wp-content\/uploads\/2025\/06\/AdobeStock_446278434-scaled.jpeg);background-repeat: no-repeat;\"><\/div><div class=\"l-section-overlay\" style=\"background:rgba(10,10,10,0.3)\"><\/div><div class=\"l-section-h i-cf\"><div class=\"g-cols vc_row via_flex valign_top type_default stacking_default\"><div class=\"vc_col-sm-12 wpb_column vc_column_container\"><div class=\"vc_column-inner us_custom_8694f0b0\"><div class=\"wpb_wrapper\"><div class=\"w-separator size_medium\"><\/div><div class=\"wpb_text_column us_custom_60813065\"><div class=\"wpb_wrapper\"><h1>D\u00e9salinisation<\/h1>\n<\/div><\/div><\/div><\/div><\/div><\/div><\/div><\/section><section class=\"l-section wpb_row height_auto width_full\"><div class=\"l-section-h i-cf\"><div class=\"g-cols vc_row via_flex valign_top type_boxes stacking_default\"><div class=\"vc_col-sm-6 wpb_column vc_column_container has_bg_color\"><div class=\"vc_column-inner us_custom_315b8835\"><div class=\"wpb_wrapper\"><div class=\"wpb_text_column\"><div class=\"wpb_wrapper\"><h2>Dessalement de l&rsquo;eau de mer : <strong>L\u2019eau pure au service des mol\u00e9cules vertes<\/strong><\/h2>\n<p><strong><span>Dessalement : l&rsquo;eau pure, source d&rsquo;hydrog\u00e8ne vert<\/span>. <\/strong>Dans les r\u00e9gions ensoleill\u00e9es mais arides comme l\u2019Afrique du Nord, produire de l\u2019hydrog\u00e8ne vert n\u00e9cessite une solution innovante : le dessalement de l\u2019eau de mer par osmose inverse (RO). Cette technologie garantit une eau ultra-pure, essentielle \u00e0 l\u2019\u00e9lectrolyse, tout en s\u2019int\u00e9grant parfaitement aux projets PtX c\u00f4tiers aliment\u00e9s par l\u2019\u00e9nergie solaire ou \u00e9olienne<strong><span>.<\/span><\/strong><\/p>\n<ul>\n<li>Dessalement de l&rsquo;eau de mer (technologie RO) pour les processus d&rsquo;\u00e9lectrolyse<\/li>\n<li>Int\u00e9gration dans des projets PtX pour une production d&rsquo;hydrog\u00e8ne &amp; un refroidissement autonomes<\/li>\n<li>Optimisation des cycles (par ex. chaleur perdue &amp; sous-produits)<\/li>\n<\/ul>\n<p><strong><a href=\"https:\/\/moehring-energie.com\/fr\/projets-au-maroc\/\">Voir la r\u00e9f\u00e9rence : Projet NexTerra, Maroc \u2192 <\/a><\/strong><\/p>\n<\/div><\/div><\/div><\/div><\/div><div class=\"vc_col-sm-6 wpb_column vc_column_container\"><div class=\"vc_column-inner us_custom_25db962f\"><div class=\"wpb_wrapper\"><div class=\"w-separator size_medium\"><\/div><div class=\"w-image has_ratio align_none\"><div class=\"w-image-h\"><div style=\"padding-bottom:133.3333%\"><\/div><img decoding=\"async\" width=\"2486\" height=\"2486\" src=\"https:\/\/moehring-energie.com\/wp-content\/uploads\/2025\/07\/AdobeStock_51566305-Salz-Quadrat-e1752221260727.jpeg\" class=\"attachment-full size-full\" alt=\"\" loading=\"lazy\" \/><\/div><\/div><\/div><\/div><\/div><\/div><\/div><\/section><section class=\"l-section wpb_row height_small\"><div class=\"l-section-h i-cf\"><div class=\"g-cols vc_row via_flex valign_top type_default stacking_default\"><div class=\"vc_col-sm-12 wpb_column vc_column_container\"><div class=\"vc_column-inner\"><div class=\"wpb_wrapper\"><\/div><\/div><\/div><\/div><\/div><\/section>\n","protected":false},"excerpt":{"rendered":"D\u00e9salinisation Dessalement de l&rsquo;eau de mer : L\u2019eau pure au service des mol\u00e9cules vertes Dessalement : l&rsquo;eau pure, source d&rsquo;hydrog\u00e8ne vert. Dans les r\u00e9gions ensoleill\u00e9es mais arides comme l\u2019Afrique du Nord, produire de l\u2019hydrog\u00e8ne vert n\u00e9cessite une solution innovante : le dessalement de l\u2019eau de mer par osmose inverse (RO). Cette technologie garantit une eau...","protected":false},"author":1,"featured_media":0,"parent":0,"menu_order":37,"comment_status":"closed","ping_status":"closed","template":"","meta":{"footnotes":""},"class_list":["post-11848","page","type-page","status-publish","hentry"],"_links":{"self":[{"href":"https:\/\/moehring-energie.com\/fr\/wp-json\/wp\/v2\/pages\/11848","targetHints":{"allow":["GET"]}}],"collection":[{"href":"https:\/\/moehring-energie.com\/fr\/wp-json\/wp\/v2\/pages"}],"about":[{"href":"https:\/\/moehring-energie.com\/fr\/wp-json\/wp\/v2\/types\/page"}],"author":[{"embeddable":true,"href":"https:\/\/moehring-energie.com\/fr\/wp-json\/wp\/v2\/users\/1"}],"replies":[{"embeddable":true,"href":"https:\/\/moehring-energie.com\/fr\/wp-json\/wp\/v2\/comments?post=11848"}],"version-history":[{"count":11,"href":"https:\/\/moehring-energie.com\/fr\/wp-json\/wp\/v2\/pages\/11848\/revisions"}],"predecessor-version":[{"id":13699,"href":"https:\/\/moehring-energie.com\/fr\/wp-json\/wp\/v2\/pages\/11848\/revisions\/13699"}],"wp:attachment":[{"href":"https:\/\/moehring-energie.com\/fr\/wp-json\/wp\/v2\/media?parent=11848"}],"curies":[{"name":"wp","href":"https:\/\/api.w.org\/{rel}","templated":true}]}}