{"id":11852,"date":"2025-05-23T12:57:58","date_gmt":"2025-05-23T10:57:58","guid":{"rendered":"https:\/\/moehring-energie.com\/principes-et-valeurs\/"},"modified":"2025-09-17T18:10:36","modified_gmt":"2025-09-17T16:10:36","slug":"principes-et-valeurs","status":"publish","type":"page","link":"https:\/\/moehring-energie.com\/fr\/principes-et-valeurs\/","title":{"rendered":"Principes et valeurs"},"content":{"rendered":"<section class=\"l-section wpb_row height_custom\"><div class=\"l-section-h i-cf\"><div class=\"g-cols vc_row via_flex valign_top type_default stacking_default\"><div class=\"vc_col-sm-12 wpb_column vc_column_container\"><div class=\"vc_column-inner\"><div class=\"wpb_wrapper\"><div class=\"wpb_text_column\"><div class=\"wpb_wrapper\"><h3 class=\"western\">Nos valeurs, notre engagement<\/h3>\n<p>M\u00f6hring Energie Holding, entreprise familiale bas\u00e9e \u00e0 Schleswig-Holstein, cr\u00e9e des solutions \u00e9nerg\u00e9tiques durables \u2013 innovantes, ancr\u00e9es localement et ouvertes sur le monde.<\/p>\n<p>Guid\u00e9s par nos valeurs, nous accompagnons chaque projet avec rigueur et engagement: des premi\u00e8res discussions avec les collectivit\u00e9s, \u00e0 la construction de parcs solaires en Ukraine, jusqu\u2019aux projets PtX ambitieux au Maroc.<\/p>\n<p>&nbsp;<\/p>\n<h3 class=\"western\"><span style=\"color: #000000;\">Nos principes directeurs<\/span><\/h3>\n<p><strong>Technologie et mise en \u0153uvre<\/strong><\/p>\n<p>Nous allions excellence technique et engagement concret. Pour nous, planification et r\u00e9alisation sont indissociables \u2013 que ce soit en Allemagne du Nord, au Maroc ou en Ukraine.<\/p>\n<p><strong>Tout d\u2019une seule source \u2013 penser global, agir efficacement<\/strong><\/p>\n<p>Du d\u00e9veloppement de sites, financement et EPC \u00e0 l\u2019exploitation, repowering et gestion d\u2019actifs\u202f: nous accompagnons les projets sur l\u2019ensemble de leur cycle de vie, en assumant clairement la responsabilit\u00e9 des contrats, autorisations, PPAs, conformit\u00e9 et investissements. Cela nous rend rapides, agiles et fiables.<\/p>\n<p><strong>Responsabilit\u00e9 concr\u00e8te<\/strong><\/p>\n<p>\u00c9nergies 100\u202f% renouvelables, hydrog\u00e8ne vert, partenariats durables: notre contribution \u00e0 la protection du climat n\u2019est pas une promesse pour l\u2019avenir, mais un travail concret \u2013 aujourd\u2019hui et demain.<\/p>\n<p><span style=\"color: #000000;\"><b>Ancrage r\u00e9gional \u2013 ouverture mondiale<br \/>\n<\/b><\/span><\/p>\n<p>Bas\u00e9s \u00e0 Dithmarse, nous sommes profond\u00e9ment ancr\u00e9s dans notre r\u00e9gion. Nos projets internationaux font de nous un acteur de la transition \u00e9nerg\u00e9tique globale, tout en restant accessibles, fiables et \u00e9quitables.<\/p>\n<p><span style=\"color: #000000;\"><b><br \/>\nEsprit pionnier et pragmatisme<br \/>\n<\/b><\/span><\/p>\n<p><span style=\"color: #000000;\">Nous anticipons, restons pragmatiques et agissons avec clart\u00e9 entrepreneuriale. Les nouvelles technologies sont pour nous un outil de cr\u00e9ation de valeur durable, et non une simple tendance.<\/span><\/p>\n<p><strong>Focus sur l\u2019humain<\/strong><\/p>\n<p>Qu\u2019il s\u2019agisse de nos \u00e9quipes, partenaires ou communaut\u00e9s de projet, la coop\u00e9ration repose sur la confiance, l\u2019ouverture et le sens des responsabilit\u00e9s. Nous cultivons une culture dans laquelle nous pouvons compter les uns sur les autres, m\u00eame pour atteindre des objectifs ambitieux.<\/p>\n<\/div><\/div><\/div><\/div><\/div><\/div><\/div><\/section>\n","protected":false},"excerpt":{"rendered":"Nos valeurs, notre engagement M\u00f6hring Energie Holding, entreprise familiale bas\u00e9e \u00e0 Schleswig-Holstein, cr\u00e9e des solutions \u00e9nerg\u00e9tiques durables \u2013 innovantes, ancr\u00e9es localement et ouvertes sur le monde. Guid\u00e9s par nos valeurs, nous accompagnons chaque projet avec rigueur et engagement: des premi\u00e8res discussions avec les collectivit\u00e9s, \u00e0 la construction de parcs solaires en Ukraine, jusqu\u2019aux projets PtX...","protected":false},"author":1,"featured_media":0,"parent":0,"menu_order":76,"comment_status":"closed","ping_status":"closed","template":"","meta":{"footnotes":""},"class_list":["post-11852","page","type-page","status-publish","hentry"],"_links":{"self":[{"href":"https:\/\/moehring-energie.com\/fr\/wp-json\/wp\/v2\/pages\/11852","targetHints":{"allow":["GET"]}}],"collection":[{"href":"https:\/\/moehring-energie.com\/fr\/wp-json\/wp\/v2\/pages"}],"about":[{"href":"https:\/\/moehring-energie.com\/fr\/wp-json\/wp\/v2\/types\/page"}],"author":[{"embeddable":true,"href":"https:\/\/moehring-energie.com\/fr\/wp-json\/wp\/v2\/users\/1"}],"replies":[{"embeddable":true,"href":"https:\/\/moehring-energie.com\/fr\/wp-json\/wp\/v2\/comments?post=11852"}],"version-history":[{"count":3,"href":"https:\/\/moehring-energie.com\/fr\/wp-json\/wp\/v2\/pages\/11852\/revisions"}],"predecessor-version":[{"id":13778,"href":"https:\/\/moehring-energie.com\/fr\/wp-json\/wp\/v2\/pages\/11852\/revisions\/13778"}],"wp:attachment":[{"href":"https:\/\/moehring-energie.com\/fr\/wp-json\/wp\/v2\/media?parent=11852"}],"curies":[{"name":"wp","href":"https:\/\/api.w.org\/{rel}","templated":true}]}}