{"id":11860,"date":"2025-05-22T15:58:22","date_gmt":"2025-05-22T13:58:22","guid":{"rendered":"https:\/\/moehring-energie.com\/vent\/"},"modified":"2026-01-05T11:50:39","modified_gmt":"2026-01-05T10:50:39","slug":"vent","status":"publish","type":"page","link":"https:\/\/moehring-energie.com\/fr\/vent\/","title":{"rendered":"Vent"},"content":{"rendered":"<section class=\"l-section wpb_row height_custom color_primary with_img\"><div class=\"l-section-img\" role=\"img\" data-img-width=\"1920\" data-img-height=\"960\" style=\"background-image: url(https:\/\/moehring-energie.com\/wp-content\/uploads\/2025\/05\/wind.jpg);background-position: bottom center;background-repeat: no-repeat;\"><\/div><div class=\"l-section-overlay\" style=\"background:rgba(10,10,10,0.3)\"><\/div><div class=\"l-section-h i-cf\"><div class=\"g-cols vc_row via_flex valign_top type_default stacking_default\"><div class=\"vc_col-sm-12 wpb_column vc_column_container\"><div class=\"vc_column-inner us_custom_8694f0b0\"><div class=\"wpb_wrapper\"><div class=\"w-separator size_medium\"><\/div><div class=\"wpb_text_column us_custom_60813065\"><div class=\"wpb_wrapper\"><h1>\u00c9nergie \u00e9olienne<\/h1>\n<\/div><\/div><\/div><\/div><\/div><\/div><\/div><\/section><section class=\"l-section wpb_row height_auto width_full\"><div class=\"l-section-h i-cf\"><div class=\"g-cols vc_row via_flex valign_top type_boxes stacking_default\"><div class=\"vc_col-sm-6 wpb_column vc_column_container has_bg_color\"><div class=\"vc_column-inner us_custom_315b8835\"><div class=\"wpb_wrapper\"><div class=\"wpb_text_column\"><div class=\"wpb_wrapper\"><h2>L&rsquo;\u00e9nergie \u00e9olienne : fiable, \u00e9volutive et puissante<\/h2>\n<p><span><strong>L\u2019\u00e9nergie \u00e9olienne terrestre<\/strong> est un \u00e9l\u00e9ment incontournable de la transition \u00e9nerg\u00e9tique. Nous r\u00e9alisons des projets d\u2019\u00e9nergie \u00e9olienne depuis la recherche de sites jusqu\u2019\u00e0 la mise en service, en tant que prestataire de services EPC et exploitant.<\/span><\/p>\n<p>&#8211; Analyse de site &amp; d\u00e9veloppement de projet<br \/>\n&#8211; Conception d&rsquo;installation &amp; approvisionnement en composants<br \/>\n&#8211; Exploitation et maintenance (O&amp;M) d&rsquo;une seule source<\/p>\n<p><a href=\"https:\/\/moehring-energie.com\/fr\/services\/\"><b>En savoir plus sur nos services <\/b><\/a><b><a href=\"https:\/\/moehring-energie.com\/fr\/services\/\">\u2192 <\/a><\/b><br \/>\n<a href=\"https:\/\/moehring-energie.com\/fr\/services\/\"><b>Voir la r\u00e9f\u00e9rence <\/b><\/a><b><a href=\"h#\/\">\u2192 <\/a><\/b><\/p>\n<\/div><\/div><\/div><\/div><\/div><div class=\"vc_col-sm-6 wpb_column vc_column_container\"><div class=\"vc_column-inner us_custom_25db962f\"><div class=\"wpb_wrapper\"><div class=\"w-separator size_medium\"><\/div><div class=\"w-video align_none ratio_1x1\"><div class=\"w-video-h\"><video  preload=\"metadata\" playsinline autoplay loop muted><source type=\"video\/mp4\" src=\"https:\/\/moehring-energie.com\/wp-content\/uploads\/2025\/04\/236181_Video-von-Matthias-Groeneveld-Pixabay.mp4\" \/><\/video><\/div><\/div><\/div><\/div><\/div><\/div><\/div><\/section><section class=\"l-section wpb_row height_medium\"><div class=\"l-section-h i-cf\"><div class=\"g-cols vc_row via_flex valign_top type_default stacking_default\"><div class=\"vc_col-sm-12 wpb_column vc_column_container\"><div class=\"vc_column-inner\"><div class=\"wpb_wrapper\"><\/div><\/div><\/div><\/div><\/div><\/section>\n","protected":false},"excerpt":{"rendered":"\u00c9nergie \u00e9olienne L&rsquo;\u00e9nergie \u00e9olienne : fiable, \u00e9volutive et puissante L\u2019\u00e9nergie \u00e9olienne terrestre est un \u00e9l\u00e9ment incontournable de la transition \u00e9nerg\u00e9tique. Nous r\u00e9alisons des projets d\u2019\u00e9nergie \u00e9olienne depuis la recherche de sites jusqu\u2019\u00e0 la mise en service, en tant que prestataire de services EPC et exploitant. &#8211; Analyse de site &amp; d\u00e9veloppement de projet &#8211; Conception...","protected":false},"author":1,"featured_media":0,"parent":0,"menu_order":21,"comment_status":"closed","ping_status":"closed","template":"","meta":{"footnotes":""},"class_list":["post-11860","page","type-page","status-publish","hentry"],"_links":{"self":[{"href":"https:\/\/moehring-energie.com\/fr\/wp-json\/wp\/v2\/pages\/11860","targetHints":{"allow":["GET"]}}],"collection":[{"href":"https:\/\/moehring-energie.com\/fr\/wp-json\/wp\/v2\/pages"}],"about":[{"href":"https:\/\/moehring-energie.com\/fr\/wp-json\/wp\/v2\/types\/page"}],"author":[{"embeddable":true,"href":"https:\/\/moehring-energie.com\/fr\/wp-json\/wp\/v2\/users\/1"}],"replies":[{"embeddable":true,"href":"https:\/\/moehring-energie.com\/fr\/wp-json\/wp\/v2\/comments?post=11860"}],"version-history":[{"count":10,"href":"https:\/\/moehring-energie.com\/fr\/wp-json\/wp\/v2\/pages\/11860\/revisions"}],"predecessor-version":[{"id":13693,"href":"https:\/\/moehring-energie.com\/fr\/wp-json\/wp\/v2\/pages\/11860\/revisions\/13693"}],"wp:attachment":[{"href":"https:\/\/moehring-energie.com\/fr\/wp-json\/wp\/v2\/media?parent=11860"}],"curies":[{"name":"wp","href":"https:\/\/api.w.org\/{rel}","templated":true}]}}