{"id":11864,"date":"2025-05-23T12:50:47","date_gmt":"2025-05-23T10:50:47","guid":{"rendered":"https:\/\/moehring-energie.com\/mentions-legales\/"},"modified":"2026-01-05T14:46:27","modified_gmt":"2026-01-05T13:46:27","slug":"mentions-legales","status":"publish","type":"page","link":"https:\/\/moehring-energie.com\/fr\/mentions-legales\/","title":{"rendered":"Mentions l\u00e9gales"},"content":{"rendered":"<section class=\"l-section wpb_row height_custom\"><div class=\"l-section-h i-cf\"><div class=\"g-cols vc_row via_flex valign_top type_default stacking_default\"><div class=\"vc_col-sm-12 wpb_column vc_column_container\"><div class=\"vc_column-inner\"><div class=\"wpb_wrapper\"><div class=\"wpb_text_column\"><div class=\"wpb_wrapper\"><h3>Mentions l\u00e9gales<\/h3>\n<p>Mentions l\u00e9gales conform\u00e9ment au \u00a7 5 de la loi allemande sur les t\u00e9l\u00e9m\u00e9dias (TMG) : (allemand)<\/p>\n<p><b>M\u00f6hring Energie Holding GmbH<\/b><br \/>\nNorder Reihe 7<br \/>\n25719 Busenwurth<br \/>\nAllemagne<br \/>\nTel\u2003+49 4857 8424-0<br \/>\nEmail: info@moehring-energie.com<\/p>\n<p data-start=\"450\" data-end=\"531\"><em>Repr\u00e9sent\u00e9 par :<\/em><br data-start=\"466\" data-end=\"469\">Sascha M\u00f6hring, ing\u00e9nieur dipl\u00f4m\u00e9 en \u00e9conomie (directeur g\u00e9n\u00e9ral<\/p>\n<p data-start=\"533\" data-end=\"645\"><em>Registre du commerce :<\/em><br \/>\nInscrit au registre du commerce du tribunal d&rsquo;instance de Pinneberg<br \/>\nNum\u00e9ro du registre du commerce : HRB 9418<br data-start=\"549\" data-end=\"552\">Num\u00e9ro d&rsquo;identification fiscale 18\/293\/25161<br data-start=\"609\" data-end=\"612\">Num\u00e9ro d&rsquo;identification de la taxe sur la valeur ajout\u00e9e conform\u00e9ment au \u00a7 27a de la loi allemande sur la TVA :<span> DE294026381<\/span><\/p>\n<p data-start=\"739\" data-end=\"855\"><em>Responsable du contenu conform\u00e9ment au \u00a7 18 Abs. 2 MStV : <\/em><br data-start=\"791\" data-end=\"794\">Ing\u00e9nieur commercial dipl\u00f4m\u00e9 Sascha M\u00f6hring<br data-start=\"836\" data-end=\"839\">Adresse comme ci-dessus<\/p>\n<p><span data-teams=\"true\"><em>Autorit\u00e9 de contr\u00f4le comp\u00e9tente pour l&rsquo;offre de services de m\u00e9dias audiovisuels :<\/em><br \/>\nMedienanstalt Hamburg \/ Schleswig-Holstein (MA HSH), Rathausallee 72-76, 22846 Norderstedt, Allemagne<\/span><\/p>\n<p>Nous ne sommes ni oblig\u00e9s ni dispos\u00e9s \u00e0 participer \u00e0 une proc\u00e9dure de r\u00e8glement des litiges devant un organisme de conciliation des consommateurs.<\/p>\n<p><strong>Responsabilit\u00e9 pour les contenus<br \/>\n<\/strong>En tant que prestataire de services, nous sommes responsables, conform\u00e9ment au \u00a7 7 alin\u00e9a 1 de la loi allemande sur les t\u00e9l\u00e9m\u00e9dias (TMG), de nos propres contenus sur ces pages selon les lois g\u00e9n\u00e9rales.<br data-start=\"1023\" data-end=\"1026\">Conform\u00e9ment aux \u00a7\u00a7 8 \u00e0 10 de la TMG, nous ne sommes toutefois pas tenus de surveiller les informations transmises ou enregistr\u00e9es par des tiers ou de rechercher les circonstances qui indiquent une activit\u00e9 ill\u00e9gale.<br data-start=\"1229\" data-end=\"1232\">Les obligations de supprimer ou de bloquer l&rsquo;utilisation d&rsquo;informations conform\u00e9ment aux lois g\u00e9n\u00e9rales restent inchang\u00e9es.<br data-start=\"1363\" data-end=\"1366\">Une responsabilit\u00e9 \u00e0 cet \u00e9gard n&rsquo;est toutefois possible qu&rsquo;\u00e0 partir du moment o\u00f9 une violation concr\u00e8te de la loi est connue.<br data-start=\"1481\" data-end=\"1484\">Si nous prenons connaissance de violations de la loi correspondantes, nous supprimerons imm\u00e9diatement ces contenus. <\/p>\n<p>La M\u00f6hring Energie Holding GmbH n&rsquo;assume aucune garantie pour l&rsquo;actualit\u00e9, l&rsquo;exactitude, l&rsquo;int\u00e9gralit\u00e9 ou la qualit\u00e9 des informations mises \u00e0 disposition. Les revendications de responsabilit\u00e9 contre la M\u00f6hring Energie Holding GmbH, qui se r\u00e9f\u00e8rent \u00e0 des dommages de nature mat\u00e9rielle ou id\u00e9elle, qui ont \u00e9t\u00e9 caus\u00e9s par l&rsquo;utilisation ou la non-utilisation des informations pr\u00e9sent\u00e9es ou par l&rsquo;utilisation d&rsquo;informations erron\u00e9es et incompl\u00e8tes, sont en principe exclues, dans la mesure o\u00f9 il n&rsquo;y a pas de faute intentionnelle ou de n\u00e9gligence grave de la part de la M\u00f6hring Energie Holding GmbH. Toutes les offres sont sans engagement et non contractuelles. La M\u00f6hring Energie Holding GmbH se r\u00e9serve express\u00e9ment le droit de modifier, de compl\u00e9ter ou de supprimer des parties de pages ou l&rsquo;ensemble de l&rsquo;offre sans avis pr\u00e9alable, ou d&rsquo;en suspendre temporairement ou d\u00e9finitivement la publication.   <\/p>\n<p><strong>Responsabilit\u00e9 pour les liens<br \/>\n<\/strong>Notre offre contient des liens vers des sites Internet externes de tiers, sur le contenu desquels nous n&rsquo;avons aucune influence.<br data-start=\"1721\" data-end=\"1724\">C&rsquo;est pourquoi nous ne pouvons pas non plus nous porter garants de ces contenus externes.<br data-start=\"1798\" data-end=\"1801\">Le fournisseur ou l&rsquo;exploitant des pages li\u00e9es est toujours responsable de leur contenu.<br data-start=\"1913\" data-end=\"1916\">Au moment de la mise en place des liens, les pages ont \u00e9t\u00e9 contr\u00f4l\u00e9es quant \u00e0 d&rsquo;\u00e9ventuelles violations du droit. Aucun contenu ill\u00e9gal n&rsquo;a \u00e9t\u00e9 identifi\u00e9 au moment de la cr\u00e9ation des liens.<br data-start=\"2075\" data-end=\"2078\">Un contr\u00f4le permanent du contenu des pages li\u00e9es n&rsquo;est cependant pas exigible sans indices concrets d&rsquo;une violation de la loi.<br data-start=\"2215\" data-end=\"2218\">Si nous prenons connaissance de violations de la loi, nous supprimerons imm\u00e9diatement les liens concern\u00e9s. <strong><br \/>\n<\/strong><\/p>\n<p><b>Droit d&rsquo;auteur et droit des marques<br \/>\n<\/b>Les contenus et \u0153uvres cr\u00e9\u00e9s par les exploitants des pages de ce site sont soumis au droit d&rsquo;auteur allemand.<br data-start=\"2450\" data-end=\"2453\">La reproduction, l&rsquo;adaptation, la diffusion et toute forme d&rsquo;exploitation en dehors des limites du droit d&rsquo;auteur requi\u00e8rent l&rsquo;accord \u00e9crit de l&rsquo;auteur ou du cr\u00e9ateur concern\u00e9.<br data-start=\"2644\" data-end=\"2647\">Les t\u00e9l\u00e9chargements et les copies de cette page ne sont autoris\u00e9s que pour un usage priv\u00e9 et non commercial.<br data-start=\"2747\" data-end=\"2750\">Dans la mesure o\u00f9 les contenus de ce site n&rsquo;ont pas \u00e9t\u00e9 cr\u00e9\u00e9s par l&rsquo;exploitant, les droits d&rsquo;auteur de tiers sont respect\u00e9s.<br data-start=\"2865\" data-end=\"2868\">En particulier, les contenus de tiers sont identifi\u00e9s comme tels.<br data-start=\"2930\" data-end=\"2933\">Si vous constatez n\u00e9anmoins une violation des droits d&rsquo;auteur, nous vous prions de nous en informer.<br data-start=\"3049\" data-end=\"3052\">Si nous sommes inform\u00e9s d&rsquo;une violation de la loi, nous supprimerons imm\u00e9diatement le contenu en question.<\/p>\n<\/div><\/div><\/div><\/div><\/div><\/div><\/div><\/section>\n","protected":false},"excerpt":{"rendered":"Mentions l\u00e9gales Mentions l\u00e9gales conform\u00e9ment au \u00a7 5 de la loi allemande sur les t\u00e9l\u00e9m\u00e9dias (TMG) : (allemand) M\u00f6hring Energie Holding GmbH Norder Reihe 7 25719 Busenwurth Allemagne Tel\u2003+49 4857 8424-0 Email: info@moehring-energie.com Repr\u00e9sent\u00e9 par :Sascha M\u00f6hring, ing\u00e9nieur dipl\u00f4m\u00e9 en \u00e9conomie (directeur g\u00e9n\u00e9ral Registre du commerce : Inscrit au registre du commerce du tribunal d&rsquo;instance...","protected":false},"author":1,"featured_media":0,"parent":0,"menu_order":116,"comment_status":"closed","ping_status":"closed","template":"","meta":{"footnotes":""},"class_list":["post-11864","page","type-page","status-publish","hentry"],"_links":{"self":[{"href":"https:\/\/moehring-energie.com\/fr\/wp-json\/wp\/v2\/pages\/11864","targetHints":{"allow":["GET"]}}],"collection":[{"href":"https:\/\/moehring-energie.com\/fr\/wp-json\/wp\/v2\/pages"}],"about":[{"href":"https:\/\/moehring-energie.com\/fr\/wp-json\/wp\/v2\/types\/page"}],"author":[{"embeddable":true,"href":"https:\/\/moehring-energie.com\/fr\/wp-json\/wp\/v2\/users\/1"}],"replies":[{"embeddable":true,"href":"https:\/\/moehring-energie.com\/fr\/wp-json\/wp\/v2\/comments?post=11864"}],"version-history":[{"count":6,"href":"https:\/\/moehring-energie.com\/fr\/wp-json\/wp\/v2\/pages\/11864\/revisions"}],"predecessor-version":[{"id":14088,"href":"https:\/\/moehring-energie.com\/fr\/wp-json\/wp\/v2\/pages\/11864\/revisions\/14088"}],"wp:attachment":[{"href":"https:\/\/moehring-energie.com\/fr\/wp-json\/wp\/v2\/media?parent=11864"}],"curies":[{"name":"wp","href":"https:\/\/api.w.org\/{rel}","templated":true}]}}