{"id":11871,"date":"2025-05-22T15:00:23","date_gmt":"2025-05-22T13:00:23","guid":{"rendered":"https:\/\/moehring-energie.com\/produits\/"},"modified":"2026-01-05T12:59:48","modified_gmt":"2026-01-05T11:59:48","slug":"produits","status":"publish","type":"page","link":"https:\/\/moehring-energie.com\/fr\/produits\/","title":{"rendered":"Produits"},"content":{"rendered":"<section class=\"l-section wpb_row us_custom_315b8835 height_custom color_primary with_img\"><div class=\"l-section-img\" role=\"img\" data-img-width=\"2560\" data-img-height=\"1700\" style=\"background-image: url(https:\/\/moehring-energie.com\/wp-content\/uploads\/2025\/06\/A7C-070720120173MIDOb-scaled.jpg);background-repeat: no-repeat;\"><\/div><div class=\"l-section-overlay\" style=\"background:rgba(10,10,10,0.3)\"><\/div><div class=\"l-section-h i-cf\"><div class=\"g-cols vc_row via_flex valign_top type_default stacking_default\"><div class=\"vc_col-sm-12 wpb_column vc_column_container\"><div class=\"vc_column-inner us_custom_9422c7d4\"><div class=\"wpb_wrapper\"><div class=\"w-separator size_medium\"><\/div><div class=\"wpb_text_column us_custom_60813065\"><div class=\"wpb_wrapper\"><h1 class=\"thema-heading\">Produits &#8211; \u00e9nergies renouvelables<\/h1>\n<\/div><\/div><\/div><\/div><\/div><\/div><\/div><\/section><section class=\"l-section wpb_row height_custom\"><div class=\"l-section-h i-cf\"><div class=\"g-cols vc_row via_flex valign_top type_default stacking_default\"><div class=\"vc_col-sm-12 wpb_column vc_column_container\"><div class=\"vc_column-inner\"><div class=\"wpb_wrapper\"><div class=\"wpb_text_column\"><div class=\"wpb_wrapper\"><h3>100 % d&rsquo;\u00e9nergie renouvelable &#8211; produite par le soleil, le vent, et l&rsquo;innovation<\/h3>\n<p><strong>Nous produisons et commercialisons des sources d&rsquo;\u00e9nergie verte <\/strong>pour l&rsquo;industrie, le secteur public et les march\u00e9s internationaux. Notre portefeuille s&rsquo;\u00e9tend de l&rsquo;\u00e9lectricit\u00e9 verte aux mol\u00e9cules neutres en carbone comme l&rsquo;hydrog\u00e8ne, l&rsquo;ammoniac et le m\u00e9thanol, en passant par le stockage sur batterie.<\/p>\n<\/div><\/div><\/div><\/div><\/div><\/div><\/div><\/section><section class=\"l-section wpb_row height_auto\"><div class=\"l-section-h i-cf\"><div class=\"g-cols vc_row via_flex valign_top type_default stacking_default\"><div class=\"vc_col-sm-12 wpb_column vc_column_container\"><div class=\"vc_column-inner\"><div class=\"wpb_wrapper\"><div class=\"w-tabs us_custom_5f2403f9 has_text_color layout_ver navwidth_auto navpos_left style_trendy switch_click\" style=\"--sections-title-size:1.2rem\" data-accordion-at-width=\"1024\"><div class=\"w-tabs-list items_6 align_none\" style=\"font-family:Aptos-Bold;font-weight:700;line-height:0.01;\"><div class=\"w-tabs-list-h\"><button class=\"w-tabs-item active defined-active\" aria-controls=\"content-m0b7\" aria-expanded=\"true\"><span class=\"w-tabs-item-title\">\u00c9lectricit\u00e9 verte<\/span><\/button><button class=\"w-tabs-item\" aria-controls=\"content-yae2\" aria-expanded=\"false\"><span class=\"w-tabs-item-title\">Batterie M\u00e9moire<\/span><\/button><button class=\"w-tabs-item\" aria-controls=\"content-n3df\" aria-expanded=\"false\"><span class=\"w-tabs-item-title\">Hydrog\u00e8ne vert<\/span><\/button><button class=\"w-tabs-item\" aria-controls=\"content-oc86\" aria-expanded=\"false\"><span class=\"w-tabs-item-title\">Ammoniaque verte<\/span><\/button><button class=\"w-tabs-item\" aria-controls=\"content-u6fa\" aria-expanded=\"false\"><span class=\"w-tabs-item-title\">M\u00e9thanol vert<\/span><\/button><button class=\"w-tabs-item\" aria-controls=\"content-u049\" aria-expanded=\"false\"><span class=\"w-tabs-item-title\">Sous-produits PtX<\/span><\/button><\/div><\/div><div class=\"w-tabs-sections titles-align_none icon_chevron cpos_right\"><div class=\"w-tabs-section active\" id=\"m0b7\"><button class=\"w-tabs-section-header active\" aria-controls=\"content-m0b7\" aria-expanded=\"true\"><h4 class=\"w-tabs-section-title\">\u00c9lectricit\u00e9 verte<\/h4><div class=\"w-tabs-section-control\"><\/div><\/button><div  class=\"w-tabs-section-content\" id=\"content-m0b7\"><div class=\"w-tabs-section-content-h i-cf\"><div class=\"g-cols wpb_row via_flex valign_top type_default stacking_default\"><div class=\"vc_col-sm-6 wpb_column vc_column_container\"><div class=\"vc_column-inner\"><div class=\"wpb_wrapper\"><div class=\"wpb_text_column\"><div class=\"wpb_wrapper\"><h4>\u00c9lectricit\u00e9 verte<\/h4>\n<ul>\n<li>\u00c9lectricit\u00e9 produite par nos propres parcs solaires et \u00e9oliens<\/li>\n<li><a href=\"#\">Projets de r\u00e9f\u00e9rence<\/a> en Allemagne &amp; en Ukraine<\/li>\n<li>Diminution via des AAE \u00e0 long terme<\/li>\n<\/ul>\n<\/div><\/div><\/div><\/div><\/div><div class=\"vc_col-sm-6 wpb_column vc_column_container\"><div class=\"vc_column-inner us_custom_1f64da91\"><div class=\"wpb_wrapper\"><div class=\"w-image has_ratio align_none\"><div class=\"w-image-h\"><div style=\"padding-bottom:100%\"><\/div><img decoding=\"async\" width=\"2560\" height=\"1700\" src=\"https:\/\/moehring-energie.com\/wp-content\/uploads\/2025\/06\/A7C-070720120173MIDOb-scaled.jpg\" class=\"attachment-full size-full\" alt=\"\" loading=\"lazy\" \/><\/div><\/div><\/div><\/div><\/div><\/div><\/div><\/div><\/div><div class=\"w-tabs-section\" id=\"yae2\"><button class=\"w-tabs-section-header\" aria-controls=\"content-yae2\" aria-expanded=\"false\"><h4 class=\"w-tabs-section-title\">Batterie M\u00e9moire<\/h4><div class=\"w-tabs-section-control\"><\/div><\/button><div  class=\"w-tabs-section-content\" id=\"content-yae2\"><div class=\"w-tabs-section-content-h i-cf\"><div class=\"g-cols wpb_row via_flex valign_top type_default stacking_default\"><div class=\"vc_col-sm-6 wpb_column vc_column_container\"><div class=\"vc_column-inner\"><div class=\"wpb_wrapper\"><div class=\"wpb_text_column\"><div class=\"wpb_wrapper\"><h4>Syst\u00e8mes de stockage par batterie pour la stabilit\u00e9 du r\u00e9seau et la s\u00e9curit\u00e9 des prix<\/h4>\n<ul>\n<li>Stabilisation du r\u00e9seau et gestion des pics de charge<\/li>\n<li>Int\u00e9gration dans les syst\u00e8mes de production pour une rentabilit\u00e9 optimale<\/li>\n<\/ul>\n<\/div><\/div><div class=\"w-separator size_small\"><\/div><div class=\"w-btn-wrapper align_none\"><a class=\"w-btn us-btn-style_4\" href=\"https:\/\/relaunchmegwebsi-p23av60p9g.live-website.com\/storage\/\"><span class=\"w-btn-label\">Lire la suite<\/span><\/a><\/div><\/div><\/div><\/div><div class=\"vc_col-sm-6 wpb_column vc_column_container\"><div class=\"vc_column-inner us_custom_6217dcc9\"><div class=\"wpb_wrapper\"><div class=\"w-image align_none\"><div class=\"w-image-h\"><img decoding=\"async\" width=\"1024\" height=\"682\" src=\"https:\/\/moehring-energie.com\/wp-content\/uploads\/2025\/06\/AdobeStock_691268270-1-1024x682.jpeg\" class=\"attachment-large size-large\" alt=\"\" loading=\"lazy\" srcset=\"https:\/\/moehring-energie.com\/wp-content\/uploads\/2025\/06\/AdobeStock_691268270-1-1024x682.jpeg 1024w, https:\/\/moehring-energie.com\/wp-content\/uploads\/2025\/06\/AdobeStock_691268270-1-300x200.jpeg 300w, https:\/\/moehring-energie.com\/wp-content\/uploads\/2025\/06\/AdobeStock_691268270-1-1536x1023.jpeg 1536w, https:\/\/moehring-energie.com\/wp-content\/uploads\/2025\/06\/AdobeStock_691268270-1-600x400.jpeg 600w\" sizes=\"auto, (max-width: 1024px) 100vw, 1024px\" \/><\/div><\/div><\/div><\/div><\/div><\/div><\/div><\/div><\/div><div class=\"w-tabs-section\" id=\"n3df\"><button class=\"w-tabs-section-header\" aria-controls=\"content-n3df\" aria-expanded=\"false\"><h4 class=\"w-tabs-section-title\">Hydrog\u00e8ne vert<\/h4><div class=\"w-tabs-section-control\"><\/div><\/button><div  class=\"w-tabs-section-content\" id=\"content-n3df\"><div class=\"w-tabs-section-content-h i-cf\"><div class=\"g-cols wpb_row via_flex valign_top type_default stacking_default\"><div class=\"vc_col-sm-6 wpb_column vc_column_container\"><div class=\"vc_column-inner\"><div class=\"wpb_wrapper\"><div class=\"wpb_text_column\"><div class=\"wpb_wrapper\"><h4>Hydrog\u00e8ne vert &#8211; gH\u2082<\/h4>\n<ul>\n<li>Produit par \u00e9lectrolyse \u00e0 partir d&rsquo;\u00e9lectricit\u00e9 renouvelable<\/li>\n<li>Vecteur \u00e9nerg\u00e9tique sans CO\u2082 et \u00e0 haute densit\u00e9 \u00e9nerg\u00e9tique<\/li>\n<li>Utilisation dans les processus industriels, la mobilit\u00e9 et le stockage saisonnier, entre autres.<\/li>\n<\/ul>\n<\/div><\/div><div class=\"w-separator size_small\"><\/div><div class=\"w-btn-wrapper align_none\"><a class=\"w-btn us-btn-style_4\" href=\"https:\/\/relaunchmegwebsi-p23av60p9g.live-website.com\/gruener-wasserstoff\"><span class=\"w-btn-label\">Lire la suite<\/span><\/a><\/div><\/div><\/div><\/div><div class=\"vc_col-sm-6 wpb_column vc_column_container\"><div class=\"vc_column-inner us_custom_6217dcc9\"><div class=\"wpb_wrapper\"><div class=\"w-image has_ratio align_none\"><div class=\"w-image-h\"><div style=\"padding-bottom:100%\"><\/div><img decoding=\"async\" width=\"1024\" height=\"576\" src=\"https:\/\/moehring-energie.com\/wp-content\/uploads\/2025\/07\/AdobeStock_1000426386-1-1024x576.jpeg\" class=\"attachment-large size-large\" alt=\"\" loading=\"lazy\" \/><\/div><\/div><\/div><\/div><\/div><\/div><\/div><\/div><\/div><div class=\"w-tabs-section\" id=\"oc86\"><button class=\"w-tabs-section-header\" aria-controls=\"content-oc86\" aria-expanded=\"false\"><h4 class=\"w-tabs-section-title\">Ammoniaque verte<\/h4><div class=\"w-tabs-section-control\"><\/div><\/button><div  class=\"w-tabs-section-content\" id=\"content-oc86\"><div class=\"w-tabs-section-content-h i-cf\"><div class=\"g-cols wpb_row via_flex valign_top type_default stacking_default\"><div class=\"vc_col-sm-6 wpb_column vc_column_container\"><div class=\"vc_column-inner\"><div class=\"wpb_wrapper\"><div class=\"wpb_text_column\"><div class=\"wpb_wrapper\"><h4>Ammoniac vert &#8211; gNH<span data-contrast=\"auto\" lang=\"DE-DE\" class=\"TextRun SCXW151310224 BCX0\"><span class=\"NormalTextRun Subscript SCXW151310224 BCX0\" data-fontsize=\"12\">3<\/span><\/span><\/h4>\n<ul>\n<li>Production par le proc\u00e9d\u00e9 Haber-Bosch avec de l&rsquo;hydrog\u00e8ne vert<\/li>\n<li>Mati\u00e8re premi\u00e8re climatiquement neutre pour l&rsquo;industrie chimique et les engrais<\/li>\n<li>Convient \u00e9galement comme moyen de stockage de l&rsquo;hydrog\u00e8ne (re-cracking possible)<\/li>\n<li>Actuellement, le mode de transport le plus efficace pour l&rsquo;hydrog\u00e8ne vert lorsqu&rsquo;il n&rsquo;y a pas de pipeline d&rsquo;hydrog\u00e8ne.<\/li>\n<\/ul>\n<\/div><\/div><\/div><\/div><\/div><div class=\"vc_col-sm-6 wpb_column vc_column_container\"><div class=\"vc_column-inner us_custom_6217dcc9\"><div class=\"wpb_wrapper\"><div class=\"w-image has_ratio align_none\"><div class=\"w-image-h\"><div style=\"padding-bottom:100%\"><\/div><img decoding=\"async\" width=\"1024\" height=\"576\" src=\"https:\/\/moehring-energie.com\/wp-content\/uploads\/2025\/07\/AdobeStock_990803929-1024x576.jpeg\" class=\"attachment-large size-large\" alt=\"\" loading=\"lazy\" \/><\/div><\/div><\/div><\/div><\/div><\/div><\/div><\/div><\/div><div class=\"w-tabs-section\" id=\"u6fa\"><button class=\"w-tabs-section-header\" aria-controls=\"content-u6fa\" aria-expanded=\"false\"><h4 class=\"w-tabs-section-title\">M\u00e9thanol vert<\/h4><div class=\"w-tabs-section-control\"><\/div><\/button><div  class=\"w-tabs-section-content\" id=\"content-u6fa\"><div class=\"w-tabs-section-content-h i-cf\"><div class=\"g-cols wpb_row via_flex valign_top type_default stacking_default\"><div class=\"vc_col-sm-6 wpb_column vc_column_container\"><div class=\"vc_column-inner\"><div class=\"wpb_wrapper\"><div class=\"wpb_text_column\"><div class=\"wpb_wrapper\"><h4>M\u00e9thanol vert &#8211; gCH3OH<\/h4>\n<ul>\n<li>Un produit bas\u00e9 sur le PtX pour d\u00e9carboniser la chimie et la logistique<\/li>\n<li>Base pour les e-fuels, notamment l&rsquo;e-\u00e9thanol et l&rsquo;eSAF (Sustainable Aviation Fuels)<\/li>\n<\/ul>\n<\/div><\/div><\/div><\/div><\/div><div class=\"vc_col-sm-6 wpb_column vc_column_container\"><div class=\"vc_column-inner us_custom_6217dcc9\"><div class=\"wpb_wrapper\"><div class=\"w-image has_ratio align_none\"><div class=\"w-image-h\"><div style=\"padding-bottom:100%\"><\/div><img decoding=\"async\" width=\"800\" height=\"448\" src=\"https:\/\/moehring-energie.com\/wp-content\/uploads\/2025\/04\/8de29dcde5fbd8c1c0fc4fd55f8ea5f0.jpg\" class=\"attachment-large size-large\" alt=\"\" loading=\"lazy\" \/><\/div><\/div><\/div><\/div><\/div><\/div><\/div><\/div><\/div><div class=\"w-tabs-section\" id=\"u049\"><button class=\"w-tabs-section-header\" aria-controls=\"content-u049\" aria-expanded=\"false\"><h4 class=\"w-tabs-section-title\">Sous-produits PtX<\/h4><div class=\"w-tabs-section-control\"><\/div><\/button><div  class=\"w-tabs-section-content\" id=\"content-u049\"><div class=\"w-tabs-section-content-h i-cf\"><div class=\"g-cols wpb_row via_flex valign_top type_default stacking_default\"><div class=\"vc_col-sm-6 wpb_column vc_column_container\"><div class=\"vc_column-inner\"><div class=\"wpb_wrapper\"><div class=\"wpb_text_column\"><div class=\"wpb_wrapper\"><h4>Sous-produits<br \/>\nissus des processus PtX<\/h4>\n<ul>\n<li>Br\u00fblures d&rsquo;ammoniac<\/li>\n<li>Oxyg\u00e8ne (O\u2082)<\/li>\n<li>Sel et eau dessal\u00e9e provenant du dessalement de l&rsquo;eau de mer<\/li>\n<\/ul>\n<\/div><\/div><\/div><\/div><\/div><div class=\"vc_col-sm-6 wpb_column vc_column_container\"><div class=\"vc_column-inner us_custom_6217dcc9\"><div class=\"wpb_wrapper\"><div class=\"w-image has_ratio align_none\"><div class=\"w-image-h\"><div style=\"padding-bottom:100%\"><\/div><img decoding=\"async\" width=\"1024\" height=\"576\" src=\"https:\/\/moehring-energie.com\/wp-content\/uploads\/2025\/06\/AdobeStock_701617824-1024x576.jpeg\" class=\"attachment-large size-large\" alt=\"\" loading=\"lazy\" \/><\/div><\/div><\/div><\/div><\/div><\/div><\/div><\/div><\/div><\/div><\/div><\/div><\/div><\/div><\/div><\/div><\/section><section class=\"l-section wpb_row height_small\"><div class=\"l-section-h i-cf\"><div class=\"g-cols vc_row via_flex valign_top type_default stacking_default\"><div class=\"vc_col-sm-12 wpb_column vc_column_container\"><div class=\"vc_column-inner\"><div class=\"wpb_wrapper\"><div class=\"wpb_text_column\"><div class=\"wpb_wrapper\"><\/div><\/div><\/div><\/div><\/div><\/div><\/div><\/section>\n","protected":false},"excerpt":{"rendered":"Produits &#8211; \u00e9nergies renouvelables 100 % d&rsquo;\u00e9nergie renouvelable &#8211; produite par le soleil, le vent, et l&rsquo;innovation Nous produisons et commercialisons des sources d&rsquo;\u00e9nergie verte pour l&rsquo;industrie, le secteur public et les march\u00e9s internationaux. Notre portefeuille s&rsquo;\u00e9tend de l&rsquo;\u00e9lectricit\u00e9 verte aux mol\u00e9cules neutres en carbone comme l&rsquo;hydrog\u00e8ne, l&rsquo;ammoniac et le m\u00e9thanol, en passant par le...","protected":false},"author":1,"featured_media":0,"parent":0,"menu_order":14,"comment_status":"closed","ping_status":"closed","template":"","meta":{"footnotes":""},"class_list":["post-11871","page","type-page","status-publish","hentry"],"_links":{"self":[{"href":"https:\/\/moehring-energie.com\/fr\/wp-json\/wp\/v2\/pages\/11871","targetHints":{"allow":["GET"]}}],"collection":[{"href":"https:\/\/moehring-energie.com\/fr\/wp-json\/wp\/v2\/pages"}],"about":[{"href":"https:\/\/moehring-energie.com\/fr\/wp-json\/wp\/v2\/types\/page"}],"author":[{"embeddable":true,"href":"https:\/\/moehring-energie.com\/fr\/wp-json\/wp\/v2\/users\/1"}],"replies":[{"embeddable":true,"href":"https:\/\/moehring-energie.com\/fr\/wp-json\/wp\/v2\/comments?post=11871"}],"version-history":[{"count":20,"href":"https:\/\/moehring-energie.com\/fr\/wp-json\/wp\/v2\/pages\/11871\/revisions"}],"predecessor-version":[{"id":14077,"href":"https:\/\/moehring-energie.com\/fr\/wp-json\/wp\/v2\/pages\/11871\/revisions\/14077"}],"wp:attachment":[{"href":"https:\/\/moehring-energie.com\/fr\/wp-json\/wp\/v2\/media?parent=11871"}],"curies":[{"name":"wp","href":"https:\/\/api.w.org\/{rel}","templated":true}]}}