{"id":11934,"date":"2025-04-21T17:42:58","date_gmt":"2025-04-21T15:42:58","guid":{"rendered":"https:\/\/moehring-energie.com\/services\/"},"modified":"2026-01-05T14:28:13","modified_gmt":"2026-01-05T13:28:13","slug":"services","status":"publish","type":"page","link":"https:\/\/moehring-energie.com\/fr\/services\/","title":{"rendered":"Services"},"content":{"rendered":"<section class=\"l-section wpb_row us_custom_315b8835 height_custom color_primary with_img\"><div class=\"l-section-img\" role=\"img\" data-img-width=\"800\" data-img-height=\"450\" style=\"background-image: url(https:\/\/moehring-energie.com\/wp-content\/uploads\/2025\/05\/Leistungen.jpg);background-repeat: no-repeat;\"><\/div><div class=\"l-section-overlay\" style=\"background:rgba(10,10,10,0.3)\"><\/div><div class=\"l-section-h i-cf\"><div class=\"g-cols vc_row via_flex valign_top type_default stacking_default\"><div class=\"vc_col-sm-12 wpb_column vc_column_container\"><div class=\"vc_column-inner us_custom_9422c7d4\"><div class=\"wpb_wrapper\"><div class=\"w-separator size_medium\"><\/div><div class=\"wpb_text_column us_custom_60813065\"><div class=\"wpb_wrapper\"><h1 class=\"thema-heading\">Solutions int\u00e9gr\u00e9es<br \/>\nd&rsquo;une seule source<\/h1>\n<\/div><\/div><\/div><\/div><\/div><\/div><\/div><\/section><section class=\"l-section wpb_row height_custom\"><div class=\"l-section-h i-cf\"><div class=\"g-cols vc_row via_flex valign_top type_default stacking_default\"><div class=\"vc_col-sm-12 wpb_column vc_column_container\"><div class=\"vc_column-inner\"><div class=\"wpb_wrapper\"><div class=\"wpb_text_column\"><div class=\"wpb_wrapper\"><h3>Solutions \u00e9nerg\u00e9tiques globales &#8211; de la conception \u00e0 l&rsquo;exploitation<\/h3>\n<p><strong>M\u00f6hring Energie est votre partenaire pour les projets d&rsquo;\u00e9nergie renouvelable.<\/strong> Nous accompagnons le cycle de vie complet de votre installation, avec une expertise couvrant la planification, la construction et l&rsquo;exploitation, ainsi que dans la production et la commercialisation des sources d&rsquo;\u00e9nergie verte.<\/p>\n<p>Qu&rsquo;il s&rsquo;agisse de photovolta\u00efque, d&rsquo;\u00e9olien, de stockage par batterie ou de Power-to-X, nous proposons des solutions int\u00e9gr\u00e9es, cl\u00e9s en main.<\/p>\n<\/div><\/div><\/div><\/div><\/div><\/div><\/div><\/section><section class=\"l-section wpb_row height_auto\"><div class=\"l-section-h i-cf\"><div class=\"g-cols vc_row via_flex valign_top type_default stacking_default\"><div class=\"vc_col-sm-12 wpb_column vc_column_container\"><div class=\"vc_column-inner\"><div class=\"wpb_wrapper\"><div class=\"w-tabs us_custom_7b932d0a has_text_color layout_ver navwidth_auto navpos_left style_trendy switch_click\" style=\"--sections-title-size:1.2rem\" data-accordion-at-width=\"1024\"><div class=\"w-tabs-list items_6 align_none\" style=\"font-family:Aptos-Bold;font-weight:700;line-height:0.01;\"><div class=\"w-tabs-list-h\"><button class=\"w-tabs-item active defined-active\" aria-controls=\"content-cac9\" aria-expanded=\"true\"><span class=\"w-tabs-item-title\">Projets \/ D\u00e9veloppement<\/span><\/button><button class=\"w-tabs-item\" aria-controls=\"content-i414\" aria-expanded=\"false\"><span class=\"w-tabs-item-title\">EPC<\/span><\/button><button class=\"w-tabs-item\" aria-controls=\"content-hcbb\" aria-expanded=\"false\"><span class=\"w-tabs-item-title\">Exploitation et maintenance<\/span><\/button><button class=\"w-tabs-item\" aria-controls=\"content-a4d6\" aria-expanded=\"false\"><span class=\"w-tabs-item-title\">Achat d&rsquo;\u00e9lectricit\u00e9 \/ contrats<\/span><\/button><button class=\"w-tabs-item\" aria-controls=\"content-gd7e\" aria-expanded=\"false\"><span class=\"w-tabs-item-title\">Revamping &amp; Repowering<\/span><\/button><button class=\"w-tabs-item\" aria-controls=\"content-n864\" aria-expanded=\"false\"><span class=\"w-tabs-item-title\">Gestion d&rsquo;actifs<\/span><\/button><\/div><\/div><div class=\"w-tabs-sections titles-align_none icon_chevron cpos_right\"><div class=\"w-tabs-section active\" id=\"cac9\"><button class=\"w-tabs-section-header active\" aria-controls=\"content-cac9\" aria-expanded=\"true\"><h4 class=\"w-tabs-section-title\">Projets \/ D\u00e9veloppement<\/h4><div class=\"w-tabs-section-control\"><\/div><\/button><div  class=\"w-tabs-section-content\" id=\"content-cac9\"><div class=\"w-tabs-section-content-h i-cf\"><div class=\"g-cols wpb_row via_flex valign_top type_default stacking_default\"><div class=\"vc_col-sm-6 wpb_column vc_column_container\"><div class=\"vc_column-inner\"><div class=\"wpb_wrapper\"><div class=\"wpb_text_column\"><div class=\"wpb_wrapper\"><h4>D\u00e9veloppement de projets<\/h4>\n<p><strong>Nous r\u00e9unissons transition \u00e9nerg\u00e9tique et acceptation locale:<br \/>\n<\/strong><\/p>\n<ul>\n<li>Rep\u00e9rage de sites et d\u00e9veloppement foncier;<\/li>\n<li>Concertation avec les municipalit\u00e9s et gestion des proc\u00e9dures d&rsquo;autorisation;<\/li>\n<li>D\u00e9veloppement de mod\u00e8les de participation citoyenne;<\/li>\n<li>Structuration des financements et des AAE;<\/li>\n<li>Pr\u00e9-ing\u00e9nierie et gestion des parties prenantes.<\/li>\n<\/ul>\n<\/div><\/div><\/div><\/div><\/div><div class=\"vc_col-sm-6 wpb_column vc_column_container\"><div class=\"vc_column-inner us_custom_1f64da91\"><div class=\"wpb_wrapper\"><div class=\"w-image has_ratio align_none\"><div class=\"w-image-h\"><div style=\"padding-bottom:100%\"><\/div><img decoding=\"async\" width=\"2560\" height=\"1706\" src=\"https:\/\/moehring-energie.com\/wp-content\/uploads\/2025\/06\/974A1047_b_F-scaled.jpg\" class=\"attachment-full size-full\" alt=\"\" loading=\"lazy\" \/><\/div><\/div><\/div><\/div><\/div><\/div><\/div><\/div><\/div><div class=\"w-tabs-section\" id=\"i414\"><button class=\"w-tabs-section-header\" aria-controls=\"content-i414\" aria-expanded=\"false\"><h4 class=\"w-tabs-section-title\">EPC<\/h4><div class=\"w-tabs-section-control\"><\/div><\/button><div  class=\"w-tabs-section-content\" id=\"content-i414\"><div class=\"w-tabs-section-content-h i-cf\"><div class=\"g-cols wpb_row via_flex valign_top type_default stacking_default\"><div class=\"vc_col-sm-6 wpb_column vc_column_container\"><div class=\"vc_column-inner\"><div class=\"wpb_wrapper\"><div class=\"wpb_text_column\"><div class=\"wpb_wrapper\"><h4>EPC &#8211; Ing\u00e9nierie, Approvisionnement, Construction<\/h4>\n<p><strong>De la planification \u00e0 la derni\u00e8re vis:<\/strong><\/p>\n<ul>\n<li>Conception technique pour des projets PV et \u00e9oliens de toute \u00e9chelle;<\/li>\n<li>Approvisionnement en composants de haute qualit\u00e9 gr\u00e2ce \u00e0 notre r\u00e9seau mondial de partenaires;<\/li>\n<li>Construction r\u00e9alis\u00e9e par nos propres \u00e9quipes de montage ou en \u00e9troite coop\u00e9ration avec des partenaires qualifi\u00e9s;<\/li>\n<li>Qualit\u00e9 maximale et respect des d\u00e9lais pour nos propres projets comme pour ceux de nos clients.<\/li>\n<\/ul>\n<\/div><\/div><\/div><\/div><\/div><div class=\"vc_col-sm-6 wpb_column vc_column_container\"><div class=\"vc_column-inner us_custom_6217dcc9\"><div class=\"wpb_wrapper\"><div class=\"w-image has_ratio align_none\"><div class=\"w-image-h\"><div style=\"padding-bottom:100%\"><\/div><img decoding=\"async\" width=\"2560\" height=\"1920\" src=\"https:\/\/moehring-energie.com\/wp-content\/uploads\/2025\/06\/IMG_2274-scaled.jpg\" class=\"attachment-full size-full\" alt=\"\" loading=\"lazy\" \/><\/div><\/div><\/div><\/div><\/div><\/div><\/div><\/div><\/div><div class=\"w-tabs-section\" id=\"hcbb\"><button class=\"w-tabs-section-header\" aria-controls=\"content-hcbb\" aria-expanded=\"false\"><h4 class=\"w-tabs-section-title\">Exploitation et maintenance<\/h4><div class=\"w-tabs-section-control\"><\/div><\/button><div  class=\"w-tabs-section-content\" id=\"content-hcbb\"><div class=\"w-tabs-section-content-h i-cf\"><div class=\"g-cols wpb_row via_flex valign_top type_default stacking_default\"><div class=\"vc_col-sm-6 wpb_column vc_column_container\"><div class=\"vc_column-inner\"><div class=\"wpb_wrapper\"><div class=\"wpb_text_column\"><div class=\"wpb_wrapper\"><h4>Op\u00e9rations et maintenance (O&amp;M)<\/h4>\n<p><strong>Nous veillons \u00e0 ce que les op\u00e9rations se d\u00e9roulent sans probl\u00e8me :<\/strong><\/p>\n<ul>\n<li>Surveillance \u00e0 distance &amp; d\u00e9tection des anomalies via notre syst\u00e8me de gestion des actifs intelligents;<\/li>\n<li>Maintenance efficace &amp; remplacement des modules d\u00e9fectueux;<\/li>\n<li>Une gestion \u00e0 long terme pour garantir un rendement optimal.<\/li>\n<\/ul>\n<\/div><\/div><\/div><\/div><\/div><div class=\"vc_col-sm-6 wpb_column vc_column_container\"><div class=\"vc_column-inner us_custom_6217dcc9\"><div class=\"wpb_wrapper\"><div class=\"w-image has_ratio align_none\"><div class=\"w-image-h\"><div style=\"padding-bottom:100%\"><\/div><img decoding=\"async\" width=\"1000\" height=\"560\" src=\"https:\/\/moehring-energie.com\/wp-content\/uploads\/2025\/04\/wartung.avif\" class=\"attachment-large size-large\" alt=\"\" loading=\"lazy\" \/><\/div><\/div><\/div><\/div><\/div><\/div><\/div><\/div><\/div><div class=\"w-tabs-section\" id=\"a4d6\"><button class=\"w-tabs-section-header\" aria-controls=\"content-a4d6\" aria-expanded=\"false\"><h4 class=\"w-tabs-section-title\">Achat d&rsquo;\u00e9lectricit\u00e9 \/ contrats<\/h4><div class=\"w-tabs-section-control\"><\/div><\/button><div  class=\"w-tabs-section-content\" id=\"content-a4d6\"><div class=\"w-tabs-section-content-h i-cf\"><div class=\"g-cols wpb_row via_flex valign_top type_default stacking_default\"><div class=\"vc_col-sm-6 wpb_column vc_column_container\"><div class=\"vc_column-inner\"><div class=\"wpb_wrapper\"><div class=\"wpb_text_column\"><div class=\"wpb_wrapper\"><h4>Accords d&rsquo;achat d&rsquo;\u00e9lectricit\u00e9 (AAE)<\/h4>\n<p><strong>Nous connectons les producteurs et les acheteurs :<\/strong><\/p>\n<ul>\n<li>D\u00e9veloppement et n\u00e9gociation de contrats d&rsquo;achat d&rsquo;\u00e9lectricit\u00e9;<\/li>\n<li>Commercialisation directe et optimisation des revenus de vos installations.<\/li>\n<\/ul>\n<\/div><\/div><\/div><\/div><\/div><div class=\"vc_col-sm-6 wpb_column vc_column_container\"><div class=\"vc_column-inner us_custom_6217dcc9\"><div class=\"wpb_wrapper\"><div class=\"w-image has_ratio align_none\"><div class=\"w-image-h\"><div style=\"padding-bottom:100%\"><\/div><img decoding=\"async\" width=\"800\" height=\"533\" src=\"https:\/\/moehring-energie.com\/wp-content\/uploads\/2025\/04\/bertraege.avif\" class=\"attachment-large size-large\" alt=\"\" loading=\"lazy\" \/><\/div><\/div><\/div><\/div><\/div><\/div><\/div><\/div><\/div><div class=\"w-tabs-section\" id=\"gd7e\"><button class=\"w-tabs-section-header\" aria-controls=\"content-gd7e\" aria-expanded=\"false\"><h4 class=\"w-tabs-section-title\">Revamping &amp; Repowering<\/h4><div class=\"w-tabs-section-control\"><\/div><\/button><div  class=\"w-tabs-section-content\" id=\"content-gd7e\"><div class=\"w-tabs-section-content-h i-cf\"><div class=\"g-cols wpb_row via_flex valign_top type_default stacking_default\"><div class=\"vc_col-sm-6 wpb_column vc_column_container\"><div class=\"vc_column-inner\"><div class=\"wpb_wrapper\"><div class=\"wpb_text_column\"><div class=\"wpb_wrapper\"><h4>Revamping \/ Repowering<\/h4>\n<p><strong>Augmenter la performance des installations existantes :<\/strong><\/p>\n<ul>\n<li>Remplacement et modernisation de composants individuels;<\/li>\n<li>R\u00e9novation complete des anciennes installations photovolta\u00efques et \u00e9oliennes;<\/li>\n<li>Augmentation rentable du rendement gr\u00e2ce \u00e0 l&rsquo;optimisation technique.<\/li>\n<\/ul>\n<\/div><\/div><\/div><\/div><\/div><div class=\"vc_col-sm-6 wpb_column vc_column_container\"><div class=\"vc_column-inner us_custom_6217dcc9\"><div class=\"wpb_wrapper\"><div class=\"w-image has_ratio align_none\"><div class=\"w-image-h\"><div style=\"padding-bottom:100%\"><\/div><img decoding=\"async\" width=\"1024\" height=\"683\" src=\"https:\/\/moehring-energie.com\/wp-content\/uploads\/2025\/06\/Jocksdorf_MG_0110-1024x683.jpg\" class=\"attachment-large size-large\" alt=\"\" loading=\"lazy\" \/><\/div><\/div><\/div><\/div><\/div><\/div><\/div><\/div><\/div><div class=\"w-tabs-section\" id=\"n864\"><button class=\"w-tabs-section-header\" aria-controls=\"content-n864\" aria-expanded=\"false\"><h4 class=\"w-tabs-section-title\">Gestion d&rsquo;actifs<\/h4><div class=\"w-tabs-section-control\"><\/div><\/button><div  class=\"w-tabs-section-content\" id=\"content-n864\"><div class=\"w-tabs-section-content-h i-cf\"><div class=\"g-cols wpb_row via_flex valign_top type_default stacking_default\"><div class=\"vc_col-sm-6 wpb_column vc_column_container\"><div class=\"vc_column-inner\"><div class=\"wpb_wrapper\"><div class=\"wpb_text_column\"><div class=\"wpb_wrapper\"><h4>Gestion d&rsquo;actifs<\/h4>\n<p><strong>Gestion professionnelle des actifs \u00e9nerg\u00e9tiques:<\/strong><\/p>\n<ul>\n<li>Achat et vente d&rsquo;actifs existants;<\/li>\n<li>Optimisation de portefeuille pour les investisseurs et exploitants;<\/li>\n<li>Accompagnement technique &amp; commercial tout au long du cycle de vie.<\/li>\n<\/ul>\n<\/div><\/div><\/div><\/div><\/div><div class=\"vc_col-sm-6 wpb_column vc_column_container\"><div class=\"vc_column-inner us_custom_6217dcc9\"><div class=\"wpb_wrapper\"><div class=\"w-image has_ratio align_none\"><div class=\"w-image-h\"><div style=\"padding-bottom:100%\"><\/div><img decoding=\"async\" width=\"1024\" height=\"341\" src=\"https:\/\/moehring-energie.com\/wp-content\/uploads\/2025\/06\/AdobeStock_656730530-1024x341.jpeg\" class=\"attachment-large size-large\" alt=\"\" loading=\"lazy\" \/><\/div><\/div><\/div><\/div><\/div><\/div><\/div><\/div><\/div><\/div><\/div><\/div><\/div><\/div><\/div><\/div><\/section><section class=\"l-section wpb_row height_small\"><div class=\"l-section-h i-cf\"><div class=\"g-cols vc_row via_flex valign_top type_default stacking_default\"><div class=\"vc_col-sm-12 wpb_column vc_column_container\"><div class=\"vc_column-inner\"><div class=\"wpb_wrapper\"><div class=\"wpb_text_column\"><div class=\"wpb_wrapper\"><\/div><\/div><\/div><\/div><\/div><\/div><\/div><\/section>\n","protected":false},"excerpt":{"rendered":"Solutions int\u00e9gr\u00e9es d&rsquo;une seule source Solutions \u00e9nerg\u00e9tiques globales &#8211; de la conception \u00e0 l&rsquo;exploitation M\u00f6hring Energie est votre partenaire pour les projets d&rsquo;\u00e9nergie renouvelable. Nous accompagnons le cycle de vie complet de votre installation, avec une expertise couvrant la planification, la construction et l&rsquo;exploitation, ainsi que dans la production et la commercialisation des sources d&rsquo;\u00e9nergie...","protected":false},"author":1,"featured_media":0,"parent":0,"menu_order":4,"comment_status":"closed","ping_status":"closed","template":"","meta":{"footnotes":""},"class_list":["post-11934","page","type-page","status-publish","hentry"],"_links":{"self":[{"href":"https:\/\/moehring-energie.com\/fr\/wp-json\/wp\/v2\/pages\/11934","targetHints":{"allow":["GET"]}}],"collection":[{"href":"https:\/\/moehring-energie.com\/fr\/wp-json\/wp\/v2\/pages"}],"about":[{"href":"https:\/\/moehring-energie.com\/fr\/wp-json\/wp\/v2\/types\/page"}],"author":[{"embeddable":true,"href":"https:\/\/moehring-energie.com\/fr\/wp-json\/wp\/v2\/users\/1"}],"replies":[{"embeddable":true,"href":"https:\/\/moehring-energie.com\/fr\/wp-json\/wp\/v2\/comments?post=11934"}],"version-history":[{"count":87,"href":"https:\/\/moehring-energie.com\/fr\/wp-json\/wp\/v2\/pages\/11934\/revisions"}],"predecessor-version":[{"id":14084,"href":"https:\/\/moehring-energie.com\/fr\/wp-json\/wp\/v2\/pages\/11934\/revisions\/14084"}],"wp:attachment":[{"href":"https:\/\/moehring-energie.com\/fr\/wp-json\/wp\/v2\/media?parent=11934"}],"curies":[{"name":"wp","href":"https:\/\/api.w.org\/{rel}","templated":true}]}}