{"id":11947,"date":"2025-04-21T16:44:23","date_gmt":"2025-04-21T14:44:23","guid":{"rendered":"https:\/\/moehring-energie.com\/solaire\/"},"modified":"2026-01-05T11:32:57","modified_gmt":"2026-01-05T10:32:57","slug":"solaire","status":"publish","type":"page","link":"https:\/\/moehring-energie.com\/fr\/solaire\/","title":{"rendered":"Solaire"},"content":{"rendered":"<section class=\"l-section wpb_row height_custom color_primary with_img\"><div class=\"l-section-img\" role=\"img\" data-img-width=\"1599\" data-img-height=\"896\" style=\"background-image: url(https:\/\/moehring-energie.com\/wp-content\/uploads\/2025\/05\/freiflaechen-home.jpg);background-repeat: no-repeat;\"><\/div><div class=\"l-section-overlay\" style=\"background:rgba(10,10,10,0.3)\"><\/div><div class=\"l-section-h i-cf\"><div class=\"g-cols vc_row via_flex valign_top type_default stacking_default\"><div class=\"vc_col-sm-12 wpb_column vc_column_container\"><div class=\"vc_column-inner us_custom_8694f0b0\"><div class=\"wpb_wrapper\"><div class=\"w-separator size_medium\"><\/div><div class=\"wpb_text_column us_custom_60813065\"><div class=\"wpb_wrapper\"><h1>Technologie solaire<\/h1>\n<\/div><\/div><\/div><\/div><\/div><\/div><\/div><\/section><section class=\"l-section wpb_row height_auto width_full\"><div class=\"l-section-h i-cf\"><div class=\"g-cols vc_row via_flex valign_middle type_boxes stacking_default\"><div class=\"vc_col-sm-6 wpb_column vc_column_container has_bg_color\"><div class=\"vc_column-inner us_custom_315b8835\"><div class=\"wpb_wrapper\"><div class=\"wpb_text_column\"><div class=\"wpb_wrapper\"><h2>L&rsquo;\u00e9nergie solaire &#8211; une production d&rsquo;\u00e9lectricit\u00e9 propre et syst\u00e9matique<\/h2>\n<p><strong>Le photovolta\u00efque est un pilier central de nos projets \u00e9nerg\u00e9tiques.<\/strong><br \/>\nNous planifions, construisons et exploitons des installations solaires de toutes tailles &#8211; des centrales au sol aux solutions hybrides avec stockage ou production d&rsquo;hydrog\u00e8ne.<\/p>\n<ul>\n<li>Conception de modules et de syst\u00e8mes pour un rendement maximal<\/li>\n<li>Int\u00e9gration du stockage au r\u00e9seau possible en option<\/li>\n<li>Exp\u00e9rience internationale, notamment en Allemagne, Ukraine et au Maroc<\/li>\n<\/ul>\n<p><a href=\"https:\/\/moehring-energie.com\/fr\/services\/\"><b>En savoir plus sur nos services <\/b><\/a><b><a href=\"https:\/\/moehring-energie.com\/fr\/services\/\">\u2192 <\/a><\/b><br \/>\n<a href=\"https:\/\/moehring-energie.com\/fr\/references\/\"><b>Voir la r\u00e9f\u00e9rence <\/b><\/a><b><a href=\"h#\/\">\u2192 <\/a><\/b><\/p>\n<\/div><\/div><\/div><\/div><\/div><div class=\"vc_col-sm-6 wpb_column vc_column_container\"><div class=\"vc_column-inner us_custom_25db962f\"><div class=\"wpb_wrapper\"><div class=\"w-separator size_medium\"><\/div><div class=\"w-video align_none ratio_4x3\"><div class=\"w-video-h\"><video  preload=\"metadata\" playsinline autoplay loop muted><source type=\"video\/mp4\" src=\"https:\/\/moehring-energie.com\/wp-content\/uploads\/2025\/04\/65ce53d310f27c74be1b00fe_AdobeStock_612746568_Video_HD_Preview-transcode.mp4\" \/><\/video><\/div><\/div><\/div><\/div><\/div><\/div><\/div><\/section><section class=\"l-section wpb_row height_medium\"><div class=\"l-section-h i-cf\"><div class=\"g-cols vc_row via_flex valign_top type_default stacking_default\"><div class=\"vc_col-sm-12 wpb_column vc_column_container\"><div class=\"vc_column-inner\"><div class=\"wpb_wrapper\"><\/div><\/div><\/div><\/div><\/div><\/section>\n","protected":false},"excerpt":{"rendered":"Technologie solaire L&rsquo;\u00e9nergie solaire &#8211; une production d&rsquo;\u00e9lectricit\u00e9 propre et syst\u00e9matique Le photovolta\u00efque est un pilier central de nos projets \u00e9nerg\u00e9tiques. Nous planifions, construisons et exploitons des installations solaires de toutes tailles &#8211; des centrales au sol aux solutions hybrides avec stockage ou production d&rsquo;hydrog\u00e8ne. Conception de modules et de syst\u00e8mes pour un rendement maximal...","protected":false},"author":1,"featured_media":0,"parent":0,"menu_order":20,"comment_status":"closed","ping_status":"closed","template":"","meta":{"footnotes":""},"class_list":["post-11947","page","type-page","status-publish","hentry"],"_links":{"self":[{"href":"https:\/\/moehring-energie.com\/fr\/wp-json\/wp\/v2\/pages\/11947","targetHints":{"allow":["GET"]}}],"collection":[{"href":"https:\/\/moehring-energie.com\/fr\/wp-json\/wp\/v2\/pages"}],"about":[{"href":"https:\/\/moehring-energie.com\/fr\/wp-json\/wp\/v2\/types\/page"}],"author":[{"embeddable":true,"href":"https:\/\/moehring-energie.com\/fr\/wp-json\/wp\/v2\/users\/1"}],"replies":[{"embeddable":true,"href":"https:\/\/moehring-energie.com\/fr\/wp-json\/wp\/v2\/comments?post=11947"}],"version-history":[{"count":26,"href":"https:\/\/moehring-energie.com\/fr\/wp-json\/wp\/v2\/pages\/11947\/revisions"}],"predecessor-version":[{"id":14075,"href":"https:\/\/moehring-energie.com\/fr\/wp-json\/wp\/v2\/pages\/11947\/revisions\/14075"}],"wp:attachment":[{"href":"https:\/\/moehring-energie.com\/fr\/wp-json\/wp\/v2\/media?parent=11947"}],"curies":[{"name":"wp","href":"https:\/\/api.w.org\/{rel}","templated":true}]}}