{"id":11972,"date":"2025-06-04T12:50:24","date_gmt":"2025-06-04T10:50:24","guid":{"rendered":"https:\/\/moehring-energie.com\/?page_id=11972"},"modified":"2025-06-23T11:18:08","modified_gmt":"2025-06-23T09:18:08","slug":"contactez-nous","status":"publish","type":"page","link":"https:\/\/moehring-energie.com\/fr\/contactez-nous\/","title":{"rendered":"Personne \u00e0 contacter"},"content":{"rendered":"<section class=\"l-section wpb_row us_custom_41d995af height_custom\"><div class=\"l-section-overlay\" style=\"background:rgba(2,2,2,0.1)\"><\/div><div class=\"l-section-h i-cf\"><div class=\"g-cols vc_row via_flex valign_top type_default stacking_default\"><div class=\"vc_col-sm-12 wpb_column vc_column_container\"><div class=\"vc_column-inner us_custom_8694f0b0\"><div class=\"wpb_wrapper\"><div class=\"w-separator size_medium\"><\/div><div class=\"wpb_text_column us_custom_836f727b has_text_color\"><div class=\"wpb_wrapper\"><h1 style=\"text-align: left;\">Contactez Nous<\/h1>\n<\/div><\/div><div class=\"w-separator size_small\"><\/div><div class=\"w-iconbox iconpos_top style_default color_custom align_center no_text no_title\"><a href=\"#intro\" class=\"w-iconbox-link\" aria-label><div class=\"w-iconbox-icon\" style=\"font-size:3rem;--icon-color:#ffffff;\"><\/div><\/a><div class=\"w-iconbox-meta\"><\/div><\/div><\/div><\/div><\/div><\/div><\/div><\/section><section class=\"l-section wpb_row us_custom_890a1657 height_auto width_full type_sticky\"><div class=\"l-section-h i-cf\"><div class=\"g-cols vc_row via_flex valign_top type_default stacking_default\"><div class=\"vc_col-sm-12 wpb_column vc_column_container\"><div class=\"vc_column-inner\"><div class=\"wpb_wrapper\"><\/div><\/div><\/div><\/div><\/div><\/section><section class=\"l-section wpb_row us_custom_422bfc10 height_small\"><div class=\"l-section-h i-cf\"><div class=\"g-cols vc_row via_flex valign_top type_default stacking_default\"><div class=\"vc_col-sm-6 wpb_column vc_column_container\"><div class=\"vc_column-inner\"><div class=\"wpb_wrapper\"><div class=\"wpb_text_column us_custom_1c586727\"><div class=\"wpb_wrapper\"><h2><strong>Nous sommes \u00e0 votre service<\/strong><\/h2>\n<p>Int\u00e9ress\u00e9 par un partenariat, un investissement ou un offtake ?<br \/>\nContactez notre \u00e9quipe de projet !<\/p>\n<p>Vous souhaitez r\u00e9aliser une installation photovolta\u00efque sur votre surface commerciale ou initier un parc solaire dans votre commune ?<\/p>\n<p>Contactez notre \u00e9quipe de d\u00e9veloppement &#8211; nous \u00e9valuerons votre potentiel de mani\u00e8re professionnelle et en partenariat.<\/p>\n<\/div><\/div><\/div><\/div><\/div><div class=\"vc_col-sm-6 wpb_column vc_column_container\" id=\"#more\"><div class=\"vc_column-inner\"><div class=\"wpb_wrapper\"><div class=\"w-image align_none\"><div class=\"w-image-h\"><img decoding=\"async\" width=\"600\" height=\"400\" src=\"https:\/\/moehring-energie.com\/wp-content\/uploads\/2025\/06\/ME-3Chiefs-Busenwurth-Hauseingang-1.jpg\" class=\"attachment-large size-large\" alt=\"\" loading=\"lazy\" srcset=\"https:\/\/moehring-energie.com\/wp-content\/uploads\/2025\/06\/ME-3Chiefs-Busenwurth-Hauseingang-1.jpg 600w, https:\/\/moehring-energie.com\/wp-content\/uploads\/2025\/06\/ME-3Chiefs-Busenwurth-Hauseingang-1-300x200.jpg 300w\" sizes=\"auto, (max-width: 600px) 100vw, 600px\" \/><\/div><\/div><\/div><\/div><\/div><\/div><\/div><\/section><section class=\"l-section wpb_row height_small color_alternate\" id=\"team\"><div class=\"l-section-h i-cf\"><div class=\"g-cols vc_row via_flex valign_top type_default stacking_default\"><div class=\"vc_col-sm-12 wpb_column vc_column_container\"><div class=\"vc_column-inner\"><div class=\"wpb_wrapper\"><div class=\"wpb_text_column\"><div class=\"wpb_wrapper\"><h2 style=\"text-align: left;\">Vos contacts<\/h2>\n<\/div><\/div><div class=\"w-separator size_small\"><\/div><div class=\"w-separator size_medium\"><\/div><div class=\"g-cols wpb_row via_flex valign_top type_default stacking_default\"><div class=\"vc_col-sm-3 wpb_column vc_column_container\"><div class=\"vc_column-inner\"><div class=\"wpb_wrapper\"><div class=\"w-person layout_simple with_socials\" itemscope itemtype=\"https:\/\/schema.org\/Person\"><div class=\"w-person-image\"><img loading=\"lazy\" decoding=\"async\" width=\"1439\" height=\"1439\" src=\"https:\/\/moehring-energie.com\/wp-content\/uploads\/2025\/06\/SaschaMoehring_Ausschnitt-Quadrat-hell.jpg\" class=\"attachment-full size-full\" alt=\"\" itemprop=\"image\" srcset=\"https:\/\/moehring-energie.com\/wp-content\/uploads\/2025\/06\/SaschaMoehring_Ausschnitt-Quadrat-hell.jpg 1439w, https:\/\/moehring-energie.com\/wp-content\/uploads\/2025\/06\/SaschaMoehring_Ausschnitt-Quadrat-hell-300x300.jpg 300w, https:\/\/moehring-energie.com\/wp-content\/uploads\/2025\/06\/SaschaMoehring_Ausschnitt-Quadrat-hell-1024x1024.jpg 1024w, https:\/\/moehring-energie.com\/wp-content\/uploads\/2025\/06\/SaschaMoehring_Ausschnitt-Quadrat-hell-150x150.jpg 150w, https:\/\/moehring-energie.com\/wp-content\/uploads\/2025\/06\/SaschaMoehring_Ausschnitt-Quadrat-hell-400x400.jpg 400w\" sizes=\"auto, (max-width: 1439px) 100vw, 1439px\" \/><\/div><div class=\"w-person-content\"><h4 itemprop=\"name\" class=\"w-person-name\"><span>Sascha M\u00f6hring<\/span><\/h4><div class=\"w-person-role\" itemprop=\"jobTitle\">CTO<\/div><div class=\"w-person-links\"><div class=\"w-person-links-list\"><a href=\"#\" target=\"_blank\" rel=\"nofollow\" class=\"w-person-links-item type_facebook\" title=\"Facebook\"><i class=\"fab fa-facebook\"><\/i><\/a><a href=\"#\" target=\"_blank\" rel=\"nofollow\" class=\"w-person-links-item type_google\" title=\"Google\"><i class=\"fab fa-google\"><\/i><\/a><a href=\"#\" target=\"_blank\" rel=\"nofollow\" class=\"w-person-links-item type_linkedin\" title=\"LinkedIn\"><i class=\"fab fa-linkedin\"><\/i><\/a><a href=\"mailto:info@moehring-energie.com  \" class=\"w-person-links-item type_custom_link\"><i class=\"fas fa-envelope\"><\/i><\/a><\/div><\/div><\/div><\/div><\/div><\/div><\/div><div class=\"vc_col-sm-3 wpb_column vc_column_container\"><div class=\"vc_column-inner\"><div class=\"wpb_wrapper\"><div class=\"w-person layout_simple with_socials\" itemscope itemtype=\"https:\/\/schema.org\/Person\"><div class=\"w-person-image\"><img loading=\"lazy\" decoding=\"async\" width=\"902\" height=\"902\" src=\"https:\/\/moehring-energie.com\/wp-content\/uploads\/2025\/06\/JanBlock-Quadrat_Ausschnitt-grau.jpg\" class=\"attachment-full size-full\" alt=\"\" itemprop=\"image\" srcset=\"https:\/\/moehring-energie.com\/wp-content\/uploads\/2025\/06\/JanBlock-Quadrat_Ausschnitt-grau.jpg 902w, https:\/\/moehring-energie.com\/wp-content\/uploads\/2025\/06\/JanBlock-Quadrat_Ausschnitt-grau-300x300.jpg 300w, https:\/\/moehring-energie.com\/wp-content\/uploads\/2025\/06\/JanBlock-Quadrat_Ausschnitt-grau-150x150.jpg 150w, https:\/\/moehring-energie.com\/wp-content\/uploads\/2025\/06\/JanBlock-Quadrat_Ausschnitt-grau-400x400.jpg 400w\" sizes=\"auto, (max-width: 902px) 100vw, 902px\" \/><\/div><div class=\"w-person-content\"><h4 itemprop=\"name\" class=\"w-person-name\"><span>Jan Block<\/span><\/h4><div class=\"w-person-role\" itemprop=\"jobTitle\">PDG<\/div><div class=\"w-person-links\"><div class=\"w-person-links-list\"><a href=\"#\" target=\"_blank\" rel=\"nofollow\" class=\"w-person-links-item type_facebook\" title=\"Facebook\"><i class=\"fab fa-facebook\"><\/i><\/a><a href=\"#\" target=\"_blank\" rel=\"nofollow\" class=\"w-person-links-item type_google\" title=\"Google\"><i class=\"fab fa-google\"><\/i><\/a><a href=\"#\" target=\"_blank\" rel=\"nofollow\" class=\"w-person-links-item type_linkedin\" title=\"LinkedIn\"><i class=\"fab fa-linkedin\"><\/i><\/a><a href=\"mailto:info@moehring-energie.com  \" class=\"w-person-links-item type_custom_link\"><i class=\"fas fa-envelope\"><\/i><\/a><\/div><\/div><\/div><\/div><\/div><\/div><\/div><div class=\"vc_col-sm-3 wpb_column vc_column_container\"><div class=\"vc_column-inner\"><div class=\"wpb_wrapper\"><div class=\"w-person layout_simple with_socials\" itemscope itemtype=\"https:\/\/schema.org\/Person\"><div class=\"w-person-image\"><img loading=\"lazy\" decoding=\"async\" width=\"900\" height=\"900\" src=\"https:\/\/moehring-energie.com\/wp-content\/uploads\/2025\/06\/RolfSchrenick-Quadrat-Ausschnitt-grau.jpg\" class=\"attachment-full size-full\" alt=\"\" itemprop=\"image\" srcset=\"https:\/\/moehring-energie.com\/wp-content\/uploads\/2025\/06\/RolfSchrenick-Quadrat-Ausschnitt-grau.jpg 900w, https:\/\/moehring-energie.com\/wp-content\/uploads\/2025\/06\/RolfSchrenick-Quadrat-Ausschnitt-grau-300x300.jpg 300w, https:\/\/moehring-energie.com\/wp-content\/uploads\/2025\/06\/RolfSchrenick-Quadrat-Ausschnitt-grau-150x150.jpg 150w, https:\/\/moehring-energie.com\/wp-content\/uploads\/2025\/06\/RolfSchrenick-Quadrat-Ausschnitt-grau-400x400.jpg 400w\" sizes=\"auto, (max-width: 900px) 100vw, 900px\" \/><\/div><div class=\"w-person-content\"><h4 itemprop=\"name\" class=\"w-person-name\"><span>Rolf Schrenick<\/span><\/h4><div class=\"w-person-role\" itemprop=\"jobTitle\">DIRECTEUR FINANCIER<\/div><div class=\"w-person-links\"><div class=\"w-person-links-list\"><a href=\"#\" target=\"_blank\" rel=\"nofollow\" class=\"w-person-links-item type_facebook\" title=\"Facebook\"><i class=\"fab fa-facebook\"><\/i><\/a><a href=\"#\" target=\"_blank\" rel=\"nofollow\" class=\"w-person-links-item type_google\" title=\"Google\"><i class=\"fab fa-google\"><\/i><\/a><a href=\"#\" target=\"_blank\" rel=\"nofollow\" class=\"w-person-links-item type_linkedin\" title=\"LinkedIn\"><i class=\"fab fa-linkedin\"><\/i><\/a><a href=\"mailto:info@moehring-energie.com  \" class=\"w-person-links-item type_custom_link\"><i class=\"fas fa-envelope\"><\/i><\/a><\/div><\/div><\/div><\/div><\/div><\/div><\/div><div class=\"vc_col-sm-3 wpb_column vc_column_container\"><div class=\"vc_column-inner\"><div class=\"wpb_wrapper\"><div class=\"w-person layout_simple with_socials\" itemscope itemtype=\"https:\/\/schema.org\/Person\"><div class=\"w-person-image\"><img loading=\"lazy\" decoding=\"async\" width=\"300\" height=\"300\" src=\"https:\/\/moehring-energie.com\/wp-content\/uploads\/2025\/05\/person.jpg\" class=\"attachment-full size-full\" alt=\"\" itemprop=\"image\" srcset=\"https:\/\/moehring-energie.com\/wp-content\/uploads\/2025\/05\/person.jpg 300w, https:\/\/moehring-energie.com\/wp-content\/uploads\/2025\/05\/person-150x150.jpg 150w\" sizes=\"auto, (max-width: 300px) 100vw, 300px\" \/><\/div><div class=\"w-person-content\"><h4 itemprop=\"name\" class=\"w-person-name\"><span>Personne 4<\/span><\/h4><div class=\"w-person-role\" itemprop=\"jobTitle\">CTO<\/div><div class=\"w-person-links\"><div class=\"w-person-links-list\"><a href=\"#\" target=\"_blank\" rel=\"nofollow\" class=\"w-person-links-item type_facebook\" title=\"Facebook\"><i class=\"fab fa-facebook\"><\/i><\/a><a href=\"#\" target=\"_blank\" rel=\"nofollow\" class=\"w-person-links-item type_google\" title=\"Google\"><i class=\"fab fa-google\"><\/i><\/a><a href=\"#\" target=\"_blank\" rel=\"nofollow\" class=\"w-person-links-item type_linkedin\" title=\"LinkedIn\"><i class=\"fab fa-linkedin\"><\/i><\/a><a href=\"mailto:info@moehring-energie.com  \" class=\"w-person-links-item type_custom_link\"><i class=\"fas fa-envelope\"><\/i><\/a><\/div><\/div><\/div><\/div><\/div><\/div><\/div><\/div><\/div><\/div><\/div><\/div><\/div><\/section><section class=\"l-section wpb_row us_custom_315b8835 height_small color_alternate\" id=\"clients\"><div class=\"l-section-h i-cf\"><div class=\"g-cols vc_row via_flex valign_top type_default stacking_default\"><div class=\"vc_col-sm-12 wpb_column vc_column_container\"><div class=\"vc_column-inner\"><div class=\"wpb_wrapper\"><\/div><\/div><\/div><\/div><\/div><\/section>\n","protected":false},"excerpt":{"rendered":"Contactez Nous Nous sommes \u00e0 votre service Int\u00e9ress\u00e9 par un partenariat, un investissement ou un offtake ? Contactez notre \u00e9quipe de projet ! Vous souhaitez r\u00e9aliser une installation photovolta\u00efque sur votre surface commerciale ou initier un parc solaire dans votre commune ? Contactez notre \u00e9quipe de d\u00e9veloppement &#8211; nous \u00e9valuerons votre potentiel de mani\u00e8re professionnelle...","protected":false},"author":1,"featured_media":0,"parent":0,"menu_order":96,"comment_status":"closed","ping_status":"closed","template":"","meta":{"footnotes":""},"class_list":["post-11972","page","type-page","status-publish","hentry"],"_links":{"self":[{"href":"https:\/\/moehring-energie.com\/fr\/wp-json\/wp\/v2\/pages\/11972","targetHints":{"allow":["GET"]}}],"collection":[{"href":"https:\/\/moehring-energie.com\/fr\/wp-json\/wp\/v2\/pages"}],"about":[{"href":"https:\/\/moehring-energie.com\/fr\/wp-json\/wp\/v2\/types\/page"}],"author":[{"embeddable":true,"href":"https:\/\/moehring-energie.com\/fr\/wp-json\/wp\/v2\/users\/1"}],"replies":[{"embeddable":true,"href":"https:\/\/moehring-energie.com\/fr\/wp-json\/wp\/v2\/comments?post=11972"}],"version-history":[{"count":5,"href":"https:\/\/moehring-energie.com\/fr\/wp-json\/wp\/v2\/pages\/11972\/revisions"}],"predecessor-version":[{"id":13269,"href":"https:\/\/moehring-energie.com\/fr\/wp-json\/wp\/v2\/pages\/11972\/revisions\/13269"}],"wp:attachment":[{"href":"https:\/\/moehring-energie.com\/fr\/wp-json\/wp\/v2\/media?parent=11972"}],"curies":[{"name":"wp","href":"https:\/\/api.w.org\/{rel}","templated":true}]}}