{"id":11994,"date":"2025-05-22T15:01:25","date_gmt":"2025-05-22T13:01:25","guid":{"rendered":"https:\/\/moehring-energie.com\/technologies\/"},"modified":"2026-01-05T11:30:46","modified_gmt":"2026-01-05T10:30:46","slug":"technologies","status":"publish","type":"page","link":"https:\/\/moehring-energie.com\/fr\/technologies\/","title":{"rendered":"Technologies"},"content":{"rendered":"<section class=\"l-section wpb_row us_custom_315b8835 height_custom color_primary with_img\"><div class=\"l-section-img\" role=\"img\" data-img-width=\"900\" data-img-height=\"639\" style=\"background-image: url(https:\/\/moehring-energie.com\/wp-content\/uploads\/2025\/05\/solarpark-ukraine.jpg);background-repeat: no-repeat;\"><\/div><div class=\"l-section-overlay\" style=\"background:rgba(10,10,10,0.3)\"><\/div><div class=\"l-section-h i-cf\"><div class=\"g-cols vc_row via_flex valign_top type_default stacking_default\"><div class=\"vc_col-sm-12 wpb_column vc_column_container\"><div class=\"vc_column-inner us_custom_9422c7d4\"><div class=\"wpb_wrapper\"><div class=\"w-separator size_medium\"><\/div><div class=\"wpb_text_column us_custom_60813065\"><div class=\"wpb_wrapper\"><h1 class=\"thema-heading\">La technologie rencontre la responsabilit\u00e9<br \/>\n&#8211; pour un avenir durable<\/h1>\n<\/div><\/div><\/div><\/div><\/div><\/div><\/div><\/section><section class=\"l-section wpb_row height_custom\"><div class=\"l-section-h i-cf\"><div class=\"g-cols vc_row via_flex valign_top type_default stacking_default\"><div class=\"vc_col-sm-12 wpb_column vc_column_container\"><div class=\"vc_column-inner\"><div class=\"wpb_wrapper\"><div class=\"wpb_text_column\"><div class=\"wpb_wrapper\"><h3>Les technologies renouvelables pour un avenir \u00e9nerg\u00e9tique<\/h3>\n<p><strong>Nous nous appuyons sur des technologies \u00e9prouv\u00e9es et avant-gardistes<\/strong> pour produire, stocker et rendre disponible l&rsquo;\u00e9nergie renouvelable de mani\u00e8re efficace &#8211; du photovolta\u00efque et de l&rsquo;\u00e9olien au power-to-X et au dessalement de l&rsquo;eau de mer. Chacune de ces technologies fait partie int\u00e9grante de nos solutions globales.<\/p>\n<\/div><\/div><\/div><\/div><\/div><\/div><\/div><\/section><section class=\"l-section wpb_row height_auto\"><div class=\"l-section-h i-cf\"><div class=\"g-cols vc_row via_flex valign_top type_default stacking_default\"><div class=\"vc_col-sm-12 wpb_column vc_column_container\"><div class=\"vc_column-inner\"><div class=\"wpb_wrapper\"><div class=\"g-cols wpb_row via_flex valign_middle type_default stacking_default\"><div class=\"vc_col-sm-6 wpb_column vc_column_container\"><div class=\"vc_column-inner\"><div class=\"wpb_wrapper\"><div class=\"w-iconbox iconpos_left style_default color_primary align_left\"><div class=\"w-iconbox-icon\" style=\"font-size:50px;\"><i class=\"fas fa-sun\"><\/i><\/div><div class=\"w-iconbox-meta\"><h4 class=\"w-iconbox-title\">L&rsquo;\u00e9nergie solaire &#8211; une production d&rsquo;\u00e9lectricit\u00e9 propre et syst\u00e9matique<\/h4><div class=\"w-iconbox-text\"><p>Le photovolta\u00efque est un pilier central de nos projets \u00e9nerg\u00e9tiques. Nous planifions, construisons et exploitons des installations solaires de toutes tailles &#8211; des centrales au sol aux solutions hybrides avec stockage ou production d&rsquo;hydrog\u00e8ne.<\/p>\n<ul>\n<li><b>Conception de modules et de syst\u00e8mes<\/b> pour un rendement maximal<\/li>\n<li><b>Int\u00e9gration d&rsquo;un syst\u00e8me de stockage compatible au r\u00e9seau \u00e9lectrique<\/b> possible en option<\/li>\n<li><b>Exp\u00e9rience internationale<\/b>, <span style=\"font-family: Arial, sans-serif;\">notamment <\/span>en Allemagne, Ukraine et au Maroc<\/li>\n<\/ul>\n<\/div><\/div><\/div><div class=\"w-btn-wrapper align_right\"><a class=\"w-btn us-btn-style_4\" href=\"https:\/\/relaunchmegwebsi-p23av60p9g.live-website.com\/fr\/solaire\/\"><span class=\"w-btn-label\">Lire la suite<\/span><\/a><\/div><div class=\"w-separator size_large\"><\/div><div class=\"w-iconbox iconpos_left style_default color_primary align_left\"><div class=\"w-iconbox-icon\" style=\"font-size:50px;\"><i class=\"fas fa-wind-turbine\"><\/i><\/div><div class=\"w-iconbox-meta\"><h4 class=\"w-iconbox-title\">L&rsquo;\u00e9nergie \u00e9olienne &#8211; fiable, \u00e9volutive et puissante<\/h4><div class=\"w-iconbox-text\"><p>L&rsquo;\u00e9nergie \u00e9olienne terrestre est un \u00e9l\u00e9ment incontournable de la transition \u00e9nerg\u00e9tique. Nous r\u00e9alisons des projets d&rsquo;\u00e9nergie \u00e9olienne depuis le premier screening de surface jusqu&rsquo;\u00e0 la mise en service &#8211; en tant que prestataire de services EPC et exploitant.<\/p>\n<ul>\n<li><b>Analyse de site &amp; d\u00e9veloppement de projet<\/b><\/li>\n<li><b>Conception d&rsquo;installations &amp; approvisionnement en composants<\/b><\/li>\n<li><b>Exploitation et maintenance (O&amp;M) d&rsquo;une seule source<\/b><\/li>\n<\/ul>\n<\/div><\/div><\/div><div class=\"w-btn-wrapper align_right\"><a class=\"w-btn us-btn-style_4\" href=\"https:\/\/relaunchmegwebsi-p23av60p9g.live-website.com\/fr\/vent\/\"><span class=\"w-btn-label\">Lire la suite<\/span><\/a><\/div><div class=\"w-separator size_large\"><\/div><div class=\"w-iconbox iconpos_left style_default color_primary align_left\"><div class=\"w-iconbox-icon\" style=\"font-size:50px;\"><i class=\"fas fa-hdd\"><\/i><\/div><div class=\"w-iconbox-meta\"><h4 class=\"w-iconbox-title\">Storage | Stockage sur batterie &#8211; Stocker l&rsquo;\u00e9nergie, soulager les r\u00e9seaux<\/h4><div class=\"w-iconbox-text\"><p>Le stockage sur batterie augmente la rentabilit\u00e9 des parcs photovolta\u00efques et \u00e9oliens et am\u00e9liore la stabilit\u00e9 du r\u00e9seau. Nous int\u00e9grons des solutions de stockage performantes dans vos installations &#8211; comme syst\u00e8mes tampons utiles au r\u00e9seau ou comme option suppl\u00e9mentaire \u00e9conomique.<\/p>\n<ul>\n<li><b>Stabilit\u00e9 du r\u00e9seau et du syst\u00e8me<\/b> gr\u00e2ce au Peak Shaving &amp; Load Balancing<\/li>\n<li><b>Hybridation<\/b> avec PV\/\u00e9olien &amp; PtX<\/li>\n<li><b>Gestion flexible de la charge &amp; s\u00e9curit\u00e9 de l&rsquo;approvisionnement<\/b><\/li>\n<\/ul>\n<\/div><\/div><\/div><div class=\"w-separator size_small\"><\/div><div class=\"w-btn-wrapper align_right\"><a class=\"w-btn us-btn-style_4\" href=\"https:\/\/relaunchmegwebsi-p23av60p9g.live-website.com\/fr\/stockage\/\"><span class=\"w-btn-label\">Lire la suite<\/span><\/a><\/div><\/div><\/div><\/div><div class=\"vc_col-sm-6 wpb_column vc_column_container\"><div class=\"vc_column-inner\"><div class=\"wpb_wrapper\"><div class=\"w-image has_ratio align_none\"><div class=\"w-image-h\"><div style=\"padding-bottom:150%\"><\/div><img decoding=\"async\" width=\"749\" height=\"1024\" src=\"https:\/\/moehring-energie.com\/wp-content\/uploads\/2025\/05\/technologien-vert-749x1024.jpg\" class=\"attachment-large size-large\" alt=\"\" loading=\"lazy\" \/><\/div><\/div><\/div><\/div><\/div><\/div><\/div><\/div><\/div><\/div><\/div><\/section><section class=\"l-section wpb_row height_small\"><div class=\"l-section-h i-cf\"><div class=\"g-cols vc_row via_flex valign_top type_default stacking_default\"><div class=\"vc_col-sm-12 wpb_column vc_column_container\"><div class=\"vc_column-inner\"><div class=\"wpb_wrapper\"><div class=\"wpb_text_column\"><div class=\"wpb_wrapper\"><\/div><\/div><\/div><\/div><\/div><\/div><\/div><\/section>\n","protected":false},"excerpt":{"rendered":"La technologie rencontre la responsabilit\u00e9 &#8211; pour un avenir durable Les technologies renouvelables pour un avenir \u00e9nerg\u00e9tique Nous nous appuyons sur des technologies \u00e9prouv\u00e9es et avant-gardistes pour produire, stocker et rendre disponible l&rsquo;\u00e9nergie renouvelable de mani\u00e8re efficace &#8211; du photovolta\u00efque et de l&rsquo;\u00e9olien au power-to-X et au dessalement de l&rsquo;eau de mer. Chacune de ces...","protected":false},"author":1,"featured_media":0,"parent":0,"menu_order":7,"comment_status":"closed","ping_status":"closed","template":"","meta":{"footnotes":""},"class_list":["post-11994","page","type-page","status-publish","hentry"],"_links":{"self":[{"href":"https:\/\/moehring-energie.com\/fr\/wp-json\/wp\/v2\/pages\/11994","targetHints":{"allow":["GET"]}}],"collection":[{"href":"https:\/\/moehring-energie.com\/fr\/wp-json\/wp\/v2\/pages"}],"about":[{"href":"https:\/\/moehring-energie.com\/fr\/wp-json\/wp\/v2\/types\/page"}],"author":[{"embeddable":true,"href":"https:\/\/moehring-energie.com\/fr\/wp-json\/wp\/v2\/users\/1"}],"replies":[{"embeddable":true,"href":"https:\/\/moehring-energie.com\/fr\/wp-json\/wp\/v2\/comments?post=11994"}],"version-history":[{"count":15,"href":"https:\/\/moehring-energie.com\/fr\/wp-json\/wp\/v2\/pages\/11994\/revisions"}],"predecessor-version":[{"id":14073,"href":"https:\/\/moehring-energie.com\/fr\/wp-json\/wp\/v2\/pages\/11994\/revisions\/14073"}],"wp:attachment":[{"href":"https:\/\/moehring-energie.com\/fr\/wp-json\/wp\/v2\/media?parent=11994"}],"curies":[{"name":"wp","href":"https:\/\/api.w.org\/{rel}","templated":true}]}}