{"id":12005,"date":"2025-04-23T15:27:09","date_gmt":"2025-04-23T13:27:09","guid":{"rendered":"https:\/\/moehring-energie.com\/offres-demploi\/"},"modified":"2025-09-17T18:34:51","modified_gmt":"2025-09-17T16:34:51","slug":"offres-demploi","status":"publish","type":"page","link":"https:\/\/moehring-energie.com\/fr\/offres-demploi\/","title":{"rendered":"Offres d&#8217;emploi"},"content":{"rendered":"<section class=\"l-section wpb_row us_custom_315b8835 height_custom color_primary with_img\"><div class=\"l-section-img\" role=\"img\" data-img-width=\"1920\" data-img-height=\"1280\" style=\"background-image: url(https:\/\/moehring-energie.com\/wp-content\/uploads\/2025\/04\/karriere.avif);background-repeat: no-repeat;\"><\/div><div class=\"l-section-overlay\" style=\"background:rgba(10,10,10,0.3)\"><\/div><div class=\"l-section-h i-cf\"><div class=\"g-cols vc_row via_flex valign_top type_default stacking_default\"><div class=\"vc_col-sm-12 wpb_column vc_column_container\"><div class=\"vc_column-inner\"><div class=\"wpb_wrapper\"><div class=\"wpb_text_column us_custom_60813065\"><div class=\"wpb_wrapper\"><h1 style=\"text-align: left;\">Offres d&#8217;emploi<\/h1>\n<\/div><\/div><div class=\"w-separator size_small\"><\/div><\/div><\/div><\/div><\/div><\/div><\/section><section class=\"l-section wpb_row height_custom\"><div class=\"l-section-h i-cf\"><div class=\"g-cols vc_row via_flex valign_top type_default stacking_default\"><div class=\"vc_col-sm-4 wpb_column vc_column_container\"><div class=\"vc_column-inner\"><div class=\"wpb_wrapper\"><div class=\"wpb_text_column\"><div class=\"wpb_wrapper\"><h2>Fa\u00e7onner l\u2019\u00e9nergie. Assumer la responsabilit\u00e9.<br \/>\nCr\u00e9er l&rsquo;avenir.<\/h2>\n<\/div><\/div><\/div><\/div><\/div><div class=\"vc_col-sm-8 wpb_column vc_column_container\"><div class=\"vc_column-inner us_custom_1cefc370\"><div class=\"wpb_wrapper\"><div class=\"wpb_text_column\"><div class=\"wpb_wrapper\"><h2>Carri\u00e8re chez M\u00f6hring Energie<\/h2>\n<p><strong>Vous voulez un m\u00e9tier qui a du sens\u202f? Rejoignez M\u00f6hring Energie!<\/strong><\/p>\n<p>Nous planifions, construisons et exploitons des \u00e9nergies renouvelables en Allemagne, en Europe et en Afrique du Nord.<\/p>\n<p>Solaire, \u00e9olien, hydrog\u00e8ne vert ou stockage: rejoignez une \u00e9quipe comp\u00e9tente et engag\u00e9e pour un avenir \u00e9nerg\u00e9tique durable.<\/p>\n<\/div><\/div><\/div><\/div><\/div><\/div><\/div><\/section><section class=\"l-section wpb_row us_custom_c70c97eb height_custom\"><div class=\"l-section-h i-cf\"><div class=\"g-cols vc_row via_flex valign_top type_default stacking_default\"><div class=\"vc_col-sm-12 wpb_column vc_column_container\"><div class=\"vc_column-inner\"><div class=\"wpb_wrapper\"><h2 class=\"w-text\"><span class=\"w-text-h\"><span class=\"w-text-value\">Ce que vous pouvez attendre de nous<\/span><\/span><\/h2><\/div><\/div><\/div><div class=\"vc_col-sm-12 wpb_column vc_column_container\"><div class=\"vc_column-inner\"><div class=\"wpb_wrapper\"><div class=\"g-cols wpb_row via_flex valign_top type_default stacking_default\"><div class=\"vc_col-sm-6 wpb_column vc_column_container\"><div class=\"vc_column-inner\"><div class=\"wpb_wrapper\"><h4 class=\"w-text us_custom_d8e0aa05 has_text_color\"><span class=\"w-text-h\"><span class=\"w-text-value\">Projets stimulants<\/span><\/span><\/h4><div class=\"wpb_text_column\"><div class=\"wpb_wrapper\"><h6>dans un environnement international<\/h6>\n<\/div><\/div><\/div><\/div><\/div><div class=\"vc_col-sm-6 wpb_column vc_column_container\"><div class=\"vc_column-inner\"><div class=\"wpb_wrapper\"><h4 class=\"w-text us_custom_50818650 has_text_color\"><span class=\"w-text-h\"><span class=\"w-text-value\">Travail en \u00e9quipe<\/span><\/span><\/h4><div class=\"wpb_text_column\"><div class=\"wpb_wrapper\"><h6>avec des hi\u00e9rarchies plates<\/h6>\n<\/div><\/div><\/div><\/div><\/div><div class=\"vc_col-sm-6 wpb_column vc_column_container\"><div class=\"vc_column-inner\"><div class=\"wpb_wrapper\"><h4 class=\"w-text us_custom_50818650 has_text_color\"><span class=\"w-text-h\"><span class=\"w-text-value\">Diversit\u00e9 technologique<\/span><\/span><\/h4><div class=\"wpb_text_column\"><div class=\"wpb_wrapper\"><h6>du solaire et de l\u2019\u00e9olien au stockage, PtX et dessalement d\u2019eau de mer<\/h6>\n<\/div><\/div><\/div><\/div><\/div><div class=\"vc_col-sm-6 wpb_column vc_column_container\"><div class=\"vc_column-inner\"><div class=\"wpb_wrapper\"><h4 class=\"w-text us_custom_50818650 has_text_color\"><span class=\"w-text-h\"><span class=\"w-text-value\">Entr\u00e9es flexibles<\/span><\/span><\/h4><div class=\"wpb_text_column\"><div class=\"wpb_wrapper\"><h6>pour techniciens, ing\u00e9nieurs et professionnels de projet<\/h6>\n<\/div><\/div><\/div><\/div><\/div><div class=\"vc_col-sm-6 wpb_column vc_column_container\"><div class=\"vc_column-inner\"><div class=\"wpb_wrapper\"><\/div><\/div><\/div><\/div><div class=\"g-cols wpb_row via_flex valign_top type_default stacking_default\"><div class=\"vc_col-sm-12 wpb_column vc_column_container\"><div class=\"vc_column-inner\"><div class=\"wpb_wrapper\"><div class=\"wpb_text_column us_custom_74e066d2 has_text_color\"><div class=\"wpb_wrapper\"><h4>Responsabilit\u00e9 d\u00e8s le premier jour<\/h4>\n<\/div><\/div><\/div><\/div><\/div><\/div><\/div><\/div><\/div><\/div><\/div><\/section><section class=\"l-section wpb_row height_custom\"><div class=\"l-section-h i-cf\"><div class=\"g-cols vc_row via_flex valign_top type_default stacking_default\"><div class=\"vc_col-sm-12 wpb_column vc_column_container\"><div class=\"vc_column-inner\"><div class=\"wpb_wrapper\"><div class=\"wpb_text_column\"><div class=\"wpb_wrapper\"><h2><span style=\"color: #3dd98c;\">Offres d\u2019emploi<\/span><\/h2>\n<p>Nous n\u2019avons actuellement aucun poste ouvert, mais nous accueillons toujours avec plaisir les candidatures spontan\u00e9es !<\/p>\n<p>Merci d\u2019envoyer votre dossier par e-mail \u00e0:<br \/>\n<a href=\"mailto:karriere@moehring-energie.com\"><strong>karriere@moehring-energie.com<\/strong><\/a><\/p>\n<p>Votre dossier doit inclure:<\/p>\n<p>&#8211; CV (PDF)<br \/>\n&#8211; Courte lettre de motivation<br \/>\n&#8211; Certificats et dipl\u00f4mes pertinents, le cas \u00e9ch\u00e9ant<\/p>\n<\/div><\/div><div class=\"w-separator size_small\"><\/div><\/div><\/div><\/div><\/div><\/div><\/section>\n","protected":false},"excerpt":{"rendered":"Offres d&#8217;emploi Fa\u00e7onner l\u2019\u00e9nergie. Assumer la responsabilit\u00e9. Cr\u00e9er l&rsquo;avenir. Carri\u00e8re chez M\u00f6hring Energie Vous voulez un m\u00e9tier qui a du sens\u202f? Rejoignez M\u00f6hring Energie! Nous planifions, construisons et exploitons des \u00e9nergies renouvelables en Allemagne, en Europe et en Afrique du Nord. Solaire, \u00e9olien, hydrog\u00e8ne vert ou stockage: rejoignez une \u00e9quipe comp\u00e9tente et engag\u00e9e pour un...","protected":false},"author":1,"featured_media":0,"parent":0,"menu_order":103,"comment_status":"closed","ping_status":"closed","template":"","meta":{"footnotes":""},"class_list":["post-12005","page","type-page","status-publish","hentry"],"_links":{"self":[{"href":"https:\/\/moehring-energie.com\/fr\/wp-json\/wp\/v2\/pages\/12005","targetHints":{"allow":["GET"]}}],"collection":[{"href":"https:\/\/moehring-energie.com\/fr\/wp-json\/wp\/v2\/pages"}],"about":[{"href":"https:\/\/moehring-energie.com\/fr\/wp-json\/wp\/v2\/types\/page"}],"author":[{"embeddable":true,"href":"https:\/\/moehring-energie.com\/fr\/wp-json\/wp\/v2\/users\/1"}],"replies":[{"embeddable":true,"href":"https:\/\/moehring-energie.com\/fr\/wp-json\/wp\/v2\/comments?post=12005"}],"version-history":[{"count":5,"href":"https:\/\/moehring-energie.com\/fr\/wp-json\/wp\/v2\/pages\/12005\/revisions"}],"predecessor-version":[{"id":13779,"href":"https:\/\/moehring-energie.com\/fr\/wp-json\/wp\/v2\/pages\/12005\/revisions\/13779"}],"wp:attachment":[{"href":"https:\/\/moehring-energie.com\/fr\/wp-json\/wp\/v2\/media?parent=12005"}],"curies":[{"name":"wp","href":"https:\/\/api.w.org\/{rel}","templated":true}]}}