{"id":12051,"date":"2013-12-17T09:39:11","date_gmt":"2013-12-17T08:39:11","guid":{"rendered":"https:\/\/moehring-energie.com\/projets\/"},"modified":"2025-09-15T10:49:11","modified_gmt":"2025-09-15T08:49:11","slug":"projets","status":"publish","type":"page","link":"https:\/\/moehring-energie.com\/fr\/projets\/","title":{"rendered":"Projets"},"content":{"rendered":"<section class=\"l-section wpb_row us_custom_315b8835 height_custom color_primary with_img\"><div class=\"l-section-img\" role=\"img\" data-img-width=\"1915\" data-img-height=\"995\" style=\"background-image: url(https:\/\/moehring-energie.com\/wp-content\/uploads\/2025\/04\/Screenshot-2025-04-15-221303.png);background-position: top center;background-repeat: no-repeat;\"><\/div><div class=\"l-section-overlay\" style=\"background:rgba(10,10,10,0.3)\"><\/div><div class=\"l-section-h i-cf\"><div class=\"g-cols vc_row via_flex valign_top type_default stacking_default\"><div class=\"vc_col-sm-12 wpb_column vc_column_container\"><div class=\"vc_column-inner us_custom_9422c7d4\"><div class=\"wpb_wrapper\"><div class=\"w-separator size_medium\"><\/div><div class=\"wpb_text_column us_custom_60813065\"><div class=\"wpb_wrapper\"><h1 class=\"thema-heading\">Projets<\/h1>\n<\/div><\/div><\/div><\/div><\/div><\/div><\/div><\/section><section class=\"l-section wpb_row height_custom\"><div class=\"l-section-h i-cf\"><div class=\"g-cols vc_row via_flex valign_top type_default stacking_default\"><div class=\"vc_col-sm-12 wpb_column vc_column_container\"><div class=\"vc_column-inner\"><div class=\"wpb_wrapper\"><div class=\"g-cols wpb_row via_flex valign_top type_default stacking_default\"><div class=\"vc_col-sm-6 wpb_column vc_column_container\"><div class=\"vc_column-inner\"><div class=\"wpb_wrapper\"><div class=\"wpb_text_column\"><div class=\"wpb_wrapper\"><h2>Projets \u2013 l\u2019\u00e9nergie d\u2019aujourd\u2019hui et de demain<\/h2>\n<p>M\u00f6hring Energie d\u00e9veloppe des projets d\u2019\u00e9nergies renouvelables dans trois r\u00e9gions strat\u00e9giques : <strong>l\u2019Allemagne<\/strong>, <strong>l\u2019Ukraine<\/strong> et le <strong>Maroc<\/strong>. Notre portefeuille s\u2019\u00e9tend des parcs solaires et \u00e9oliens citoyens dans le nord de l\u2019Allemagne, aux centrales photovolta\u00efques de grande envergure et mises en \u0153uvre de mani\u00e8re r\u00e9siliente en Ukraine, jusqu\u2019aux projets industriels de grande ampleur en \u00ab <strong>power-to-X<\/strong> \u00bb pour la <strong>production d\u2019hydrog\u00e8ne vert et d\u2019ammoniac<\/strong> au Maroc.<\/p>\n<p>Ancr\u00e9s localement et connect\u00e9s \u00e0 l\u2019international, nous allions expertise technique, responsabilit\u00e9 r\u00e9gionale et vision \u00e0 long terme.<\/p>\n<\/div><\/div><div class=\"w-separator size_medium\"><\/div><div class=\"w-iconbox iconpos_left style_circle color_primary align_left no_text\"><a href=\"https:\/\/www.wild-site.com\/moehring-energy\/fr\/projets-allemagne\/\" class=\"w-iconbox-link\" aria-label=\"Allemagne\"><div class=\"w-iconbox-icon\" style=\"font-size:0.6rem;\"><i class=\"fas fa-arrow-right\"><\/i><\/div><\/a><div class=\"w-iconbox-meta\"><h6 class=\"w-iconbox-title\"><a href=\"https:\/\/www.wild-site.com\/moehring-energy\/fr\/projets-allemagne\/\" class=\"w-iconbox-link\" aria-label=\"Allemagne\">Allemagne<\/a><\/h6><\/div><\/div><div class=\"w-separator size_custom\" style=\"height:18px\"><\/div><div class=\"w-iconbox iconpos_left style_circle color_primary align_left no_text\"><a href=\"https:\/\/www.wild-site.com\/moehring-energy\/fr\/projets-ukraine\/\" class=\"w-iconbox-link\" aria-label=\"Ukraine\"><div class=\"w-iconbox-icon\" style=\"font-size:0.6rem;\"><i class=\"fas fa-arrow-right\"><\/i><\/div><\/a><div class=\"w-iconbox-meta\"><h6 class=\"w-iconbox-title\"><a href=\"https:\/\/www.wild-site.com\/moehring-energy\/fr\/projets-ukraine\/\" class=\"w-iconbox-link\" aria-label=\"Ukraine\">Ukraine<\/a><\/h6><\/div><\/div><div class=\"w-separator size_custom\" style=\"height:18px\"><\/div><div class=\"w-iconbox iconpos_left style_circle color_primary align_left no_text\"><a href=\"https:\/\/www.wild-site.com\/moehring-energy\/fr\/projets-au-maroc\/\" class=\"w-iconbox-link\" aria-label=\"Maroc\"><div class=\"w-iconbox-icon\" style=\"font-size:0.6rem;\"><i class=\"fas fa-arrow-right\"><\/i><\/div><\/a><div class=\"w-iconbox-meta\"><h6 class=\"w-iconbox-title\"><a href=\"https:\/\/www.wild-site.com\/moehring-energy\/fr\/projets-au-maroc\/\" class=\"w-iconbox-link\" aria-label=\"Maroc\">Maroc<\/a><\/h6><\/div><\/div><\/div><\/div><\/div><div class=\"vc_col-sm-6 wpb_column vc_column_container\"><div class=\"vc_column-inner\"><div class=\"wpb_wrapper\"><div class=\"w-image has_ratio align_center\"><div class=\"w-image-h\"><div style=\"padding-bottom:100%\"><\/div><img decoding=\"async\" width=\"1920\" height=\"1280\" src=\"https:\/\/moehring-energie.com\/wp-content\/uploads\/2025\/04\/karriere.avif\" class=\"attachment-full size-full\" alt=\"\" loading=\"lazy\" \/><\/div><\/div><\/div><\/div><\/div><\/div><\/div><\/div><\/div><\/div><\/div><\/section><section class=\"l-section wpb_row height_auto\"><div class=\"l-section-h i-cf\"><div class=\"g-cols vc_row via_flex valign_top type_default stacking_default\"><div class=\"vc_col-sm-12 wpb_column vc_column_container has_bg_color\"><div class=\"vc_column-inner us_custom_e2f30f90\"><div class=\"wpb_wrapper\"><div class=\"g-cols wpb_row via_flex valign_top type_default stacking_default\"><div class=\"vc_col-sm-3\/5 wpb_column vc_column_container\"><div class=\"vc_column-inner\"><div class=\"wpb_wrapper\"><h4 class=\"w-text\"><span class=\"w-text-h\"><span class=\"w-text-value\">Vous souhaitez r\u00e9aliser une installation photovolta\u00efque sur votre surface commerciale ou initier un parc solaire dans votre commune ?<\/span><\/span><\/h4><\/div><\/div><\/div><div class=\"vc_col-sm-2\/5 wpb_column vc_column_container\"><div class=\"vc_column-inner\"><div class=\"wpb_wrapper\"><div class=\"wpb_text_column\"><div class=\"wpb_wrapper\"><p>Contactez notre \u00e9quipe de d\u00e9veloppement &#8211; nous \u00e9valuerons votre potentiel de mani\u00e8re professionnelle et en partenariat.<\/p>\n<\/div><\/div><div class=\"w-separator size_small\"><\/div><div class=\"w-btn-wrapper align_justify\"><a class=\"w-btn us-btn-style_1\" href=\"https:\/\/www.wild-site.com\/moehring-energy\/contact\/\"><span class=\"w-btn-label\">D\u00e9marrer<\/span><\/a><\/div><\/div><\/div><\/div><\/div><\/div><\/div><\/div><\/div><\/div><\/section>\n","protected":false},"excerpt":{"rendered":"Projets Projets \u2013 l\u2019\u00e9nergie d\u2019aujourd\u2019hui et de demain M\u00f6hring Energie d\u00e9veloppe des projets d\u2019\u00e9nergies renouvelables dans trois r\u00e9gions strat\u00e9giques : l\u2019Allemagne, l\u2019Ukraine et le Maroc. Notre portefeuille s\u2019\u00e9tend des parcs solaires et \u00e9oliens citoyens dans le nord de l\u2019Allemagne, aux centrales photovolta\u00efques de grande envergure et mises en \u0153uvre de mani\u00e8re r\u00e9siliente en Ukraine, jusqu\u2019aux...","protected":false},"author":1,"featured_media":0,"parent":0,"menu_order":33,"comment_status":"closed","ping_status":"closed","template":"","meta":{"footnotes":""},"class_list":["post-12051","page","type-page","status-publish","hentry"],"_links":{"self":[{"href":"https:\/\/moehring-energie.com\/fr\/wp-json\/wp\/v2\/pages\/12051","targetHints":{"allow":["GET"]}}],"collection":[{"href":"https:\/\/moehring-energie.com\/fr\/wp-json\/wp\/v2\/pages"}],"about":[{"href":"https:\/\/moehring-energie.com\/fr\/wp-json\/wp\/v2\/types\/page"}],"author":[{"embeddable":true,"href":"https:\/\/moehring-energie.com\/fr\/wp-json\/wp\/v2\/users\/1"}],"replies":[{"embeddable":true,"href":"https:\/\/moehring-energie.com\/fr\/wp-json\/wp\/v2\/comments?post=12051"}],"version-history":[{"count":4,"href":"https:\/\/moehring-energie.com\/fr\/wp-json\/wp\/v2\/pages\/12051\/revisions"}],"predecessor-version":[{"id":13753,"href":"https:\/\/moehring-energie.com\/fr\/wp-json\/wp\/v2\/pages\/12051\/revisions\/13753"}],"wp:attachment":[{"href":"https:\/\/moehring-energie.com\/fr\/wp-json\/wp\/v2\/media?parent=12051"}],"curies":[{"name":"wp","href":"https:\/\/api.w.org\/{rel}","templated":true}]}}