{"id":12055,"date":"2013-09-06T15:19:20","date_gmt":"2013-09-06T13:19:20","guid":{"rendered":"https:\/\/moehring-energie.com\/contact\/"},"modified":"2025-07-11T13:08:42","modified_gmt":"2025-07-11T11:08:42","slug":"contactez-nous-2","status":"publish","type":"page","link":"https:\/\/moehring-energie.com\/fr\/contactez-nous-2\/","title":{"rendered":"Contact"},"content":{"rendered":"<section class=\"l-section wpb_row us_custom_315b8835 height_custom color_primary with_img\"><div class=\"l-section-img\" role=\"img\" data-img-width=\"2560\" data-img-height=\"1948\" style=\"background-image: url(https:\/\/moehring-energie.com\/wp-content\/uploads\/2025\/06\/IMG_E6245-scaled.jpg);background-repeat: no-repeat;\"><\/div><div class=\"l-section-overlay\" style=\"background:rgba(10,10,10,0.3)\"><\/div><div class=\"l-section-h i-cf\"><div class=\"g-cols vc_row via_flex valign_top type_default stacking_default\"><div class=\"vc_col-sm-12 wpb_column vc_column_container\"><div class=\"vc_column-inner\"><div class=\"wpb_wrapper\"><div class=\"wpb_text_column us_custom_60813065\"><div class=\"wpb_wrapper\"><h1 style=\"text-align: left;\">Contactez Nous<\/h1>\n<\/div><\/div><div class=\"w-separator size_small\"><\/div><\/div><\/div><\/div><\/div><\/div><\/section><section class=\"l-section wpb_row height_custom width_full\"><div class=\"l-section-h i-cf\"><div class=\"g-cols vc_row via_flex valign_top type_default stacking_default\"><div class=\"vc_col-sm-3\/5 wpb_column vc_column_container\"><div class=\"vc_column-inner\"><div class=\"wpb_wrapper\"><div class=\"g-cols wpb_row us_custom_9c33410b via_flex valign_top type_default stacking_default\"><div class=\"vc_col-sm-2\/5 wpb_column vc_column_container\"><div class=\"vc_column-inner\"><div class=\"wpb_wrapper\"><div class=\"wpb_text_column\"><div class=\"wpb_wrapper\"><h6><span style=\"color: #3dd98c;\">Si\u00e8ge social<br \/>\n<\/span><\/h6>\n<p><strong>Norder Reihe 7, 25719 Busenwurth<\/strong><\/p>\n<p>info@moehring-energie.de<br \/>\n+49 4857 8424-0<\/p>\n<\/div><\/div><\/div><\/div><\/div><div class=\"vc_col-sm-3\/5 wpb_column vc_column_container\"><div class=\"vc_column-inner\"><div class=\"wpb_wrapper\"><div class=\"w-map provider_osm us_custom_3ce2d849\" id=\"us_map_1\"><div class=\"w-map-inner\"><div class=\"w-map-json\" onclick='return {&quot;address&quot;:&quot;Norder Reihe 7, 25719 Busenwurth, Allemagne&quot;,&quot;disableDragging&quot;:0,&quot;disableZoom&quot;:0,&quot;hideControls&quot;:0,&quot;zoom&quot;:8,&quot;markers&quot;:[{&quot;address&quot;:&quot;Norder Reihe 7, 25719 Busenwurth, Allemagne&quot;,&quot;html&quot;:&quot;M\\u00f6hring Energie\\nHolding GmbH&quot;,&quot;infowindow&quot;:&quot;1&quot;}],&quot;icon&quot;:{&quot;url&quot;:&quot;https:\\\/\\\/moehring-energie.com\\\/wp-content\\\/uploads\\\/2025\\\/04\\\/marker-2.png&quot;,&quot;size&quot;:[40,40]},&quot;style&quot;:&quot;https:\\\/\\\/{s}.tile.openstreetmap.org\\\/{z}\\\/{x}\\\/{y}.png&quot;}'><\/div><\/div><\/div><\/div><\/div><\/div><\/div><div class=\"g-cols wpb_row us_custom_9c33410b via_flex valign_top type_default stacking_default\"><div class=\"vc_col-sm-2\/5 wpb_column vc_column_container\"><div class=\"vc_column-inner\"><div class=\"wpb_wrapper\"><div class=\"wpb_text_column\"><div class=\"wpb_wrapper\"><h6><span style=\"color: #3dd98c;\">Bureau de Hambourg<br \/>\n<\/span><\/h6>\n<p><strong>Trostbr\u00fccke 1, 20457 Hambourg<\/strong><\/p>\n<p>info@moehring-energie.de<br \/>\n+49 4857 8424-0<\/p>\n<\/div><\/div><\/div><\/div><\/div><div class=\"vc_col-sm-3\/5 wpb_column vc_column_container\"><div class=\"vc_column-inner\"><div class=\"wpb_wrapper\"><div class=\"w-map provider_osm us_custom_3ce2d849\" id=\"us_map_2\"><div class=\"w-map-inner\"><div class=\"w-map-json\" onclick='return {&quot;address&quot;:&quot;53.5479780140784, 9.992128824553827&quot;,&quot;disableDragging&quot;:0,&quot;disableZoom&quot;:0,&quot;hideControls&quot;:0,&quot;zoom&quot;:8,&quot;markers&quot;:[{&quot;address&quot;:&quot;53.5479780140784, 9.992128824553827&quot;,&quot;html&quot;:&quot;M\\u00f6hring Energie\\nHolding GmbH&quot;,&quot;infowindow&quot;:&quot;1&quot;}],&quot;icon&quot;:{&quot;url&quot;:&quot;https:\\\/\\\/moehring-energie.com\\\/wp-content\\\/uploads\\\/2025\\\/04\\\/marker-2.png&quot;,&quot;size&quot;:[40,40]},&quot;style&quot;:&quot;https:\\\/\\\/{s}.tile.openstreetmap.org\\\/{z}\\\/{x}\\\/{y}.png&quot;}'><\/div><\/div><\/div><\/div><\/div><\/div><\/div><div class=\"g-cols wpb_row via_flex valign_top type_default stacking_default\"><div class=\"vc_col-sm-2\/5 wpb_column vc_column_container\"><div class=\"vc_column-inner\"><div class=\"wpb_wrapper\"><div class=\"wpb_text_column\"><div class=\"wpb_wrapper\"><h6><span style=\"color: #3dd98c;\">Moehring Energie Maroc SAS<br \/>\n<\/span><\/h6>\n<p><strong>5Hay Riad, Avenue Mehdi Ben Barka,<br \/>\nRabat, Morocco<\/strong><\/p>\n<\/div><\/div><\/div><\/div><\/div><div class=\"vc_col-sm-3\/5 wpb_column vc_column_container\"><div class=\"vc_column-inner\"><div class=\"wpb_wrapper\"><div class=\"w-map provider_osm us_custom_3ce2d849\" id=\"us_map_3\"><div class=\"w-map-inner\"><div class=\"w-map-json\" onclick='return {&quot;address&quot;:&quot;33.957477081240654, -6.8730994737246585&quot;,&quot;disableDragging&quot;:0,&quot;disableZoom&quot;:0,&quot;hideControls&quot;:0,&quot;zoom&quot;:8,&quot;markers&quot;:[{&quot;address&quot;:&quot;33.957477081240654, -6.8730994737246585&quot;,&quot;html&quot;:&quot;Moehring Energie\\nMaroc SAS&quot;,&quot;infowindow&quot;:&quot;1&quot;}],&quot;icon&quot;:{&quot;url&quot;:&quot;https:\\\/\\\/moehring-energie.com\\\/wp-content\\\/uploads\\\/2025\\\/04\\\/marker-2.png&quot;,&quot;size&quot;:[40,40]},&quot;style&quot;:&quot;https:\\\/\\\/{s}.tile.openstreetmap.org\\\/{z}\\\/{x}\\\/{y}.png&quot;}'><\/div><\/div><\/div><\/div><\/div><\/div><\/div><\/div><\/div><\/div><div class=\"vc_col-sm-2\/5 wpb_column vc_column_container\"><div class=\"vc_column-inner\"><div class=\"wpb_wrapper\"><div class=\"wpb_text_column us_custom_698f55d4\"><div class=\"wpb_wrapper\"><h4>Envoyez-nous un message<\/h4>\n<p>Nous sommes impatients de vous entendre !<\/p>\n<\/div><\/div><div class=\"w-separator size_medium\"><\/div><form class=\"w-form  us-field-style_4 us_custom_6266ef33 has_text_color layout_ver show_message_after_sending for_cform us_form_1\" action=\"https:\/\/moehring-energie.com\/fr\/wp-json\/wp\/v2\/pages\/12055\" method=\"post\" style=\"--fields-gap:1.5rem\"><div class=\"w-form-h\"><div class=\"w-form-row for_text required with_icon\">\r\n\t\t<div class=\"w-form-row-field\">\r\n\t\t\t\t<i class=\"far fa-user\"><\/i>\t\t<input aria-label=\"Nom\" type=\"text\" name=\"us_form_1_text_1\" value placeholder=\"Nom *\" data-required=\"true\" aria-required=\"true\"\/>\r\n\t\t\t<\/div>\r\n\t\t<div class=\"w-form-row-state\">Vous devez remplir ce champ<\/div>\r\n<\/div>\r\n<div class=\"w-form-row for_text required with_icon\">\r\n\t\t<div class=\"w-form-row-field\">\r\n\t\t\t\t<i class=\"far fa-envelope\"><\/i>\t\t<input aria-label=\"Email\" type=\"text\" name=\"us_form_1_text_2\" value placeholder=\"Email *\" data-required=\"true\" aria-required=\"true\"\/>\r\n\t\t\t<\/div>\r\n\t\t<div class=\"w-form-row-state\">Vous devez remplir ce champ<\/div>\r\n<\/div>\r\n<div class=\"w-form-row for_text with_icon\">\r\n\t\t<div class=\"w-form-row-field\">\r\n\t\t\t\t<i class=\"far fa-phone\"><\/i>\t\t<input aria-label=\"Num\u00e9ro de t\u00e9l\u00e9phone\" inputmode=\"tel\" type=\"text\" name=\"us_form_1_text_3\" value placeholder=\"Num\u00e9ro de t\u00e9l\u00e9phone\"\/>\r\n\t\t\t<\/div>\r\n\t\t<div class=\"w-form-row-state\">Vous devez remplir ce champ<\/div>\r\n<\/div>\r\n<div class=\"w-form-row for_textarea with_icon\">\r\n\t\t<div class=\"w-form-row-field\">\r\n\t\t\t\t<i class=\"far fa-pencil\"><\/i>\t\t<textarea aria-label=\"Message\" name=\"us_form_1_textarea_1\" placeholder=\"Message\"><\/textarea>\r\n\t\t\t<\/div>\r\n\t\t<div class=\"w-form-row-state\">Vous devez remplir ce champ<\/div>\r\n<\/div>\r\n<input type=\"hidden\" name=\"action\" value=\"us_ajax_cform\" \/>\r\n<input type=\"hidden\" name=\"post_id\" value=\"0\" \/>\r\n<input type=\"hidden\" name=\"form_index\" value=\"1\" \/>\r\n<div class=\"w-form-row for_submit align_left\">\r\n\t<button class=\"w-btn icon_atright us-btn-style_4\" aria-label=\"Envoyer\" type=\"submit\" style=\"font-size:0.9rem;\">\r\n\t\t<span class=\"g-preloader type_1\"><\/span>\r\n\t\t\t\t<span class=\"w-btn-label\">Envoyer<\/span>\r\n\t\t<i class=\"fas fa-caret-right\"><\/i>\t<\/button>\r\n\t<\/div>\r\n<\/div><div class=\"w-form-message\"><\/div><div class=\"w-form-json hidden\" onclick='return {&quot;ajaxurl&quot;:&quot;https:\\\/\\\/moehring-energie.com\\\/wp-admin\\\/admin-ajax.php&quot;,&quot;messages&quot;:{&quot;err_empty&quot;:&quot;Vous devez remplir ce champ&quot;,&quot;err_size&quot;:&quot;La taille du fichier ne peut pas d\\u00e9passer %s Mo&quot;,&quot;err_extension&quot;:&quot;Le type de fichier %s n&#039;est pas autoris\\u00e9&quot;,&quot;err_recaptcha_keys&quot;:&quot;Les cl\\u00e9s reCAPTCHA sont incorrectes&quot;}}'><\/div><\/form><\/div><\/div><\/div><\/div><\/div><\/section>\n","protected":false},"excerpt":{"rendered":"Contactez Nous Si\u00e8ge social Norder Reihe 7, 25719 Busenwurth info@moehring-energie.de +49 4857 8424-0 Bureau de Hambourg Trostbr\u00fccke 1, 20457 Hambourg info@moehring-energie.de +49 4857 8424-0 Moehring Energie Maroc SAS 5Hay Riad, Avenue Mehdi Ben Barka, Rabat, Morocco Envoyez-nous un message Nous sommes impatients de vous entendre ! Vous devez remplir ce champ Vous devez remplir ce...","protected":false},"author":1,"featured_media":0,"parent":0,"menu_order":90,"comment_status":"closed","ping_status":"closed","template":"","meta":{"footnotes":""},"class_list":["post-12055","page","type-page","status-publish","hentry"],"_links":{"self":[{"href":"https:\/\/moehring-energie.com\/fr\/wp-json\/wp\/v2\/pages\/12055","targetHints":{"allow":["GET"]}}],"collection":[{"href":"https:\/\/moehring-energie.com\/fr\/wp-json\/wp\/v2\/pages"}],"about":[{"href":"https:\/\/moehring-energie.com\/fr\/wp-json\/wp\/v2\/types\/page"}],"author":[{"embeddable":true,"href":"https:\/\/moehring-energie.com\/fr\/wp-json\/wp\/v2\/users\/1"}],"replies":[{"embeddable":true,"href":"https:\/\/moehring-energie.com\/fr\/wp-json\/wp\/v2\/comments?post=12055"}],"version-history":[{"count":6,"href":"https:\/\/moehring-energie.com\/fr\/wp-json\/wp\/v2\/pages\/12055\/revisions"}],"predecessor-version":[{"id":13510,"href":"https:\/\/moehring-energie.com\/fr\/wp-json\/wp\/v2\/pages\/12055\/revisions\/13510"}],"wp:attachment":[{"href":"https:\/\/moehring-energie.com\/fr\/wp-json\/wp\/v2\/media?parent=12055"}],"curies":[{"name":"wp","href":"https:\/\/api.w.org\/{rel}","templated":true}]}}