{"id":12122,"date":"2013-05-31T11:57:37","date_gmt":"2013-05-31T09:57:37","guid":{"rendered":"https:\/\/moehring-energie.com\/qui-sommes-nous\/"},"modified":"2026-01-27T12:01:04","modified_gmt":"2026-01-27T11:01:04","slug":"qui-sommes-nous","status":"publish","type":"page","link":"https:\/\/moehring-energie.com\/fr\/qui-sommes-nous\/","title":{"rendered":"Qui sommes-nous ?"},"content":{"rendered":"<section class=\"l-section wpb_row height_custom with_img\"><div class=\"l-section-img\" role=\"img\" data-img-width=\"2560\" data-img-height=\"1948\" style=\"background-image: url(https:\/\/moehring-energie.com\/wp-content\/uploads\/2025\/06\/IMG_E6245-scaled.jpg);\"><\/div><div class=\"l-section-overlay\" style=\"background:rgba(2,2,2,0.1)\"><\/div><div class=\"l-section-h i-cf\"><div class=\"g-cols vc_row via_flex valign_top type_default stacking_default\"><div class=\"vc_col-sm-12 wpb_column vc_column_container\"><div class=\"vc_column-inner us_custom_8694f0b0\"><div class=\"wpb_wrapper\"><div class=\"w-separator size_medium\"><\/div><div class=\"wpb_text_column us_custom_836f727b has_text_color\"><div class=\"wpb_wrapper\"><h1 style=\"text-align: left;\">l\u2019entreprise<\/h1>\n<\/div><\/div><div class=\"w-separator size_small\"><\/div><div class=\"w-iconbox iconpos_top style_default color_custom align_center no_text no_title\"><a href=\"#intro\" class=\"w-iconbox-link\" aria-label><div class=\"w-iconbox-icon\" style=\"font-size:3rem;--icon-color:#ffffff;\"><\/div><\/a><div class=\"w-iconbox-meta\"><\/div><\/div><\/div><\/div><\/div><\/div><\/div><\/section><section class=\"l-section wpb_row height_auto\" id=\"about\"><div class=\"l-section-h i-cf\"><div class=\"g-cols vc_row via_flex valign_top type_default stacking_default\"><div class=\"vc_col-sm-9 wpb_column vc_column_container\"><div class=\"vc_column-inner us_custom_de67d1db\"><div class=\"wpb_wrapper\"><div class=\"w-separator size_medium\"><\/div><div class=\"wpb_text_column us_custom_b4198c51\"><div class=\"wpb_wrapper\"><h3><img loading=\"lazy\" decoding=\"async\" class=\"size-medium wp-image-13608 alignleft\" src=\"https:\/\/moehring-energie.com\/wp-content\/uploads\/2025\/07\/ME_dark_bg-300x161.jpg\" alt=\"\" width=\"300\" height=\"161\" srcset=\"https:\/\/moehring-energie.com\/wp-content\/uploads\/2025\/07\/ME_dark_bg-300x161.jpg 300w, https:\/\/moehring-energie.com\/wp-content\/uploads\/2025\/07\/ME_dark_bg-400x214.jpg 400w, https:\/\/moehring-energie.com\/wp-content\/uploads\/2025\/07\/ME_dark_bg-600x321.jpg 600w, https:\/\/moehring-energie.com\/wp-content\/uploads\/2025\/07\/ME_dark_bg.jpg 1000w\" sizes=\"auto, (max-width: 300px) 100vw, 300px\" \/>M\u00f6hring Energie, votre partenaire mondial pour des projets \u00e9nerg\u00e9tiques ambitieux<\/h3>\n<p><strong data-start=\"110\" data-end=\"129\">M\u00f6hring Energie<\/strong> est un groupe d\u2019entreprises de taille moyenne, dirig\u00e9 par ses propri\u00e9taires, avec des racines dans le nord de l\u2019Allemagne et une vision internationale.<br \/>\nDepuis plus de 15 ans, nous concevons, construisons et exploitons des syst\u00e8mes d\u2019\u00e9nergie renouvelable et des solutions de stockage \u2013 en tant que d\u00e9veloppeur de projets, partenaire EPC, investisseur et exploitant.<br \/>\nAujourd\u2019hui, nous mettons \u00e9galement notre expertise au service du d\u00e9veloppement de solutions d\u2019hydrog\u00e8ne vert et d\u2019ammoniac, incluant des projets PtX \u00e0 grande \u00e9chelle au Maroc destin\u00e9s \u00e0 l\u2019exportation vers l\u2019UE.<\/p>\n<\/div><\/div><div class=\"w-separator size_small\"><\/div><div class=\"wpb_text_column us_custom_b4198c51\"><div class=\"wpb_wrapper\"><h3><strong>Solutions \u00e9nerg\u00e9tiques innovantes<\/strong><\/h3>\n<p>M\u00f6hring Energie accompagne vos projets d\u2019\u00e9nergie durable \u00e0 chaque \u00e9tape: d\u00e9veloppement, financement, mise en \u0153uvre et exploitation.<\/p>\n<p data-start=\"259\" data-end=\"569\">Notre \u00e9quipe combine expertise technique et exp\u00e9rience pour r\u00e9aliser des projets efficaces, rentables et respectueux de l\u2019environnement. Gr\u00e2ce aux technologies les plus r\u00e9centes et \u00e0 une s\u00e9lection rigoureuse des sites et ressources, nous garantissons des solutions fiables, \u00e9conomiques et rapides \u00e0 d\u00e9ployer.<\/p>\n<p data-start=\"571\" data-end=\"669\">Faites confiance \u00e0 M\u00f6hring Energie pour concr\u00e9tiser vos projets \u00e9nerg\u00e9tiques les plus ambitieux.<\/p>\n<\/div><\/div><div class=\"w-separator size_medium\"><\/div><div class=\"wpb_text_column us_custom_b4198c51\" id=\"historie\"><div class=\"wpb_wrapper\"><h3>Notre Histoire<\/h3>\n<p><img loading=\"lazy\" decoding=\"async\" class=\"size-medium wp-image-13083 alignleft\" src=\"https:\/\/moehring-energie.com\/wp-content\/uploads\/2025\/06\/16466422256371-1-300x225.jpg\" alt=\"\" width=\"300\" height=\"225\" srcset=\"https:\/\/moehring-energie.com\/wp-content\/uploads\/2025\/06\/16466422256371-1-300x225.jpg 300w, https:\/\/moehring-energie.com\/wp-content\/uploads\/2025\/06\/16466422256371-1-533x400.jpg 533w, https:\/\/moehring-energie.com\/wp-content\/uploads\/2025\/06\/16466422256371-1.jpg 800w\" sizes=\"auto, (max-width: 300px) 100vw, 300px\" \/>Il y a 15 ans, Sascha M\u00f6hring installait ses premi\u00e8res centrales solaires apr\u00e8s avoir particip\u00e9 \u00e0 des projets \u00e9oliens et de biogaz dans le monde entier.<\/p>\n<p>Depuis Busenwurth, au bord de la mer du Nord, M\u00f6hring Energie a d\u00e9velopp\u00e9 des parcs solaires et \u00e9oliens dans tout le nord de l\u2019Allemagne, avant de s\u2019\u00e9tendre en Ukraine et, depuis 2021, au Maroc via M\u00f6hring Energie EPC et M\u00f6hring Energie Maroc.<\/p>\n<p data-start=\"501\" data-end=\"837\">Au Maroc, nous construisons des installations PtX pour produire de l\u2019hydrog\u00e8ne vert et ses d\u00e9riv\u00e9s transportables, ainsi que des centrales photovolta\u00efques et \u00e9oliennes, des syst\u00e8mes de stockage et des stations de dessalement pour un approvisionnement durable en eau, en collaboration avec notre r\u00e9seau de fournisseurs de technologies.<\/p>\n<\/div><\/div><\/div><\/div><\/div><div class=\"vc_col-sm-3 wpb_column vc_column_container has_text_color\"><div class=\"vc_column-inner us_custom_362735e4\"><div class=\"wpb_wrapper\"><div class=\"w-separator size_medium\"><\/div><div class=\"g-cols wpb_row via_flex valign_top type_default stacking_default\"><div class=\"vc_col-sm-12 wpb_column vc_column_container\"><div class=\"vc_column-inner\"><div class=\"wpb_wrapper\"><div class=\"w-flipbox animation_cardflip direction_s\"><div class=\"w-flipbox-h easing_ease\" style=\"transition-duration:0.5s;\"><div class=\"w-flipbox-hh\"><div class=\"w-flipbox-front us_custom_ebb6d7ce\" style=\"background:var(--color-content-text);color:var(--color-content-bg);background-image:url(https:\/\/moehring-energie.com\/wp-content\/uploads\/2025\/04\/ME_Holding_white_bg.png);\"><div class=\"w-flipbox-front-h\"><\/div><\/div><div class=\"w-flipbox-back us_custom_ebb6d7ce\" style=\"display:none;background:var(--color-content-faded);color:var(--color-content-bg);\"><div class=\"w-flipbox-back-h\"><div class=\"w-flipbox-back-desc\"><p>Le toit administratif pour les colonnes M\u00f6hring<\/p>\n<\/div><a href=\"#\" class=\"w-btn us-btn-style_15\" style=\"font-size:0px\"><span class=\"w-btn-label\">.<\/span><\/a><\/div><\/div><\/div><\/div><\/div><div class=\"w-flipbox animation_cardflip direction_s\"><div class=\"w-flipbox-h easing_ease\" style=\"transition-duration:0.5s;\"><div class=\"w-flipbox-hh\"><div class=\"w-flipbox-front us_custom_307288e5\" style=\"background:var(--color-header-transparent-bg);color:var(--color-content-bg);background-image:url(https:\/\/moehring-energie.com\/wp-content\/uploads\/2025\/04\/ME_Service_dark_bg.png);\"><div class=\"w-flipbox-front-h\"><\/div><\/div><div class=\"w-flipbox-back us_custom_307288e5\" style=\"display:none;background:#f2ac13;color:var(--color-content-bg);\"><div class=\"w-flipbox-back-h\"><div class=\"w-flipbox-back-desc\"><p>D\u00e9veloppement de projets<br \/>\nEPC, O&amp;M, Repowering<\/p>\n<\/div><a href=\"https:\/\/relaunchmegwebsi-p23av60p9g.live-website.com\/services\/\" class=\"w-btn us-btn-style_15\" style=\"font-size:12px\"><span class=\"w-btn-label\">Plus<\/span><\/a><\/div><\/div><\/div><\/div><\/div><div class=\"w-flipbox animation_cardflip direction_s\"><div class=\"w-flipbox-h easing_ease\" style=\"transition-duration:0.5s;\"><div class=\"w-flipbox-hh\"><div class=\"w-flipbox-front us_custom_307288e5\" style=\"background:var(--color-content-text);color:var(--color-content-bg);background-image:url(https:\/\/moehring-energie.com\/wp-content\/uploads\/2025\/04\/ME_Ukraine_light_bg.png);\"><div class=\"w-flipbox-front-h\"><\/div><\/div><div class=\"w-flipbox-back us_custom_307288e5\" style=\"display:none;background:#fad607;color:var(--color-content-bg);\"><div class=\"w-flipbox-back-h\"><div class=\"w-flipbox-back-desc\"><p>Plantes solaires<br \/>\npour l'\u00e9nergie<br \/>\nR\u00e9silience et d\u00e9centralisation<\/p>\n<\/div><a href=\"https:\/\/relaunchmegwebsi-p23av60p9g.live-website.com\/projekte-ukraine\" class=\"w-btn us-btn-style_15\" style=\"font-size:12px\"><span class=\"w-btn-label\">Plus<\/span><\/a><\/div><\/div><\/div><\/div><\/div><div class=\"w-flipbox animation_cardflip direction_s\"><div class=\"w-flipbox-h easing_ease\" style=\"transition-duration:0.5s;\"><div class=\"w-flipbox-hh\"><div class=\"w-flipbox-front us_custom_307288e5\" style=\"background:var(--color-content-text);color:var(--color-content-bg);background-image:url(https:\/\/moehring-energie.com\/wp-content\/uploads\/2025\/04\/ME_PTX_light_bg.png);\"><div class=\"w-flipbox-front-h\"><\/div><\/div><div class=\"w-flipbox-back us_custom_307288e5\" style=\"display:none;background:#17d4d4;color:var(--color-content-bg);\"><div class=\"w-flipbox-back-h\"><div class=\"w-flipbox-back-desc\"><p>Grande \u00e9chelle<br \/>\nGreen Hydrogen &amp;<br \/>\nPtX-Projects<br \/>\nin Morocco<\/p>\n<\/div><a href=\"https:\/\/relaunchmegwebsi-p23av60p9g.live-website.com\/produkte\/\" class=\"w-btn us-btn-style_15\" style=\"font-size:12px\"><span class=\"w-btn-label\">Plus<\/span><\/a><\/div><\/div><\/div><\/div><\/div><div class=\"w-flipbox animation_cardflip direction_s\"><div class=\"w-flipbox-h easing_ease\" style=\"transition-duration:0.5s;\"><div class=\"w-flipbox-hh\"><div class=\"w-flipbox-front us_custom_307288e5\" style=\"background:var(--color-header-transparent-bg);color:var(--color-content-bg);background-image:url(https:\/\/moehring-energie.com\/wp-content\/uploads\/2025\/04\/ME_Maroc_light_bg.png);\"><div class=\"w-flipbox-front-h\"><\/div><\/div><div class=\"w-flipbox-back us_custom_307288e5\" style=\"display:none;background:var(--color-header-middle-text-hover);color:var(--color-content-bg);\"><div class=\"w-flipbox-back-h\"><div class=\"w-flipbox-back-desc\"><p>\u00c9nergies renouvelables et<br \/>\nusines de dessalement pour le<br \/>\nPtX, l'agriculture et<br \/>\nbien plus encore.<\/p>\n<\/div><a href=\"https:\/\/relaunchmegwebsi-p23av60p9g.live-website.com\/projekte-marokko\" class=\"w-btn us-btn-style_15\" style=\"font-size:14px\"><span class=\"w-btn-label\">Plus<\/span><\/a><\/div><\/div><\/div><\/div><\/div><div class=\"w-flipbox animation_cardflip direction_s\"><div class=\"w-flipbox-h easing_ease\" style=\"transition-duration:0.5s;\"><div class=\"w-flipbox-hh\"><div class=\"w-flipbox-front us_custom_307288e5\" style=\"background:var(--color-content-text);color:var(--color-content-bg);background-image:url(https:\/\/moehring-energie.com\/wp-content\/uploads\/2025\/04\/ME_EPC_light_bg.png);\"><div class=\"w-flipbox-front-h\"><\/div><\/div><div class=\"w-flipbox-back us_custom_307288e5\" style=\"display:none;background:#4587f7;color:var(--color-content-bg);\"><div class=\"w-flipbox-back-h\"><div class=\"w-flipbox-back-desc\"><p>Ing\u00e9nierie,<br \/>\nApprovisionnement &amp;<br \/>\nConstruction<br \/>\nServices<\/p>\n<\/div><a href=\"https:\/\/relaunchmegwebsi-p23av60p9g.live-website.com\/services\/\" class=\"w-btn us-btn-style_15\" style=\"font-size:12px\"><span class=\"w-btn-label\">Plus<\/span><\/a><\/div><\/div><\/div><\/div><\/div><div class=\"w-flipbox animation_cardflip direction_s\"><div class=\"w-flipbox-h easing_ease\" style=\"transition-duration:0.5s;\"><div class=\"w-flipbox-hh\"><div class=\"w-flipbox-front us_custom_ebb6d7ce\" style=\"background:var(--color-content-text);color:var(--color-content-bg);background-image:url(https:\/\/moehring-energie.com\/wp-content\/uploads\/2025\/04\/ME_3EA_light_bg-2-e1750167538367.jpg);\"><div class=\"w-flipbox-front-h\"><\/div><\/div><div class=\"w-flipbox-back us_custom_ebb6d7ce\" style=\"display:none;background:#e14750;color:var(--color-content-bg);\"><div class=\"w-flipbox-back-h\"><div class=\"w-flipbox-back-desc\"><p>M\u00f6hring's<br \/>\nAsian<br \/>\nProcurement<br \/>\nHub<\/p>\n<\/div><a href=\"#\" class=\"w-btn us-btn-style_15\" style=\"font-size:0px\"><span class=\"w-btn-label\">.<\/span><\/a><\/div><\/div><\/div><\/div><\/div><\/div><\/div><\/div><\/div><\/div><\/div><\/div><\/div><\/div><\/section>\n","protected":false},"excerpt":{"rendered":"l\u2019entreprise M\u00f6hring Energie, votre partenaire mondial pour des projets \u00e9nerg\u00e9tiques ambitieux M\u00f6hring Energie est un groupe d\u2019entreprises de taille moyenne, dirig\u00e9 par ses propri\u00e9taires, avec des racines dans le nord de l\u2019Allemagne et une vision internationale. Depuis plus de 15 ans, nous concevons, construisons et exploitons des syst\u00e8mes d\u2019\u00e9nergie renouvelable et des solutions de stockage...","protected":false},"author":1,"featured_media":0,"parent":0,"menu_order":66,"comment_status":"closed","ping_status":"closed","template":"","meta":{"footnotes":""},"class_list":["post-12122","page","type-page","status-publish","hentry"],"_links":{"self":[{"href":"https:\/\/moehring-energie.com\/fr\/wp-json\/wp\/v2\/pages\/12122","targetHints":{"allow":["GET"]}}],"collection":[{"href":"https:\/\/moehring-energie.com\/fr\/wp-json\/wp\/v2\/pages"}],"about":[{"href":"https:\/\/moehring-energie.com\/fr\/wp-json\/wp\/v2\/types\/page"}],"author":[{"embeddable":true,"href":"https:\/\/moehring-energie.com\/fr\/wp-json\/wp\/v2\/users\/1"}],"replies":[{"embeddable":true,"href":"https:\/\/moehring-energie.com\/fr\/wp-json\/wp\/v2\/comments?post=12122"}],"version-history":[{"count":48,"href":"https:\/\/moehring-energie.com\/fr\/wp-json\/wp\/v2\/pages\/12122\/revisions"}],"predecessor-version":[{"id":14106,"href":"https:\/\/moehring-energie.com\/fr\/wp-json\/wp\/v2\/pages\/12122\/revisions\/14106"}],"wp:attachment":[{"href":"https:\/\/moehring-energie.com\/fr\/wp-json\/wp\/v2\/media?parent=12122"}],"curies":[{"name":"wp","href":"https:\/\/api.w.org\/{rel}","templated":true}]}}