{"id":12144,"date":"2013-12-16T19:45:19","date_gmt":"2013-12-16T18:45:19","guid":{"rendered":"https:\/\/moehring-energie.com\/faq\/"},"modified":"2025-08-28T10:46:19","modified_gmt":"2025-08-28T08:46:19","slug":"faq","status":"publish","type":"page","link":"https:\/\/moehring-energie.com\/fr\/faq\/","title":{"rendered":"FAQ"},"content":{"rendered":"<section class=\"l-section wpb_row height_custom color_primary with_img\"><div class=\"l-section-img\" role=\"img\" data-img-width=\"2560\" data-img-height=\"1920\" style=\"background-image: url(https:\/\/moehring-energie.com\/wp-content\/uploads\/2025\/06\/IMG_0868-scaled.jpeg);background-repeat: no-repeat;\"><\/div><div class=\"l-section-overlay\" style=\"background:rgba(10,10,10,0.3)\"><\/div><div class=\"l-section-h i-cf\"><div class=\"g-cols vc_row via_flex valign_top type_default stacking_default\"><div class=\"vc_col-sm-12 wpb_column vc_column_container\"><div class=\"vc_column-inner us_custom_8694f0b0\"><div class=\"wpb_wrapper\"><div class=\"wpb_text_column us_custom_60813065\"><div class=\"wpb_wrapper\"><h1>FAQ<\/h1>\n<\/div><\/div><div class=\"w-separator size_small\"><\/div><\/div><\/div><\/div><\/div><\/div><\/section><section class=\"l-section wpb_row height_small\"><div class=\"l-section-h i-cf\"><div class=\"g-cols vc_row via_flex valign_top type_default stacking_default\"><div class=\"vc_col-sm-9 wpb_column vc_column_container\"><div class=\"vc_column-inner\"><div class=\"wpb_wrapper\"><div class=\"w-tabs style_default switch_click accordion type_togglable has_scrolling\" style=\"--sections-title-size:1.3rem\"><div class=\"w-tabs-sections titles-align_none icon_triangle cpos_right\"><div class=\"w-tabs-section\" id=\"faq1\"><button class=\"w-tabs-section-header with_icon\" aria-controls=\"content-faq1\" aria-expanded=\"false\"><i class=\"far fa-question-circle\"><\/i><div class=\"w-tabs-section-title\">Qui est le groupe M\u00f6hring Energie et quels sont ses objectifs ?<\/div><div class=\"w-tabs-section-control\"><\/div><\/button><div  class=\"w-tabs-section-content us_custom_153635f7\" id=\"content-faq1\"><div class=\"w-tabs-section-content-h i-cf\"><div class=\"wpb_text_column\"><div class=\"wpb_wrapper\"><p>Le groupe M\u00f6hring Energie, pionnier dans le domaine des \u00e9nergies renouvelables, se consacre au d\u00e9veloppement et \u00e0 la mise en \u0153uvre de solutions \u00e9nerg\u00e9tiques durables et efficaces. Notre objectif est de faire progresser la transition \u00e9nerg\u00e9tique et de jouer un r\u00f4le de premier plan dans le secteur des technologies solaires, \u00e9oliennes et de l&rsquo;hydrog\u00e8ne.<\/p>\n<\/div><\/div><\/div><\/div><\/div><div class=\"w-tabs-section\" id=\"faq2\"><button class=\"w-tabs-section-header with_icon\" aria-controls=\"content-faq2\" aria-expanded=\"false\"><i class=\"far fa-question-circle\"><\/i><div class=\"w-tabs-section-title\">Quels sont les ant\u00e9c\u00e9dents et l&#039;exp\u00e9rience du groupe M\u00f6hring Energie ?<\/div><div class=\"w-tabs-section-control\"><\/div><\/button><div  class=\"w-tabs-section-content\" id=\"content-faq2\"><div class=\"w-tabs-section-content-h i-cf\"><div class=\"wpb_text_column\"><div class=\"wpb_wrapper\"><p>Fort de plusieurs d\u00e9cennies d&rsquo;exp\u00e9rience dans le secteur de l&rsquo;\u00e9nergie, le groupe M\u00f6hring Energie allie expertise et innovation pour r\u00e9pondre aux d\u00e9fis de l&rsquo;approvisionnement \u00e9nerg\u00e9tique mondial. Notre histoire est jalonn\u00e9e de projets et de partenariats pr\u00e9curseurs qui t\u00e9moignent de notre expertise et de notre engagement en faveur des \u00e9nergies renouvelables.<\/p>\n<\/div><\/div><\/div><\/div><\/div><div class=\"w-tabs-section\" id=\"faq3\"><button class=\"w-tabs-section-header with_icon\" aria-controls=\"content-faq3\" aria-expanded=\"false\"><i class=\"far fa-question-circle\"><\/i><div class=\"w-tabs-section-title\">Quels sont les services sp\u00e9cifiques offerts par le groupe M\u00f6hring Energie ?<\/div><div class=\"w-tabs-section-control\"><\/div><\/button><div  class=\"w-tabs-section-content\" id=\"content-faq3\"><div class=\"w-tabs-section-content-h i-cf\"><div class=\"wpb_text_column\"><div class=\"wpb_wrapper\"><p>Nos services couvrent toute la gamme de la planification, du d\u00e9veloppement, du financement et de la mise en \u0153uvre de projets d&rsquo;\u00e9nergie renouvelable. Nous proposons des solutions sur mesure, adapt\u00e9es aux besoins individuels de nos clients, et nous nous appuyons sur les technologies les plus r\u00e9centes et des approches innovantes.<\/p>\n<\/div><\/div><\/div><\/div><\/div><div class=\"w-tabs-section\" id=\"faq4\"><button class=\"w-tabs-section-header with_icon\" aria-controls=\"content-faq4\" aria-expanded=\"false\"><i class=\"far fa-question-circle\"><\/i><div class=\"w-tabs-section-title\">Comment le groupe M\u00f6hring Energie s&#039;engage-t-il dans le d\u00e9veloppement durable et la protection de l&#039;environnement ?<\/div><div class=\"w-tabs-section-control\"><\/div><\/button><div  class=\"w-tabs-section-content\" id=\"content-faq4\"><div class=\"w-tabs-section-content-h i-cf\"><div class=\"wpb_text_column\"><div class=\"wpb_wrapper\"><p>Le d\u00e9veloppement durable est au c\u0153ur de notre philosophie d&rsquo;entreprise. Nous nous engageons \u00e0 adopter des pratiques respectueuses de l&rsquo;environnement et \u00e0 r\u00e9duire l&#8217;empreinte carbone de nos projets. Notre engagement en faveur de la protection de l&rsquo;environnement se refl\u00e8te dans chaque aspect de notre travail, de la conservation des ressources \u00e0 la promotion des \u00e9nergies vertes.<\/p>\n<\/div><\/div><\/div><\/div><\/div><div class=\"w-tabs-section\" id=\"faq5\"><button class=\"w-tabs-section-header with_icon\" aria-controls=\"content-faq5\" aria-expanded=\"false\"><i class=\"far fa-question-circle\"><\/i><div class=\"w-tabs-section-title\">Comment les personnes int\u00e9ress\u00e9es peuvent-elles prendre contact avec le groupe M\u00f6hring Energie ?<\/div><div class=\"w-tabs-section-control\"><\/div><\/button><div  class=\"w-tabs-section-content\" id=\"content-faq5\"><div class=\"w-tabs-section-content-h i-cf\"><div class=\"wpb_text_column us_custom_153635f7\"><div class=\"wpb_wrapper\"><p>Nous vous invitons \u00e0 nous contacter pour en savoir plus sur nos services ou pour vous renseigner sur d&rsquo;\u00e9ventuelles collaborations. Visitez notre site web pour en savoir plus sur nos services et nos projets, ou contactez-nous directement via notre formulaire de contact, par e-mail ou par t\u00e9l\u00e9phone. Nous sommes impatients de collaborer avec vous et de contribuer ensemble de mani\u00e8re positive \u00e0 la transition \u00e9nerg\u00e9tique.<\/p>\n<\/div><\/div><\/div><\/div><\/div><\/div><\/div><div class=\"w-separator size_large\"><\/div><div class=\"wpb_text_column\"><div class=\"wpb_wrapper\"><h3>Vous avez d&rsquo;autres questions ?<\/h3>\n<\/div><\/div><div class=\"w-separator size_medium\"><\/div><div class=\"g-cols wpb_row via_flex valign_top type_default stacking_default\"><div class=\"vc_col-sm-6 wpb_column vc_column_container\"><div class=\"vc_column-inner\"><div class=\"wpb_wrapper\"><div class=\"w-iconbox iconpos_left style_outlined color_contrast align_none\"><a href=\"mailto:info@moehring-energie.com\" class=\"w-iconbox-link\" aria-label=\"\u00c9crivez-nous\"><div class=\"w-iconbox-icon\" style=\"font-size:2rem;\"><i class=\"fal fa-envelope-open-text\"><\/i><\/div><\/a><div class=\"w-iconbox-meta\"><h4 class=\"w-iconbox-title\"><a href=\"mailto:info@moehring-energie.com\" class=\"w-iconbox-link\" aria-label=\"\u00c9crivez-nous\">\u00c9crivez-nous<\/a><\/h4><div class=\"w-iconbox-text\"><p>Contactez-nous par e-mail.<br \/>\nNous serons heureux de r\u00e9pondre \u00e0 vos questions.<\/p>\n<p><a href=\"mailto:info@moehring-energie.de\">info@moehring-energie.com<\/a><\/p>\n<\/div><\/div><\/div><\/div><\/div><\/div><div class=\"vc_col-sm-6 wpb_column vc_column_container\"><div class=\"vc_column-inner\"><div class=\"wpb_wrapper\"><div class=\"w-iconbox iconpos_left style_outlined color_contrast align_none\"><a href=\"tel:+49485784240\" class=\"w-iconbox-link\" aria-label=\"Appelez-nous\"><div class=\"w-iconbox-icon\" style=\"font-size:2rem;\"><i class=\"fal fa-phone\"><\/i><\/div><\/a><div class=\"w-iconbox-meta\"><h4 class=\"w-iconbox-title\"><a href=\"tel:+49485784240\" class=\"w-iconbox-link\" aria-label=\"Appelez-nous\">Appelez-nous<\/a><\/h4><div class=\"w-iconbox-text\"><p>Nous sommes \u00e9galement \u00e0 votre disposition par t\u00e9l\u00e9phone.<br \/>\nLundi &#8211; vendredi : 7.00 &#8211; 16.00<\/p>\n<p> +49<a href=\"tel:+49485784240\"> 4857 8424-0<\/a><\/p>\n<\/div><\/div><\/div><\/div><\/div><\/div><\/div><\/div><\/div><\/div><div class=\"vc_col-sm-3 wpb_column vc_column_container\"><div class=\"vc_column-inner type_sticky\"><div class=\"wpb_wrapper\"><div class=\"wpb_text_column\"><div class=\"wpb_wrapper\"><h4>Nous sommes l\u00e0 pour vous !<\/h4>\n<p>Nous serions heureux de vous informer sur nos services, nos projets et nos \u00e9ventuelles coop\u00e9rations. Consultez notre site web ou contactez-nous directement via notre formulaire de contact, par e-mail ou par t\u00e9l\u00e9phone. <\/p>\n<p>Nous sommes impatients de travailler avec vous et d&rsquo;apporter ensemble une contribution positive \u00e0 la transition \u00e9nerg\u00e9tique.<\/p>\n<\/div><\/div><div class=\"w-separator size_small\"><\/div><div class=\"w-btn-wrapper align_none\"><a class=\"w-btn us-btn-style_28\" title=\"Contact\" href=\"https:\/\/moehring-energie.com\/fr\/contactez-nous-2\/\"><span class=\"w-btn-label\">Contact<\/span><\/a><\/div><\/div><\/div><\/div><\/div><\/div><\/section><section class=\"l-section wpb_row height_medium\"><div class=\"l-section-h i-cf\"><div class=\"g-cols vc_row via_flex valign_top type_default stacking_default\"><div class=\"vc_col-sm-12 wpb_column vc_column_container\"><div class=\"vc_column-inner\"><div class=\"wpb_wrapper\"><\/div><\/div><\/div><\/div><\/div><\/section>\n","protected":false},"excerpt":{"rendered":"FAQ Qui est le groupe M\u00f6hring Energie et quels sont ses objectifs ?Le groupe M\u00f6hring Energie, pionnier dans le domaine des \u00e9nergies renouvelables, se consacre au d\u00e9veloppement et \u00e0 la mise en \u0153uvre de solutions \u00e9nerg\u00e9tiques durables et efficaces. Notre objectif est de faire progresser la transition \u00e9nerg\u00e9tique et de jouer un r\u00f4le de premier...","protected":false},"author":1,"featured_media":0,"parent":0,"menu_order":77,"comment_status":"closed","ping_status":"closed","template":"","meta":{"footnotes":""},"class_list":["post-12144","page","type-page","status-publish","hentry"],"_links":{"self":[{"href":"https:\/\/moehring-energie.com\/fr\/wp-json\/wp\/v2\/pages\/12144","targetHints":{"allow":["GET"]}}],"collection":[{"href":"https:\/\/moehring-energie.com\/fr\/wp-json\/wp\/v2\/pages"}],"about":[{"href":"https:\/\/moehring-energie.com\/fr\/wp-json\/wp\/v2\/types\/page"}],"author":[{"embeddable":true,"href":"https:\/\/moehring-energie.com\/fr\/wp-json\/wp\/v2\/users\/1"}],"replies":[{"embeddable":true,"href":"https:\/\/moehring-energie.com\/fr\/wp-json\/wp\/v2\/comments?post=12144"}],"version-history":[{"count":3,"href":"https:\/\/moehring-energie.com\/fr\/wp-json\/wp\/v2\/pages\/12144\/revisions"}],"predecessor-version":[{"id":13667,"href":"https:\/\/moehring-energie.com\/fr\/wp-json\/wp\/v2\/pages\/12144\/revisions\/13667"}],"wp:attachment":[{"href":"https:\/\/moehring-energie.com\/fr\/wp-json\/wp\/v2\/media?parent=12144"}],"curies":[{"name":"wp","href":"https:\/\/api.w.org\/{rel}","templated":true}]}}