{"id":12160,"date":"2025-04-15T13:32:25","date_gmt":"2025-04-15T11:32:25","guid":{"rendered":"https:\/\/moehring-energie.com\/declaration-de-confidentialite\/"},"modified":"2025-06-03T17:58:48","modified_gmt":"2025-06-03T15:58:48","slug":"declaration-de-confidentialite","status":"publish","type":"page","link":"https:\/\/moehring-energie.com\/fr\/declaration-de-confidentialite\/","title":{"rendered":"D\u00e9claration de confidentialit\u00e9"},"content":{"rendered":"<section class=\"l-section wpb_row height_custom\"><div class=\"l-section-h i-cf\"><div class=\"g-cols vc_row via_flex valign_top type_default stacking_default\"><div class=\"vc_col-sm-12 wpb_column vc_column_container\"><div class=\"vc_column-inner\"><div class=\"wpb_wrapper\"><div class=\"wpb_text_column\"><div class=\"wpb_wrapper\"><h3 class=\"western\"><b>Politique de confidentialit\u00e9 &amp; Cookies Policy<\/b><\/h3>\n<p>Par la pr\u00e9sente d\u00e9claration de protection des donn\u00e9es, nous souhaitons vous informer sur la nature, l&rsquo;\u00e9tendue et la finalit\u00e9 du traitement des donn\u00e9es \u00e0 caract\u00e8re personnel (ci-apr\u00e8s \u00e9galement d\u00e9sign\u00e9es par le terme \u00ab\u00a0donn\u00e9es\u00a0\u00bb). Les donn\u00e9es personnelles sont toutes les donn\u00e9es qui ont un lien avec vous, par exemple votre nom, votre adresse, votre adresse e-mail ou votre comportement d&rsquo;utilisateur. La d\u00e9claration de protection des donn\u00e9es s&rsquo;applique \u00e0 toutes les op\u00e9rations de traitement des donn\u00e9es que nous effectuons, tant dans le cadre de notre activit\u00e9 principale que dans celui des m\u00e9dias en ligne que nous tenons \u00e0 votre disposition.  <\/p>\n<p><b>Qui est responsable du traitement des donn\u00e9es chez nous<\/b><\/p>\n<p>Le responsable du traitement des donn\u00e9es est<\/p>\n<p>M\u00f6hring Energie Holding GmbH<br \/>\nSascha M\u00f6hring<br \/>\nNorder Reihe<br \/>\n725719 Busenwurth<br \/>\nAllemagne<br \/>\n+49 4857 8424-0<br \/>\ninfo@moehring-energie.de<br \/>\nmoehring-energie.de\/impressum<\/p>\n<p><b>Traitement de vos donn\u00e9es dans le cadre de l&rsquo;activit\u00e9 principale de notre entreprise<\/b><\/p>\n<p>Si vous \u00eates notre client ou partenaire commercial ou si vous vous int\u00e9ressez \u00e0 nos services, la nature, l&rsquo;\u00e9tendue et la finalit\u00e9 du traitement de vos donn\u00e9es sont d\u00e9termin\u00e9es par les relations contractuelles ou pr\u00e9contractuelles existant entre nous. En ce sens, les donn\u00e9es que nous traitons comprennent toutes les donn\u00e9es qui sont ou ont \u00e9t\u00e9 fournies par vous dans le but d&rsquo;utiliser les services contractuels ou pr\u00e9contractuels et qui sont n\u00e9cessaires pour traiter votre demande ou le contrat conclu entre nous. Sauf indication contraire dans les autres remarques de la pr\u00e9sente d\u00e9claration de protection des donn\u00e9es, le traitement de vos donn\u00e9es et leur transmission \u00e0 des tiers se limitent aux donn\u00e9es n\u00e9cessaires et utiles pour r\u00e9pondre \u00e0 vos demandes et\/ou pour ex\u00e9cuter le contrat conclu entre vous et nous, pour pr\u00e9server nos droits et pour satisfaire aux obligations l\u00e9gales. Nous vous indiquons quelles donn\u00e9es sont n\u00e9cessaires \u00e0 cet effet avant ou au moment de la collecte des donn\u00e9es. Dans la mesure o\u00f9 nous faisons appel \u00e0 des prestataires tiers pour fournir nos services, les informations relatives \u00e0 la protection des donn\u00e9es des prestataires tiers concern\u00e9s s&rsquo;appliquent.    <\/p>\n<p><b>Donn\u00e9es concern\u00e9es :<\/b><\/p>\n<p>Donn\u00e9es d&rsquo;inventaire (par ex. noms, adresses)<\/p>\n<p>Donn\u00e9es de paiement (par ex. coordonn\u00e9es bancaires, factures)<\/p>\n<p>Coordonn\u00e9es (par ex. adresse \u00e9lectronique, num\u00e9ro de t\u00e9l\u00e9phone, adresse postale)<\/p>\n<p>Donn\u00e9es contractuelles (par exemple, objet du contrat, dur\u00e9e du contrat)<\/p>\n<p><b>Personnes concern\u00e9es : <\/b>prospects, partenaires commerciaux et contractuels<\/p>\n<p><b>Finalit\u00e9 du traitement : <\/b>ex\u00e9cution des services contractuels, communication et r\u00e9ponse aux demandes de contact, proc\u00e9dures de bureau et d&rsquo;organisation.<\/p>\n<p><b>Base juridique :<\/b> ex\u00e9cution du contrat et demandes pr\u00e9contractuelles, article 6, paragraphe 1, point b) du RGPD, obligation l\u00e9gale, article 6, paragraphe 1, point c) du RGPD, int\u00e9r\u00eat l\u00e9gitime, article 6, paragraphe 1, point f) du RGPD      <\/p>\n<p><b>Vos droits en vertu du RGPD<\/b><\/p>\n<p>Conform\u00e9ment au RGPD, vous disposez des droits \u00e9num\u00e9r\u00e9s ci-dessous, que vous pouvez faire valoir \u00e0 tout moment aupr\u00e8s du responsable mentionn\u00e9 au point 1 de la pr\u00e9sente d\u00e9claration de confidentialit\u00e9 :<\/p>\n<p><b>Droit d&rsquo;acc\u00e8s :<\/b> vous avez le droit de nous demander si nous traitons des donn\u00e9es vous concernant et lesquelles.<\/p>\n<p><b>Droit de rectification :<\/b> vous avez le droit de faire rectifier les donn\u00e9es inexactes ou de faire compl\u00e9ter les donn\u00e9es incompl\u00e8tes.<\/p>\n<p><b>Droit \u00e0 l&rsquo;effacement :<\/b> vous avez le droit de demander l&rsquo;effacement de vos donn\u00e9es.<\/p>\n<p><b>Droit \u00e0 la limitation :<\/b> dans certains cas, vous avez le droit de nous demander de limiter le traitement de vos donn\u00e9es.<\/p>\n<p><b>Droit \u00e0 la portabilit\u00e9 des donn\u00e9es :<\/b> vous avez le droit de demander que nous vous transmettions, ou que nous transmettions \u00e0 un autre responsable du traitement, vos donn\u00e9es dans un format structur\u00e9, couramment utilis\u00e9 et lisible par machine.<\/p>\n<p><b>Droit de r\u00e9clamation<\/b>: vous avez le droit de d\u00e9poser une r\u00e9clamation aupr\u00e8s d&rsquo;une autorit\u00e9 de contr\u00f4le. L&rsquo;autorit\u00e9 de contr\u00f4le comp\u00e9tente est celle de votre lieu de r\u00e9sidence habituel, de votre lieu de travail ou de notre si\u00e8ge social. <\/p>\n<p><b>Droit de r\u00e9tractation<\/b><\/p>\n<p>Vous avez le droit de r\u00e9voquer \u00e0 tout moment le consentement que vous avez donn\u00e9 au traitement des donn\u00e9es.<\/p>\n<p><b>Droit d&rsquo;opposition<\/b><\/p>\n<p>Vous avez le droit de vous opposer \u00e0 tout moment au traitement de vos donn\u00e9es que nous fondons sur notre int\u00e9r\u00eat l\u00e9gitime conform\u00e9ment \u00e0 l&rsquo;article 6, paragraphe 1, point f), du RGPD. Si vous faites usage de votre droit d&rsquo;opposition, nous vous prions d&rsquo;en exposer les raisons. Nous ne traiterons alors plus vos donn\u00e9es personnelles, \u00e0 moins que nous puissions d\u00e9montrer que des raisons imp\u00e9rieuses et l\u00e9gitimes pour le traitement des donn\u00e9es pr\u00e9valent sur vos int\u00e9r\u00eats et vos droits.    <\/p>\n<p><b>Ind\u00e9pendamment de ce qui pr\u00e9c\u00e8de, vous avez le droit de vous opposer \u00e0 tout moment au traitement de vos donn\u00e9es personnelles \u00e0 des fins de prospection et d&rsquo;analyse de donn\u00e9es.<\/b><\/p>\n<p>Veuillez adresser votre opposition \u00e0 l&rsquo;adresse de contact du responsable indiqu\u00e9e ci-dessus.<\/p>\n<p><b>Quand supprimons-nous vos donn\u00e9es ?<\/b><\/p>\n<p>Nous supprimons vos donn\u00e9es lorsque nous n&rsquo;en avons plus besoin ou lorsque vous nous le demandez. Cela signifie que, sauf indication contraire dans les diff\u00e9rents avis de confidentialit\u00e9 de la pr\u00e9sente d\u00e9claration de confidentialit\u00e9, nous supprimerons vos donn\u00e9es, <\/p>\n<p>lorsque la finalit\u00e9 du traitement des donn\u00e9es n&rsquo;existe plus et que la base juridique mentionn\u00e9e dans les diff\u00e9rentes notes d&rsquo;information sur la protection des donn\u00e9es n&rsquo;existe donc plus, par ex.<\/p>\n<p>apr\u00e8s la fin des relations contractuelles ou d&rsquo;adh\u00e9sion existant entre nous (article 6, paragraphe 1, point a) du RGPD) ou<\/p>\n<p>apr\u00e8s la disparition de notre int\u00e9r\u00eat l\u00e9gitime \u00e0 poursuivre le traitement ou le stockage de vos donn\u00e9es (article 6, paragraphe 1, point f) du RGPD),<\/p>\n<p>si vous exercez votre droit de r\u00e9tractation et qu&rsquo;aucune autre base juridique l\u00e9gale n&rsquo;intervient pour le traitement au sens de l&rsquo;article 6, paragraphe 1, points b-f du RGPD,  <\/p>\n<p>si vous exercez votre droit d&rsquo;opposition et qu&rsquo;aucune raison imp\u00e9rieuse digne de protection ne s&rsquo;oppose \u00e0 l&rsquo;effacement.<\/p>\n<p>Si nous devons toutefois conserver (certaines parties) de vos donn\u00e9es \u00e0 d&rsquo;autres fins, par exemple parce que les d\u00e9lais de conservation fiscaux (en r\u00e8gle g\u00e9n\u00e9rale 6 ans pour la correspondance commerciale ou 10 ans pour les pi\u00e8ces comptables) ou la constatation, l&rsquo;exercice ou la d\u00e9fense de droits en justice d\u00e9coulant de relations contractuelles (jusqu \u00ab \u00e0 quatre ans) l&rsquo;exigent, ou si les donn\u00e9es sont n\u00e9cessaires \u00e0 la protection des droits d&rsquo;une autre personne physique ou morale, nous n&rsquo;effa\u00e7ons (une partie de) vos donn\u00e9es qu&rsquo;apr\u00e8s l&rsquo;expiration de ces d\u00e9lais. Toutefois, jusqu \u00bb \u00e0 l&rsquo;expiration de ces d\u00e9lais, nous limitons le traitement de ces donn\u00e9es \u00e0 ces fins (respect des obligations de conservation). <\/p>\n<p><b>Cookies<\/b><\/p>\n<p>Notre site Internet utilise des cookies. Les cookies sont de petits fichiers texte constitu\u00e9s d&rsquo;une s\u00e9rie de chiffres et de lettres qui sont plac\u00e9s et stock\u00e9s sur le terminal que vous utilisez. Les cookies servent principalement \u00e0 \u00e9changer des informations entre le terminal que vous utilisez et notre site Internet. Il s&rsquo;agit notamment des param\u00e8tres de langue d&rsquo;une page web, du statut de connexion ou de l&rsquo;endroit o\u00f9 une vid\u00e9o a \u00e9t\u00e9 visionn\u00e9e.   <\/p>\n<p>Deux types de cookies sont utilis\u00e9s lorsque vous visitez nos sites web :<\/p>\n<p><b>Les cookies temporaires (cookies de session) :<\/b> Ils enregistrent ce que l&rsquo;on appelle un identifiant de session, qui permet d&rsquo;associer diff\u00e9rentes demandes de votre navigateur \u00e0 la session commune. Les cookies de session sont supprim\u00e9s lorsque vous vous d\u00e9connectez ou fermez votre navigateur. <\/p>\n<p><b>Cookies permanents : <\/b>les cookies permanents restent enregistr\u00e9s m\u00eame apr\u00e8s la fermeture du navigateur. Cela permet \u00e0 notre site web de reconna\u00eetre votre ordinateur lorsque vous revenez sur notre site web. Ces cookies stockent par exemple des informations sur les pr\u00e9f\u00e9rences linguistiques ou des informations de connexion. En outre, ces cookies permettent de documenter et d&rsquo;enregistrer votre comportement de navigation. Ces donn\u00e9es peuvent \u00eatre utilis\u00e9es \u00e0 des fins de statistiques, de marketing et de personnalisation.    <\/p>\n<p>Outre la classification ci-dessus, les cookies peuvent \u00e9galement \u00eatre diff\u00e9renci\u00e9s en fonction de leur utilisation :<\/p>\n<p><b>Cookies n\u00e9cessaires :<\/b> il s&rsquo;agit des cookies strictement n\u00e9cessaires au fonctionnement de notre site web, pour m\u00e9moriser les identifiants ou les paniers d&rsquo;achat pendant la dur\u00e9e de votre session, ou des cookies plac\u00e9s pour des raisons de s\u00e9curit\u00e9.<\/p>\n<p><b>Cookies de statistiques, de marketing et de personnalisation :<\/b> il s&rsquo;agit de cookies utilis\u00e9s \u00e0 des fins d&rsquo;analyse ou de mesure d&rsquo;audience. Ces cookies de suivi peuvent notamment enregistrer des informations sur les termes de recherche saisis ou la fr\u00e9quence des pages consult\u00e9es. En outre, le comportement de navigation d&rsquo;un utilisateur individuel (par exemple, la visualisation de certains contenus, l&rsquo;utilisation de fonctions, etc. Ces profils sont utilis\u00e9s pour afficher des contenus qui correspondent aux int\u00e9r\u00eats potentiels des utilisateurs. Dans la mesure o\u00f9 nous utilisons des services par le biais desquels des cookies sont enregistr\u00e9s sur votre terminal \u00e0 des fins de statistiques, de marketing et de personnalisation, nous vous informons s\u00e9par\u00e9ment \u00e0 ce sujet dans les sections suivantes de notre d\u00e9claration de protection des donn\u00e9es ou dans le cadre de la demande de votre consentement.    <\/p>\n<p><b>Donn\u00e9es concern\u00e9es :<\/b><\/p>\n<p>donn\u00e9es d&rsquo;utilisation (par exemple, temps d&rsquo;acc\u00e8s, pages web cliqu\u00e9es)<\/p>\n<p>Donn\u00e9es de communication (par exemple, informations sur l&rsquo;appareil utilis\u00e9, adresse IP).<\/p>\n<p><b>Les personnes concern\u00e9es : <\/b>Utilisateurs de nos offres en ligne<\/p>\n<p><b>Finalit\u00e9 du traitement : <\/b>affichage de nos pages Internet, garantie du fonctionnement de nos pages Internet, am\u00e9lioration de notre offre Internet, communication et marketing.<\/p>\n<p><b>Base juridique :<br \/>\nInt\u00e9r\u00eat l\u00e9gitime, art. 6, paragraphe 1, point f du RGPD  <\/b><br \/>\nDans la mesure o\u00f9 nous ne vous demandons pas votre consentement pour l&rsquo;installation des cookies, nous basons le traitement de vos donn\u00e9es sur notre int\u00e9r\u00eat l\u00e9gitime \u00e0 am\u00e9liorer la qualit\u00e9 et la convivialit\u00e9 de notre site Internet, en particulier de son contenu et de ses fonctions. Vous pouvez vous opposer \u00e0 l&rsquo;utilisation des cookies que nous pla\u00e7ons dans le cadre de notre int\u00e9r\u00eat l\u00e9gitime en modifiant les param\u00e8tres de s\u00e9curit\u00e9 de votre navigateur. Vous avez la possibilit\u00e9 de d\u00e9cider si vous n&rsquo;acceptez pas les cookies ou si vous les acceptez uniquement sur demande, ou encore si vous souhaitez que les cookies soient supprim\u00e9s \u00e0 chaque fermeture de votre navigateur. Si les cookies sont d\u00e9sactiv\u00e9s pour notre site web, il est possible que vous ne puissiez plus utiliser toutes les fonctions du site web.   <\/p>\n<p><b>Consentement, article 6, paragraphe 1, point a) du RGPD  <\/b><br \/>\nSi nous vous demandons, avant votre visite sur notre site Internet, de pouvoir placer certains cookies sur votre terminal et que vous y consentez, le consentement que vous donnez doit \u00eatre consid\u00e9r\u00e9 comme la base juridique. Dans le cadre du consentement, nous vous informons sur les cookies que nous pla\u00e7ons en particulier. Si vous ne donnez pas votre consentement, nous ne placerons que les cookies techniquement n\u00e9cessaires au bon fonctionnement de nos pages Internet et \u00e0 leur affichage dans votre navigateur. Si vous avez consenti \u00e0 l&rsquo;installation de cookies, vous avez la possibilit\u00e9 de r\u00e9voquer votre consentement \u00e0 tout moment.   <\/p>\n<p><b>R\u00e9seau de diffusion de contenu<\/b><\/p>\n<p>Nous utilisons un r\u00e9seau de diffusion de contenu (CDN) pour diffuser nos pages Internet. Un CDN est un r\u00e9seau de serveurs r\u00e9partis r\u00e9gionalement et connect\u00e9s via Internet. Le CDN permet de mettre \u00e0 disposition des capacit\u00e9s de stockage et de livraison \u00e9volutives. Cela permet d&rsquo;optimiser les temps de chargement de nos pages Internet et de garantir un d\u00e9bit de donn\u00e9es optimal m\u00eame en cas de pics de charge importants. Les requ\u00eates des utilisateurs sur nos sites Internet sont achemin\u00e9es via les serveurs du CDN. Des statistiques sont \u00e9tablies \u00e0 partir de ces flux de donn\u00e9es. Cela permet d&rsquo;une part de d\u00e9tecter \u00e0 temps les menaces potentielles de logiciels malveillants pour nos pages Internet et d&rsquo;autre part d&rsquo;am\u00e9liorer constamment notre offre et de rendre nos pages Internet plus conviviales pour vous en tant qu&rsquo;utilisateur.      <\/p>\n<p>Nous souhaitons attirer votre attention sur le fait que, selon le pays de r\u00e9sidence du fournisseur de services mentionn\u00e9 ci-dessous, les donn\u00e9es collect\u00e9es via le service peuvent \u00eatre transf\u00e9r\u00e9es et trait\u00e9es en dehors de l&rsquo;espace de l&rsquo;Union europ\u00e9enne. Dans ce cas, il existe un risque que le niveau de protection des donn\u00e9es prescrit par le RGPD ne soit pas respect\u00e9 et que l&rsquo;application de vos droits soit impossible ou plus difficile. <\/p>\n<p><b>Donn\u00e9es concern\u00e9es :<\/b><\/p>\n<p>Donn\u00e9es de contenu (par exemple, posts, photos, vid\u00e9os)<\/p>\n<p>donn\u00e9es d&rsquo;utilisation (par exemple, temps d&rsquo;acc\u00e8s, pages web cliqu\u00e9es)<\/p>\n<p>donn\u00e9es de communication (par exemple, informations sur l&rsquo;appareil utilis\u00e9, adresse IP)<\/p>\n<p><b>Finalit\u00e9 du traitement : <\/b>optimisation technique de la pr\u00e9sence sur Internet, analyse des erreurs et du comportement des utilisateurs<\/p>\n<p><b>Base juridique :<\/b> int\u00e9r\u00eat l\u00e9gitime, article 6, paragraphe 1, point f) du RGPD  <\/p>\n<p><b>Fournisseurs de services CDN utilis\u00e9s :<\/b><\/p>\n<p><b>Amazon CloudFront<\/b><\/p>\n<p>Fournisseur de services : Amazon Web Services, Inc, 410 Terry Avenue North, Seattle WA 98109, \u00c9tats-Unis<br \/>\nSite Internet : <span style=\"color: #467886;\"><u><a href=\"https:\/\/aws.amazon.com\/de\/\">https:\/\/aws.amazon.com\/de\/<\/a><\/u><\/span><br \/>\nD\u00e9claration de confidentialit\u00e9 : <span style=\"color: #467886;\"><u><a href=\"https:\/\/aws.amazon.com\/de\/privacy\/?nc1=f_pr.\">https:\/\/aws.amazon.com\/de\/privacy\/?nc1=f_pr.<\/a><\/u><\/span><\/p>\n<p><b>Prise de contact<\/b><\/p>\n<p>Si vous nous contactez par e-mail, via les m\u00e9dias sociaux, par t\u00e9l\u00e9phone, par fax, par courrier, via notre formulaire de contact ou par tout autre moyen et que vous nous fournissez des donn\u00e9es personnelles telles que votre nom, votre num\u00e9ro de t\u00e9l\u00e9phone ou votre adresse e-mail, ou si vous nous fournissez d&rsquo;autres informations vous concernant ou concernant votre demande, nous traiterons ces donn\u00e9es pour r\u00e9pondre \u00e0 votre demande dans le cadre de la relation pr\u00e9contractuelle ou contractuelle existant entre nous.<\/p>\n<p><b>Donn\u00e9es concern\u00e9es :<\/b><\/p>\n<p>Donn\u00e9es d&rsquo;inventaire (par ex. noms, adresses)<\/p>\n<p>Coordonn\u00e9es (par ex. adresse \u00e9lectronique, num\u00e9ro de t\u00e9l\u00e9phone, adresse postale)<\/p>\n<p>Donn\u00e9es de contenu (textes, photos, vid\u00e9os)<\/p>\n<p>Donn\u00e9es contractuelles (par exemple, objet du contrat, dur\u00e9e du contrat)<\/p>\n<p><b>Personnes concern\u00e9es : <\/b>prospects, clients, partenaires commerciaux et contractuels<\/p>\n<p><b>Finalit\u00e9 du traitement : <\/b>communication et r\u00e9ponse aux demandes de contact, bureau et proc\u00e9dures d&rsquo;organisation<\/p>\n<p><b>Base juridique :<\/b> ex\u00e9cution du contrat et demandes pr\u00e9contractuelles, article 6, paragraphe 1, point b), du RGPD, int\u00e9r\u00eat l\u00e9gitime, article 6, paragraphe 1, point f), du RGPD    <\/p>\n<p><b>Analyse web et statistiques<\/b><\/p>\n<p>Nous utilisons des services d&rsquo;analyse Web pour enregistrer les flux de visiteurs sur notre site Internet et les \u00e9valuer statistiquement. Ces services collectent, entre autres, des donn\u00e9es sur le site Internet \u00e0 partir duquel vous avez acc\u00e9d\u00e9 \u00e0 notre site (ce que l&rsquo;on appelle le r\u00e9f\u00e9rent), les pages de notre site auxquelles vous avez acc\u00e9d\u00e9, la dur\u00e9e de votre visite et les interactions que vous y avez effectu\u00e9es. Nous collectons \u00e9galement des donn\u00e9es sur le navigateur que vous utilisez, le syst\u00e8me informatique et le type d&rsquo;appareil. En outre, des informations d\u00e9mographiques, telles que l&rsquo;\u00e2ge ou le sexe, peuvent \u00eatre collect\u00e9es sous forme de valeurs pseudonymes par le biais d&rsquo;un tel service. Si vous avez consenti \u00e0 la collecte de vos donn\u00e9es de localisation, celles-ci peuvent \u00e9galement \u00eatre trait\u00e9es, selon le fournisseur.     <\/p>\n<p>Afin de collecter et d&rsquo;enregistrer ces donn\u00e9es, le service d&rsquo;analyse web que nous utilisons place g\u00e9n\u00e9ralement un cookie sur le terminal que vous utilisez, ce qui permet \u00e9galement de collecter l&rsquo;adresse IP qui vous est attribu\u00e9e. Celle-ci est toutefois raccourcie par un proc\u00e9d\u00e9 appel\u00e9 masquage IP, de sorte que l&rsquo;adresse IP ne peut plus \u00eatre attribu\u00e9e \u00e0 votre visite sur notre site Internet. Par ailleurs, aucune donn\u00e9e claire telle que le nom ou l&rsquo;adresse e-mail n&rsquo;est enregistr\u00e9e. Ni nous ni le service que nous utilisons ne connaissons l&rsquo;identit\u00e9 des visiteurs de nos pages Internet.   <\/p>\n<p>Nous souhaitons attirer votre attention sur le fait que, selon le pays de r\u00e9sidence du fournisseur de services mentionn\u00e9 ci-dessous, les donn\u00e9es collect\u00e9es via le service peuvent \u00eatre transf\u00e9r\u00e9es et trait\u00e9es en dehors de l&rsquo;espace de l&rsquo;Union europ\u00e9enne. Dans ce cas, il existe un risque que le niveau de protection des donn\u00e9es prescrit par le RGPD ne soit pas respect\u00e9 et que l&rsquo;application de vos droits soit impossible ou plus difficile. <\/p>\n<p><b>Donn\u00e9es concern\u00e9es :<\/b><\/p>\n<p>donn\u00e9es d&rsquo;utilisation (par exemple, temps d&rsquo;acc\u00e8s, pages web cliqu\u00e9es)<\/p>\n<p>Donn\u00e9es de communication (par exemple, informations sur l&rsquo;appareil utilis\u00e9, adresse IP).<\/p>\n<p><b>Les personnes concern\u00e9es : <\/b>Utilisateurs de nos offres en ligne<\/p>\n<p><b>Finalit\u00e9 du traitement : <\/b>mesure d&rsquo;audience, contr\u00f4le du succ\u00e8s des campagnes, remarketing et marketing comportemental et par centres d&rsquo;int\u00e9r\u00eat.<\/p>\n<p><b>Base juridique :<\/b> si nous vous avons demand\u00e9 votre consentement avant d&rsquo;utiliser le service en question, la base juridique est l&rsquo;article 6, paragraphe 1, point a) du RGPD. Par ailleurs, nous utilisons le service en question sur la base de notre int\u00e9r\u00eat l\u00e9gitime \u00e0 analyser les flux de visiteurs de nos pages Internet afin de pouvoir am\u00e9liorer en permanence les fonctions, les offres et l&rsquo;exp\u00e9rience d&rsquo;utilisation, article 6, paragraphe 1, point f du RGPD.     <\/p>\n<p><b>Nous utilisons les services d&rsquo;analyse web suivants :<\/b><\/p>\n<p><b>Google Analytics<\/b><\/p>\n<p>Fournisseur de services : Google Inc, 1600 Amphitheatre Parkway, Mountain View, CA 94043, \u00c9tats-Unis<br \/>\nSi\u00e8ge social dans l&rsquo;UE : Google Dublin, Google Ireland Ltd, Gordon House, Barrow Street, Dublin 4, Ireland<br \/>\nSite Internet : <span style=\"color: #467886;\"><u><a href=\"https:\/\/marketingplatform.google.com\/intl\/de\/about\/analytics\/\" target=\"_blank\" rel=\"noopener\">https:\/\/marketingplatform.google.com\/intl\/de\/about\/analytics\/<\/a><\/u><\/span><br \/>\nD\u00e9claration de confidentialit\u00e9 : <span style=\"color: #467886;\"><u><a href=\"https:\/\/policies.google.com\/privacy?hl=de\">https:\/\/policies.google.com\/privacy?hl=de<\/a><\/u><\/span><br \/>\n<b>Possibilit\u00e9 d&rsquo;opt-out<\/b>: si vous ne souhaitez pas que vos donn\u00e9es soient utilis\u00e9es par Google Analytics, vous pouvez installer un plug-in dit d&rsquo;opt-out qui emp\u00eachera \u00e0 l&rsquo;avenir la collecte de vos donn\u00e9es sur notre site. Vous pouvez obtenir ce plugin ici : <span style=\"color: #467886;\"><u><a href=\"https:\/\/tools.google.com\/dlpage\/gaoptout?hl=de\">https:\/\/tools.google.com\/dlpage\/gaoptout?hl=de<\/a><\/u><\/span>  <\/p>\n<p><b>Mesures de s\u00e9curit\u00e9<\/b><\/p>\n<p>Nous prenons par ailleurs des mesures de s\u00e9curit\u00e9 techniques et organisationnelles conformes \u00e0 l&rsquo;\u00e9tat de l&rsquo;art afin de respecter les dispositions de la l\u00e9gislation sur la protection des donn\u00e9es et de prot\u00e9ger vos donn\u00e9es contre les manipulations accidentelles ou intentionnelles, la perte partielle ou totale, la destruction ou l&rsquo;acc\u00e8s non autoris\u00e9 par des tiers.<\/p>\n<p><b>Actualit\u00e9 et modification de la pr\u00e9sente d\u00e9claration de confidentialit\u00e9<\/b><\/p>\n<p>La pr\u00e9sente d\u00e9claration de protection des donn\u00e9es est actuellement en vigueur et date de f\u00e9vrier 2024. En raison de modifications des prescriptions l\u00e9gales ou administratives, il peut s&rsquo;av\u00e9rer n\u00e9cessaire d&rsquo;adapter la pr\u00e9sente d\u00e9claration de protection des donn\u00e9es. <\/p>\n<p><b>Cette d\u00e9claration de protection des donn\u00e9es a \u00e9t\u00e9 r\u00e9dig\u00e9e \u00e0 l&rsquo;aide du g\u00e9n\u00e9rateur de protection des donn\u00e9es de SOS Recht. SOS Droit est un service de Mueller.legal Rechtsanw\u00e4lte Partnerschaft, dont le si\u00e8ge est \u00e0 Berlin. <\/b><\/p>\n<\/div><\/div><\/div><\/div><\/div><\/div><\/div><\/section>\n","protected":false},"excerpt":{"rendered":"Politique de confidentialit\u00e9 &amp; Cookies Policy Par la pr\u00e9sente d\u00e9claration de protection des donn\u00e9es, nous souhaitons vous informer sur la nature, l&rsquo;\u00e9tendue et la finalit\u00e9 du traitement des donn\u00e9es \u00e0 caract\u00e8re personnel (ci-apr\u00e8s \u00e9galement d\u00e9sign\u00e9es par le terme \u00ab\u00a0donn\u00e9es\u00a0\u00bb). Les donn\u00e9es personnelles sont toutes les donn\u00e9es qui ont un lien avec vous, par exemple votre...","protected":false},"author":1,"featured_media":0,"parent":0,"menu_order":112,"comment_status":"closed","ping_status":"open","template":"","meta":{"footnotes":""},"class_list":["post-12160","page","type-page","status-publish","hentry"],"_links":{"self":[{"href":"https:\/\/moehring-energie.com\/fr\/wp-json\/wp\/v2\/pages\/12160","targetHints":{"allow":["GET"]}}],"collection":[{"href":"https:\/\/moehring-energie.com\/fr\/wp-json\/wp\/v2\/pages"}],"about":[{"href":"https:\/\/moehring-energie.com\/fr\/wp-json\/wp\/v2\/types\/page"}],"author":[{"embeddable":true,"href":"https:\/\/moehring-energie.com\/fr\/wp-json\/wp\/v2\/users\/1"}],"replies":[{"embeddable":true,"href":"https:\/\/moehring-energie.com\/fr\/wp-json\/wp\/v2\/comments?post=12160"}],"version-history":[{"count":2,"href":"https:\/\/moehring-energie.com\/fr\/wp-json\/wp\/v2\/pages\/12160\/revisions"}],"predecessor-version":[{"id":12162,"href":"https:\/\/moehring-energie.com\/fr\/wp-json\/wp\/v2\/pages\/12160\/revisions\/12162"}],"wp:attachment":[{"href":"https:\/\/moehring-energie.com\/fr\/wp-json\/wp\/v2\/media?parent=12160"}],"curies":[{"name":"wp","href":"https:\/\/api.w.org\/{rel}","templated":true}]}}