{"id":12537,"date":"2019-02-10T11:15:00","date_gmt":"2019-02-10T10:15:00","guid":{"rendered":"https:\/\/moehring-energie.com\/page-de-resultats-de-recherche\/"},"modified":"2025-06-05T19:02:08","modified_gmt":"2025-06-05T17:02:08","slug":"page-de-resultats-de-recherche","status":"publish","type":"page","link":"https:\/\/moehring-energie.com\/fr\/page-de-resultats-de-recherche\/","title":{"rendered":"Page de r\u00e9sultats de recherche"},"content":{"rendered":"<section class=\"l-section wpb_row height_custom\"><div class=\"l-section-h i-cf\"><div class=\"g-cols vc_row via_flex valign_top type_default stacking_default\"><div class=\"vc_col-sm-12 wpb_column vc_column_container\"><div class=\"vc_column-inner\"><div class=\"wpb_wrapper\"><div class=\"w-grid us_post_list for_current_wp_query apply_url_params type_grid layout_blog_2 cols_1 pagination_numbered preload_style_spinner\" id=\"us_post_list_le48\" style=\"--columns:1;--gap:1rem;\" data-filterable=\"true\"><style>@media (min-width:1024px){#us_post_list_le48 .w-post-elm.post_title{font-size:1.4rem!important}}.layout_blog_2 .w-grid-item-h{}.layout_blog_2 .usg_post_title_1{font-size:1rem!important}.layout_blog_2 .usg_post_date_1{color:var(--color-content-faded)!important;font-size:0.8rem!important}<\/style><div class=\"w-grid-list\">\t<article class=\"w-grid-item size_1x1 post-11744 post type-post status-publish format-standard has-post-thumbnail hentry category-actualites\" data-id=\"11744\">\r\n\t\t<div class=\"w-grid-item-h\">\r\n\t\t\t\t\t\t<h2 class=\"w-post-elm post_title usg_post_title_1 entry-title color_link_inherit\"><a href=\"https:\/\/moehring-energie.com\/fr\/sommet-mondial-power-to-x\/\">Sommet mondial Power-to-X<\/a><\/h2><time class=\"w-post-elm post_date usg_post_date_1 has_text_color entry-date published\" datetime=\"2024-10-10T12:40:20+02:00\" title=\"10 octobre 2024 \u00e0 12:40:20 Europe\/Berlin\">10 octobre 2024<\/time>\t\t<\/div>\r\n\t\t\t<\/article>\r\n\t<article class=\"w-grid-item size_1x1 post-11754 post type-post status-publish format-standard has-post-thumbnail hentry category-actualites\" data-id=\"11754\">\r\n\t\t<div class=\"w-grid-item-h\">\r\n\t\t\t\t\t\t<h2 class=\"w-post-elm post_title usg_post_title_1 entry-title color_link_inherit\"><a href=\"https:\/\/moehring-energie.com\/fr\/jocksdorf-revamped\/\">Jocksdorf Revamped<\/a><\/h2><time class=\"w-post-elm post_date usg_post_date_1 has_text_color entry-date published\" datetime=\"2025-03-22T10:05:05+01:00\" title=\"22 mars 2025 \u00e0 10:05:05 Europe\/Berlin\">22 mars 2025<\/time>\t\t<\/div>\r\n\t\t\t<\/article>\r\n\t<article class=\"w-grid-item size_1x1 post-11758 post type-post status-publish format-standard has-post-thumbnail hentry category-actualites\" data-id=\"11758\">\r\n\t\t<div class=\"w-grid-item-h\">\r\n\t\t\t\t\t\t<h2 class=\"w-post-elm post_title usg_post_title_1 entry-title color_link_inherit\"><a href=\"https:\/\/moehring-energie.com\/fr\/driving-nexterra\/\">Driving NexTerra<\/a><\/h2><time class=\"w-post-elm post_date usg_post_date_1 has_text_color entry-date published\" datetime=\"2025-04-20T20:01:01+02:00\" title=\"20 avril 2025 \u00e0 20:01:01 Europe\/Berlin\">20 avril 2025<\/time>\t\t<\/div>\r\n\t\t\t<\/article>\r\n\t<article class=\"w-grid-item size_1x1 post-11728 post type-post status-publish format-standard has-post-thumbnail hentry category-actualites\" data-id=\"11728\">\r\n\t\t<div class=\"w-grid-item-h\">\r\n\t\t\t\t\t\t<h2 class=\"w-post-elm post_title usg_post_title_1 entry-title color_link_inherit\"><a href=\"https:\/\/moehring-energie.com\/fr\/extension-de-parcs-solaires-en-ukraine\/\">Extension de parcs solaires en Ukraine<\/a><\/h2><time class=\"w-post-elm post_date usg_post_date_1 has_text_color entry-date published\" datetime=\"2025-05-22T10:22:45+02:00\" title=\"22 mai 2025 \u00e0 10:22:45 Europe\/Berlin\">22 mai 2025<\/time>\t\t<\/div>\r\n\t\t\t<\/article>\r\n\t<article class=\"w-grid-item size_1x1 post-11740 post type-post status-publish format-standard has-post-thumbnail hentry category-actualites\" data-id=\"11740\">\r\n\t\t<div class=\"w-grid-item-h\">\r\n\t\t\t\t\t\t<h2 class=\"w-post-elm post_title usg_post_title_1 entry-title color_link_inherit\"><a href=\"https:\/\/moehring-energie.com\/fr\/hub-hydrogene-de-hambourg\/\">Hub hydrog\u00e8ne de Hambourg<\/a><\/h2><time class=\"w-post-elm post_date usg_post_date_1 has_text_color entry-date published\" datetime=\"2025-06-05T10:03:20+02:00\" title=\"5 juin 2025 \u00e0 10:03:20 Europe\/Berlin\">5 juin 2025<\/time>\t\t<\/div>\r\n\t\t\t<\/article>\r\n\t<article class=\"w-grid-item size_1x1 post-13877 post type-post status-publish format-standard has-post-thumbnail hentry category-actualites\" data-id=\"13877\">\r\n\t\t<div class=\"w-grid-item-h\">\r\n\t\t\t\t\t\t<h2 class=\"w-post-elm post_title usg_post_title_1 entry-title color_link_inherit\"><a href=\"https:\/\/moehring-energie.com\/fr\/mdb-mark-helfrich-zu-besuch\/\">Visite du d\u00e9put\u00e9 Mark Helfrich<\/a><\/h2><time class=\"w-post-elm post_date usg_post_date_1 has_text_color entry-date published\" datetime=\"2025-06-20T12:35:21+02:00\" title=\"20 juin 2025 \u00e0 12:35:21 Europe\/Berlin\">20 juin 2025<\/time>\t\t<\/div>\r\n\t\t\t<\/article>\r\n\t<article class=\"w-grid-item size_1x1 post-13277 post type-post status-publish format-standard has-post-thumbnail hentry category-non-categorise\" data-id=\"13277\">\r\n\t\t<div class=\"w-grid-item-h\">\r\n\t\t\t\t\t\t<h2 class=\"w-post-elm post_title usg_post_title_1 entry-title color_link_inherit\"><a href=\"https:\/\/moehring-energie.com\/fr\/13134\/\">MdB Mark Helfrich zu Besuch<\/a><\/h2><time class=\"w-post-elm post_date usg_post_date_1 has_text_color entry-date published\" datetime=\"2025-06-20T17:04:19+02:00\" title=\"20 juin 2025 \u00e0 17:04:19 Europe\/Berlin\">20 juin 2025<\/time>\t\t<\/div>\r\n\t\t\t<\/article>\r\n\t<article class=\"w-grid-item size_1x1 post-13278 post type-post status-publish format-standard has-post-thumbnail hentry category-actualites\" data-id=\"13278\">\r\n\t\t<div class=\"w-grid-item-h\">\r\n\t\t\t\t\t\t<h2 class=\"w-post-elm post_title usg_post_title_1 entry-title color_link_inherit\"><a href=\"https:\/\/moehring-energie.com\/fr\/worldptxsummit20251\/\">World Power-to-X Summit 2025 &#8211; nous sommes de nouveau pr\u00e9sents !<\/a><\/h2><time class=\"w-post-elm post_date usg_post_date_1 has_text_color entry-date published\" datetime=\"2025-09-29T17:04:19+02:00\" title=\"29 septembre 2025 \u00e0 17:04:19 Europe\/Berlin\">29 septembre 2025<\/time>\t\t<\/div>\r\n\t\t\t<\/article>\r\n\t<article class=\"w-grid-item size_1x1 post-13979 post type-post status-publish format-standard has-post-thumbnail hentry category-actualites\" data-id=\"13979\">\r\n\t\t<div class=\"w-grid-item-h\">\r\n\t\t\t\t\t\t<h2 class=\"w-post-elm post_title usg_post_title_1 entry-title color_link_inherit\"><a href=\"https:\/\/moehring-energie.com\/fr\/mauretanien-und-moehring-energie-unterzeichnen-rahmenvertrag-fuer-nayrah-grossprojekt\/\">Contrat-cadre sign\u00e9 avec la Mauritanie<\/a><\/h2><time class=\"w-post-elm post_date usg_post_date_1 has_text_color entry-date published\" datetime=\"2025-11-19T13:31:14+01:00\" title=\"19 novembre 2025 \u00e0 13:31:14 Europe\/Berlin\">19 novembre 2025<\/time>\t\t<\/div>\r\n\t\t\t<\/article>\r\n\t<article class=\"w-grid-item size_1x1 post-14153 post type-post status-publish format-standard has-post-thumbnail hentry category-actualites\" data-id=\"14153\">\r\n\t\t<div class=\"w-grid-item-h\">\r\n\t\t\t\t\t\t<h2 class=\"w-post-elm post_title usg_post_title_1 entry-title color_link_inherit\"><a href=\"https:\/\/moehring-energie.com\/fr\/e-world-2026-nous-y-participons\/\">E-World 2026 &#8211; nous y participons !<\/a><\/h2><time class=\"w-post-elm post_date usg_post_date_1 has_text_color entry-date published\" datetime=\"2026-01-29T16:35:02+01:00\" title=\"29 janvier 2026 \u00e0 16:35:02 Europe\/Berlin\">29 Jan \u00e0 16h35<\/time>\t\t<\/div>\r\n\t\t\t<\/article>\r\n<\/div><div class=\"g-loadmore hidden\"><div class=\"g-preloader type_1\"><div><\/div><\/div><\/div><div class=\"w-grid-list-json hidden\" onclick='return {&quot;max_num_pages&quot;:1,&quot;pagination&quot;:&quot;numbered&quot;,&quot;paged&quot;:1,&quot;ajaxData&quot;:{&quot;us_ajax_list_pagination&quot;:1,&quot;us_ajax_list_index&quot;:0,&quot;list_filters&quot;:&quot;[]&quot;},&quot;facetedFilter&quot;:{&quot;query_args&quot;:&quot;{\\&quot;ignore_sticky_posts\\&quot;:true,\\&quot;post__not_in\\&quot;:[],\\&quot;tax_query\\&quot;:[],\\&quot;meta_query\\&quot;:[],\\&quot;posts_per_page\\&quot;:null,\\&quot;paged\\&quot;:1,\\&quot;apply_list_url_params\\&quot;:true,\\&quot;post_status\\&quot;:\\&quot;publish\\&quot;}&quot;},&quot;ajaxUrl&quot;:&quot;https:\\\/\\\/moehring-energie.com\\\/fr\\\/wp-json\\\/wp\\\/v2\\\/pages\\\/12537\\\/&quot;}'><\/div><\/div><\/div><\/div><\/div><\/div><\/div><\/section>\n","protected":false},"excerpt":{"rendered":"Busenwurth \/ Hambourg, 29 janvier 2026 - Le salon E-World d'Essen est chaque ann\u00e9e le principal \u00e9v\u00e9nement pour l'ensemble du secteur de l'\u00e9nergie, et pas seulement en Allemagne. Cette ann\u00e9e, nous serons \u00e9galement pr\u00e9sents en tant qu'exposants sur le stand commun du Clusterverband Erneuerbare Energien Hamburg (Association des \u00e9nergies renouvelables de Hambourg) dans le hall...","protected":false},"author":1,"featured_media":0,"parent":0,"menu_order":124,"comment_status":"closed","ping_status":"closed","template":"","meta":{"footnotes":""},"class_list":["post-12537","page","type-page","status-publish","hentry"],"_links":{"self":[{"href":"https:\/\/moehring-energie.com\/fr\/wp-json\/wp\/v2\/pages\/12537","targetHints":{"allow":["GET"]}}],"collection":[{"href":"https:\/\/moehring-energie.com\/fr\/wp-json\/wp\/v2\/pages"}],"about":[{"href":"https:\/\/moehring-energie.com\/fr\/wp-json\/wp\/v2\/types\/page"}],"author":[{"embeddable":true,"href":"https:\/\/moehring-energie.com\/fr\/wp-json\/wp\/v2\/users\/1"}],"replies":[{"embeddable":true,"href":"https:\/\/moehring-energie.com\/fr\/wp-json\/wp\/v2\/comments?post=12537"}],"version-history":[{"count":1,"href":"https:\/\/moehring-energie.com\/fr\/wp-json\/wp\/v2\/pages\/12537\/revisions"}],"predecessor-version":[{"id":12538,"href":"https:\/\/moehring-energie.com\/fr\/wp-json\/wp\/v2\/pages\/12537\/revisions\/12538"}],"wp:attachment":[{"href":"https:\/\/moehring-energie.com\/fr\/wp-json\/wp\/v2\/media?parent=12537"}],"curies":[{"name":"wp","href":"https:\/\/api.w.org\/{rel}","templated":true}]}}