{"id":12555,"date":"2025-06-05T19:03:42","date_gmt":"2025-06-05T17:03:42","guid":{"rendered":"https:\/\/moehring-energie.com\/opportunites-demploi\/"},"modified":"2025-09-17T18:48:28","modified_gmt":"2025-09-17T16:48:28","slug":"opportunites-demploi","status":"publish","type":"page","link":"https:\/\/moehring-energie.com\/fr\/opportunites-demploi\/","title":{"rendered":"Opportunit\u00e9s d&#8217;emploi"},"content":{"rendered":"<section class=\"l-section wpb_row us_custom_315b8835 height_custom color_primary with_img\"><div class=\"l-section-img\" role=\"img\" data-img-width=\"800\" data-img-height=\"533\" style=\"background-image: url(https:\/\/moehring-energie.com\/wp-content\/uploads\/2025\/04\/bertraege.avif);background-repeat: no-repeat;\"><\/div><div class=\"l-section-overlay\" style=\"background:rgba(10,10,10,0.3)\"><\/div><div class=\"l-section-h i-cf\"><div class=\"g-cols vc_row via_flex valign_top type_default stacking_default\"><div class=\"vc_col-sm-12 wpb_column vc_column_container\"><div class=\"vc_column-inner\"><div class=\"wpb_wrapper\"><div class=\"wpb_text_column us_custom_60813065\"><div class=\"wpb_wrapper\"><h1 style=\"text-align: left;\">Opportunit\u00e9s d&#8217;emploi<\/h1>\n<\/div><\/div><div class=\"w-separator size_small\"><\/div><\/div><\/div><\/div><\/div><\/div><\/section><section class=\"l-section wpb_row height_custom\"><div class=\"l-section-h i-cf\"><div class=\"g-cols vc_row via_flex valign_top type_default stacking_default\"><div class=\"vc_col-sm-4 wpb_column vc_column_container\"><div class=\"vc_column-inner\"><div class=\"wpb_wrapper\"><div class=\"wpb_text_column\"><div class=\"wpb_wrapper\"><h2>Des perspectives vari\u00e9es \u2013 un objectif commun : des projets \u00e9nerg\u00e9tiques durables.<\/h2>\n<\/div><\/div><\/div><\/div><\/div><div class=\"vc_col-sm-8 wpb_column vc_column_container\"><div class=\"vc_column-inner us_custom_1cefc370\"><div class=\"wpb_wrapper\"><div class=\"wpb_text_column\"><div class=\"wpb_wrapper\"><h2>Carri\u00e8re chez M\u00f6hring Energie<\/h2>\n<p>En tant qu\u2019entreprise en croissance, nous offrons aux sp\u00e9cialistes exp\u00e9riment\u00e9s et aux jeunes talents une large gamme d\u2019opportunit\u00e9s d\u2019entr\u00e9e, selon votre exp\u00e9rience, sp\u00e9cialisation et centres d\u2019int\u00e9r\u00eat.<\/p>\n<p>Nous recherchons constamment des personnes motiv\u00e9es souhaitant participer \u00e0 la construction de l\u2019avenir de l\u2019\u00e9nergie avec nous.<br \/>\nQue ce soit dans la technologie, l\u2019ing\u00e9nierie, le d\u00e9veloppement de projets ou les domaines commerciaux \u2013 si vous pensez correspondre \u00e0 notre \u00e9quipe, envoyez-nous votre candidature spontan\u00e9e.<\/p>\n<\/div><\/div><\/div><\/div><\/div><\/div><\/div><\/section><section class=\"l-section wpb_row height_small\"><div class=\"l-section-h i-cf\"><div class=\"g-cols vc_row via_flex valign_top type_default stacking_default\"><div class=\"vc_col-sm-4 wpb_column vc_column_container\"><div class=\"vc_column-inner\"><div class=\"wpb_wrapper\"><div class=\"wpb_text_column\"><div class=\"wpb_wrapper\"><h2><span style=\"color: #3dd98c;\">Opportunit\u00e9s d&#8217;emploi<\/span><\/h2>\n<\/div><\/div><div class=\"w-separator size_medium\"><\/div><div class=\"wpb_text_column\"><div class=\"wpb_wrapper\"><h4>Que vous soyez professionnel exp\u00e9riment\u00e9, d\u00e9butant ou en reconversion avec un profil technique, nous sommes impatients d\u2019accueillir des personnes motiv\u00e9es par les \u00e9nergies durables.<\/h4>\n<\/div><\/div><\/div><\/div><\/div><div class=\"vc_col-sm-8 wpb_column vc_column_container\"><div class=\"vc_column-inner us_custom_1cefc370\"><div class=\"wpb_wrapper\"><div class=\"wpb_text_column\"><div class=\"wpb_wrapper\"><p><strong>Pour les techniciens et sp\u00e9cialistes de l\u2019installation<\/strong><\/p>\n<p>&#8211; Intervention sur des chantiers nationaux et internationaux (PV, \u00e9olien, stockage)<br data-start=\"236\" data-end=\"239\" \/>&#8211; Installation m\u00e9canique et \u00e9lectrique des composants syst\u00e8mes<br data-start=\"301\" data-end=\"304\" \/>-Mise en service et assurance qualit\u00e9 technique<\/p>\n<p><strong>Pour les ing\u00e9nieurs et planificateurs<\/strong><\/p>\n<p>&#8211; Conception de projets et implantation des installations (solaire, \u00e9olien, stockage, H2)<br \/>\n&#8211; Conception et simulation de syst\u00e8mes PtX et de dessalement<br \/>\n&#8211; Ing\u00e9nierie de processus et due diligence technique<br \/>\n&#8211; D\u00e9veloppement de syst\u00e8mes de contr\u00f4le &amp; de gestion num\u00e9riques<\/p>\n<p><strong>Pour les responsables de projet &amp; d&rsquo;exploitation<\/strong><\/p>\n<p>&#8211; D\u00e9veloppement de projets, acquisition de sites, planification des autorisations<br \/>\n&#8211; Gestion O&amp;M et optimisation des rendements<\/p>\n<\/div><\/div><\/div><\/div><\/div><\/div><\/div><\/section><section class=\"l-section wpb_row height_small\"><div class=\"l-section-h i-cf\"><div class=\"g-cols vc_row via_flex valign_top type_default stacking_default\"><div class=\"vc_col-sm-12 wpb_column vc_column_container\"><div class=\"vc_column-inner\"><div class=\"wpb_wrapper\"><\/div><\/div><\/div><\/div><\/div><\/section>\n","protected":false},"excerpt":{"rendered":"Opportunit\u00e9s d&#8217;emploi Des perspectives vari\u00e9es \u2013 un objectif commun : des projets \u00e9nerg\u00e9tiques durables. Carri\u00e8re chez M\u00f6hring Energie En tant qu\u2019entreprise en croissance, nous offrons aux sp\u00e9cialistes exp\u00e9riment\u00e9s et aux jeunes talents une large gamme d\u2019opportunit\u00e9s d\u2019entr\u00e9e, selon votre exp\u00e9rience, sp\u00e9cialisation et centres d\u2019int\u00e9r\u00eat. Nous recherchons constamment des personnes motiv\u00e9es souhaitant participer \u00e0 la construction...","protected":false},"author":1,"featured_media":0,"parent":0,"menu_order":97,"comment_status":"closed","ping_status":"closed","template":"","meta":{"footnotes":""},"class_list":["post-12555","page","type-page","status-publish","hentry"],"_links":{"self":[{"href":"https:\/\/moehring-energie.com\/fr\/wp-json\/wp\/v2\/pages\/12555","targetHints":{"allow":["GET"]}}],"collection":[{"href":"https:\/\/moehring-energie.com\/fr\/wp-json\/wp\/v2\/pages"}],"about":[{"href":"https:\/\/moehring-energie.com\/fr\/wp-json\/wp\/v2\/types\/page"}],"author":[{"embeddable":true,"href":"https:\/\/moehring-energie.com\/fr\/wp-json\/wp\/v2\/users\/1"}],"replies":[{"embeddable":true,"href":"https:\/\/moehring-energie.com\/fr\/wp-json\/wp\/v2\/comments?post=12555"}],"version-history":[{"count":6,"href":"https:\/\/moehring-energie.com\/fr\/wp-json\/wp\/v2\/pages\/12555\/revisions"}],"predecessor-version":[{"id":13782,"href":"https:\/\/moehring-energie.com\/fr\/wp-json\/wp\/v2\/pages\/12555\/revisions\/13782"}],"wp:attachment":[{"href":"https:\/\/moehring-energie.com\/fr\/wp-json\/wp\/v2\/media?parent=12555"}],"curies":[{"name":"wp","href":"https:\/\/api.w.org\/{rel}","templated":true}]}}