{"id":12564,"date":"2025-06-05T19:07:54","date_gmt":"2025-06-05T17:07:54","guid":{"rendered":"https:\/\/moehring-energie.com\/materiel-dinformation\/"},"modified":"2025-09-29T10:23:56","modified_gmt":"2025-09-29T08:23:56","slug":"materiel-dinformation","status":"publish","type":"page","link":"https:\/\/moehring-energie.com\/fr\/materiel-dinformation\/","title":{"rendered":"Mat\u00e9riel d&rsquo;information"},"content":{"rendered":"<section class=\"l-section wpb_row us_custom_315b8835 height_custom color_primary with_img\"><div class=\"l-section-img\" role=\"img\" data-img-width=\"800\" data-img-height=\"267\" style=\"background-image: url(https:\/\/moehring-energie.com\/wp-content\/uploads\/2025\/04\/projektentwicklung.webp);background-repeat: no-repeat;\"><\/div><div class=\"l-section-overlay\" style=\"background:rgba(10,10,10,0.3)\"><\/div><div class=\"l-section-h i-cf\"><div class=\"g-cols vc_row via_flex valign_top type_default stacking_default\"><div class=\"vc_col-sm-12 wpb_column vc_column_container\"><div class=\"vc_column-inner\"><div class=\"wpb_wrapper\"><div class=\"wpb_text_column us_custom_60813065\"><div class=\"wpb_wrapper\"><h1 style=\"text-align: left;\">Mat\u00e9riel d&rsquo;information<\/h1>\n<\/div><\/div><div class=\"w-separator size_small\"><\/div><\/div><\/div><\/div><\/div><\/div><\/section><section class=\"l-section wpb_row height_custom\"><div class=\"l-section-h i-cf\"><div class=\"g-cols vc_row via_flex valign_top type_default stacking_default\"><div class=\"vc_col-sm-6 wpb_column vc_column_container\"><div class=\"vc_column-inner\"><div class=\"wpb_wrapper\"><div class=\"w-separator size_small\"><\/div><\/div><\/div><\/div><\/div><\/div><\/section><section class=\"l-section wpb_row height_custom\"><div class=\"l-section-h i-cf\"><div class=\"g-cols vc_row via_flex valign_top type_default stacking_default\"><div class=\"vc_col-sm-12 wpb_column vc_column_container\"><div class=\"vc_column-inner\"><div class=\"wpb_wrapper\"><div class=\"wpb_text_column\"><div class=\"wpb_wrapper\"><p><strong>Zone de t\u00e9l\u00e9chargement pour le World PtX Summit Media<\/strong><\/p>\n<p>Vous trouverez ici les fichiers que nous avons pr\u00e9sent\u00e9s lors du World PtX Summit 2025 \u00e0 Marrakech :<\/p>\n<\/div><\/div><\/div><\/div><\/div><\/div><\/div><\/section><section class=\"l-section wpb_row height_custom\"><div class=\"l-section-h i-cf\"><div class=\"g-cols vc_row via_flex valign_top type_default stacking_default\"><div class=\"vc_col-sm-12 wpb_column vc_column_container\"><div class=\"vc_column-inner\"><div class=\"wpb_wrapper\"><div class=\"wpb_text_column\"><div class=\"wpb_wrapper\"><p>M\u00f6hring Energie Maroc &#8211; The Brochure<\/p>\n<p><a href=\"https:\/\/moehring-energie.com\/wp-content\/uploads\/2025\/09\/Moehring_-one-slide.zip\">Moehring_ one slide<\/a><\/p>\n<\/div><\/div><\/div><\/div><\/div><\/div><\/div><\/section><section class=\"l-section wpb_row height_custom\"><div class=\"l-section-h i-cf\"><div class=\"g-cols vc_row via_flex valign_top type_default stacking_default\"><div class=\"vc_col-sm-12 wpb_column vc_column_container\"><div class=\"vc_column-inner\"><div class=\"wpb_wrapper\"><div class=\"wpb_text_column\"><div class=\"wpb_wrapper\"><p>Nos projets au Maroc : la pr\u00e9sentation<\/p>\n<p><a href=\"https:\/\/moehring-energie.com\/wp-content\/uploads\/2025\/09\/Moehring_-one-slide.zip\">Moehring_ one slide<\/a><\/p>\n<\/div><\/div><\/div><\/div><\/div><\/div><\/div><\/section><section class=\"l-section wpb_row height_custom\"><div class=\"l-section-h i-cf\"><div class=\"g-cols vc_row via_flex valign_top type_default stacking_default\"><div class=\"vc_col-sm-12 wpb_column vc_column_container\"><div class=\"vc_column-inner\"><div class=\"wpb_wrapper\"><div class=\"wpb_text_column\"><div class=\"wpb_wrapper\"><p>Communiqu\u00e9s de presse<\/p>\n<\/div><\/div><\/div><\/div><\/div><\/div><\/div><\/section><section class=\"l-section wpb_row height_custom\"><div class=\"l-section-h i-cf\"><div class=\"g-cols vc_row via_flex valign_top type_default stacking_default\"><div class=\"vc_col-sm-12 wpb_column vc_column_container\"><div class=\"vc_column-inner\"><div class=\"wpb_wrapper\"><div class=\"wpb_text_column\"><div class=\"wpb_wrapper\"><p>M\u00f6hring Energie Maroc : vid\u00e9o sur les projets pr\u00e9vus<\/p>\n<\/div><\/div><\/div><\/div><\/div><\/div><\/div><\/section>\n","protected":false},"excerpt":{"rendered":"Mat\u00e9riel d&rsquo;information Zone de t\u00e9l\u00e9chargement pour le World PtX Summit Media Vous trouverez ici les fichiers que nous avons pr\u00e9sent\u00e9s lors du World PtX Summit 2025 \u00e0 Marrakech : M\u00f6hring Energie Maroc &#8211; The Brochure Moehring_ one slide Nos projets au Maroc : la pr\u00e9sentation Moehring_ one slide Communiqu\u00e9s de presse M\u00f6hring Energie Maroc :...","protected":false},"author":1,"featured_media":0,"parent":0,"menu_order":85,"comment_status":"closed","ping_status":"closed","template":"","meta":{"footnotes":""},"class_list":["post-12564","page","type-page","status-publish","hentry"],"_links":{"self":[{"href":"https:\/\/moehring-energie.com\/fr\/wp-json\/wp\/v2\/pages\/12564","targetHints":{"allow":["GET"]}}],"collection":[{"href":"https:\/\/moehring-energie.com\/fr\/wp-json\/wp\/v2\/pages"}],"about":[{"href":"https:\/\/moehring-energie.com\/fr\/wp-json\/wp\/v2\/types\/page"}],"author":[{"embeddable":true,"href":"https:\/\/moehring-energie.com\/fr\/wp-json\/wp\/v2\/users\/1"}],"replies":[{"embeddable":true,"href":"https:\/\/moehring-energie.com\/fr\/wp-json\/wp\/v2\/comments?post=12564"}],"version-history":[{"count":4,"href":"https:\/\/moehring-energie.com\/fr\/wp-json\/wp\/v2\/pages\/12564\/revisions"}],"predecessor-version":[{"id":13811,"href":"https:\/\/moehring-energie.com\/fr\/wp-json\/wp\/v2\/pages\/12564\/revisions\/13811"}],"wp:attachment":[{"href":"https:\/\/moehring-energie.com\/fr\/wp-json\/wp\/v2\/media?parent=12564"}],"curies":[{"name":"wp","href":"https:\/\/api.w.org\/{rel}","templated":true}]}}