{"id":14238,"date":"2026-04-07T16:28:08","date_gmt":"2026-04-07T14:28:08","guid":{"rendered":"https:\/\/moehring-energie.com\/mauritanie-projet-nayrah\/"},"modified":"2026-04-07T16:44:59","modified_gmt":"2026-04-07T14:44:59","slug":"mauritanie-projet-nayrah","status":"publish","type":"page","link":"https:\/\/moehring-energie.com\/fr\/mauritanie-projet-nayrah\/","title":{"rendered":"Mauritanie : Projet NAYRAH"},"content":{"rendered":"<section class=\"l-section wpb_row us_custom_315b8835 height_custom color_primary with_img\"><div class=\"l-section-img\" role=\"img\" data-img-width=\"1280\" data-img-height=\"960\" style=\"background-image: url(https:\/\/moehring-energie.com\/wp-content\/uploads\/2026\/04\/Sascha-vor-Windrad-in-der-Wueste-MRT.jpeg);background-repeat: no-repeat;\"><\/div><div class=\"l-section-overlay\" style=\"background:rgba(10,10,10,0.0)\"><\/div><div class=\"l-section-h i-cf\"><div class=\"g-cols vc_row via_flex valign_middle type_boxes stacking_default\"><div class=\"vc_col-sm-12 wpb_column vc_column_container\"><div class=\"vc_column-inner us_custom_9422c7d4\"><div class=\"wpb_wrapper\"><div class=\"w-separator size_medium\"><\/div><div class=\"wpb_text_column us_custom_60813065\"><div class=\"wpb_wrapper\"><h1 class=\"thema-heading\">Mauritanie : Projet NAYRAH<\/h1>\n<\/div><\/div><\/div><\/div><\/div><\/div><\/div><\/section><section class=\"l-section wpb_row height_auto\"><div class=\"l-section-h i-cf\"><div class=\"g-cols vc_row via_flex valign_top type_default stacking_default\"><div class=\"vc_col-sm-12 wpb_column vc_column_container\"><div class=\"vc_column-inner\"><div class=\"wpb_wrapper\"><div class=\"g-cols wpb_row via_flex valign_top type_default stacking_default\"><div class=\"vc_col-sm-6 wpb_column vc_column_container\"><div class=\"vc_column-inner\"><div class=\"wpb_wrapper\"><div class=\"w-separator size_medium\"><\/div><div class=\"wpb_text_column\"><div class=\"wpb_wrapper\"><h4>NAYRAH &#8211; Hydrog\u00e8ne vert et ammoniac vert de Mauritanie<\/h4>\n<p><strong>Lieu :<\/strong> Est de Nouadhibou, Mauritanie<br \/>\n<strong>Statut :<\/strong> en cours de d\u00e9veloppement \/ contrat-cadre sign\u00e9<br \/>\n<strong>Technologies :<\/strong> solaire, \u00e9olien, BESS, \u00e9lectrolyse, synth\u00e8se de l&rsquo;ammoniac, dessalement de l&rsquo;eau de mer<br \/>\n<strong>Produit final :<\/strong> hydrog\u00e8ne vert et ammoniac vert pour l&rsquo;exportation, notamment vers l&rsquo;Europe<\/p>\n<h6>Description du projet<\/h6>\n<p><strong>NAYRAH<\/strong> est le grand projet de M\u00f6hring Energie en Mauritanie pour la production industrielle d&rsquo;hydrog\u00e8ne vert et d&rsquo;ammoniac vert. Le projet se d\u00e9veloppe dans le cadre d&rsquo;un partenariat strat\u00e9gique avec le gouvernement mauritanien et s&rsquo;inscrit dans la strat\u00e9gie nationale de l&rsquo;hydrog\u00e8ne du pays. L&rsquo;objectif est de fournir des mol\u00e9cules vertes comp\u00e9titives pour les march\u00e9s consommateurs internationaux sur la base d&rsquo;excellentes ressources \u00e9oliennes et solaires et de contribuer ainsi \u00e0 la d\u00e9carbonisation des industries \u00e0 forte consommation d&rsquo;\u00e9nergie.<\/p>\n<\/div><\/div><div class=\"w-separator size_small\"><\/div><div class=\"wpb_text_column\"><div class=\"wpb_wrapper\"><h3><b>Le projet NAYRAH en bref<\/b><\/h3>\n<ul>\n<li>Projet modulaire de Power-to-X \u00e0 grande \u00e9chelle en Mauritanie<\/li>\n<li>Lancement d&rsquo;un premier module Fast Track d&rsquo;une <strong data-start=\"2064\" data-end=\"2094\">capacit\u00e9 d&rsquo;\u00e9lectrolyse d&rsquo;<\/strong>environ <strong data-start=\"2064\" data-end=\"2094\">100 MW<\/strong><\/li>\n<li>Extension \u00e0 <strong data-start=\"2136\" data-end=\"2165\">1 GW de capacit\u00e9 d&rsquo;\u00e9lectrolyse<\/strong> dans un premier temps, puis mise \u00e0 l&rsquo;\u00e9chelle suppl\u00e9mentaire<\/li>\n<li>Objectif de production de jusqu&rsquo;\u00e0 <strong data-start=\"2196\" data-end=\"2233\">140 000 tonnes d&rsquo;hydrog\u00e8ne vert<\/strong> par an<\/li>\n<li>Jusqu&rsquo;\u00e0 <strong data-start=\"2265\" data-end=\"2299\">400 000 tonnes d&rsquo;ammoniac vert<\/strong> suppl\u00e9mentaires par an<\/li>\n<li>D\u00e9but de la production pr\u00e9vu \u00e0 partir de <strong data-start=\"2344\" data-end=\"2352\">2029<\/strong><\/li>\n<li>une surface de projet garantie d&rsquo;environ <strong data-start=\"2389\" data-end=\"2400\">500 km\u00b2<\/strong> dans un premier temps, avec un potentiel d&rsquo;extension \u00e0 environ <strong data-start=\"2437\" data-end=\"2450\">1 600 km\u00b2<\/strong> en phase de d\u00e9ploiement complet<\/li>\n<li>Approche int\u00e9gr\u00e9e du <strong data-start=\"2503\" data-end=\"2527\">dessalement de l&rsquo;eau de mer<\/strong> pour une fourniture d&rsquo;eau durable<\/li>\n<\/ul>\n<p><b>Caract\u00e9ristiques particuli\u00e8res<\/b><\/p>\n<ul>\n<li data-start=\"2629\" data-end=\"2771\"><strong data-start=\"2631\" data-end=\"2659\">Approche modulaire du projet :<\/strong> Nayrah est d\u00e9velopp\u00e9 par \u00e9tapes et peut \u00eatre adapt\u00e9 de mani\u00e8re flexible \u00e0 l&rsquo;\u00e9volution du march\u00e9 et des infrastructures.<\/li>\n<li data-start=\"2772\" data-end=\"2960\"><strong data-start=\"2774\" data-end=\"2812\">Des conditions de site exceptionnelles :<\/strong> La r\u00e9gion situ\u00e9e \u00e0 l&rsquo;est de Nouadhibou offre des conditions de vent et d&rsquo;ensoleillement exceptionnelles pour la production rentable d&rsquo;\u00e9nergie renouvelable.<\/li>\n<li data-start=\"2961\" data-end=\"3197\"><strong data-start=\"2963\" data-end=\"3005\">Approche globale de la durabilit\u00e9 :<\/strong> outre la production de mol\u00e9cules vertes, le projet comprend des solutions pour un d\u00e9veloppement respectueux de l&rsquo;eau et des sols, y compris le dessalement et l&rsquo;utilisation potentielle de sous-produits renouvelables.<\/li>\n<li data-start=\"3198\" data-end=\"3452\"><strong data-start=\"3200\" data-end=\"3243\">Implication internationale strat\u00e9gique :<\/strong> Le projet a \u00e9t\u00e9 lanc\u00e9 dans le cadre d&rsquo;une coop\u00e9ration politique et \u00e9conomique de haut niveau entre la Mauritanie, l&rsquo;Allemagne et des partenaires europ\u00e9ens.<\/li>\n<\/ul>\n<p><b>March\u00e9s cibles &amp; avantages<\/b><\/p>\n<p>Avec <strong>NAYRAH<\/strong>, M\u00f6hring Energie s&rsquo;adresse en particulier \u00e0 la demande croissante d&rsquo;hydrog\u00e8ne vert et d&rsquo;ammoniac vert en Europe. Ces produits conviennent comme vecteurs d&rsquo;\u00e9nergie et mati\u00e8res premi\u00e8res respectueux du climat pour des secteurs tels que l&rsquo;acier, la chimie, les engrais et la navigation. Parall\u00e8lement, le projet renforce le partenariat \u00e9nerg\u00e9tique naissant entre l&rsquo;Europe et l&rsquo;Afrique du Nord-Ouest et soutient la cr\u00e9ation de cha\u00eenes d&rsquo;approvisionnement r\u00e9silientes et \u00e0 long terme pour les mol\u00e9cules vertes.  <\/p>\n<p><b>R\u00f4le de M\u00f6hring Energie<\/b><\/p>\n<p>M\u00f6hring Energie d\u00e9veloppe <strong>NAYRAH<\/strong> en tant que projet international strat\u00e9gique Power-to-X en collaboration avec des partenaires gouvernementaux et locaux en Mauritanie. L&rsquo;entreprise est responsable du d\u00e9veloppement du projet, du d\u00e9veloppement des surfaces et des structures \u00e0 la pr\u00e9paration des structures d&rsquo;investissement, de partenariat et d&rsquo;offtake, en passant par la conception technique. Avec Nayrah, M\u00f6hring Energie continue \u00e0 d\u00e9velopper de mani\u00e8re cons\u00e9quente son pipeline PtX international, en plus des projets au Maroc et au Br\u00e9sil.  <\/p>\n<h3 data-start=\"4531\" data-end=\"4587\">Int\u00e9ress\u00e9 par un partenariat, un investissement ou un offtake ?<\/h3>\n<p data-start=\"4589\" data-end=\"4675\">Discutez avec notre \u00e9quipe de projet des possibilit\u00e9s de coop\u00e9ration dans le cadre du projet Nayrah.<\/p>\n<\/div><\/div><\/div><\/div><\/div><div class=\"vc_col-sm-6 wpb_column vc_column_container\"><div class=\"vc_column-inner\"><div class=\"wpb_wrapper\"><div class=\"w-image align_none\"><div class=\"w-image-h\"><img decoding=\"async\" width=\"1000\" height=\"536\" src=\"https:\/\/moehring-energie.com\/wp-content\/uploads\/2026\/04\/ME_PTX_light_bg.png\" class=\"attachment-large size-large\" alt=\"\" loading=\"lazy\" srcset=\"https:\/\/moehring-energie.com\/wp-content\/uploads\/2026\/04\/ME_PTX_light_bg.png 1000w, https:\/\/moehring-energie.com\/wp-content\/uploads\/2026\/04\/ME_PTX_light_bg-300x161.png 300w, https:\/\/moehring-energie.com\/wp-content\/uploads\/2026\/04\/ME_PTX_light_bg-400x214.png 400w, https:\/\/moehring-energie.com\/wp-content\/uploads\/2026\/04\/ME_PTX_light_bg-600x322.png 600w\" sizes=\"auto, (max-width: 1000px) 100vw, 1000px\" \/><\/div><\/div><div class=\"w-image align_none\"><div class=\"w-image-h\"><img decoding=\"async\" width=\"1024\" height=\"768\" src=\"https:\/\/moehring-energie.com\/wp-content\/uploads\/2026\/04\/WhatsApp-Image-2025-11-20-at-14.54.03-1024x768.jpeg\" class=\"attachment-large size-large\" alt=\"\" loading=\"lazy\" srcset=\"https:\/\/moehring-energie.com\/wp-content\/uploads\/2026\/04\/WhatsApp-Image-2025-11-20-at-14.54.03-1024x768.jpeg 1024w, https:\/\/moehring-energie.com\/wp-content\/uploads\/2026\/04\/WhatsApp-Image-2025-11-20-at-14.54.03-300x225.jpeg 300w, https:\/\/moehring-energie.com\/wp-content\/uploads\/2026\/04\/WhatsApp-Image-2025-11-20-at-14.54.03-1536x1152.jpeg 1536w, https:\/\/moehring-energie.com\/wp-content\/uploads\/2026\/04\/WhatsApp-Image-2025-11-20-at-14.54.03-533x400.jpeg 533w, https:\/\/moehring-energie.com\/wp-content\/uploads\/2026\/04\/WhatsApp-Image-2025-11-20-at-14.54.03.jpeg 2048w\" sizes=\"auto, (max-width: 1024px) 100vw, 1024px\" \/><\/div><\/div><div class=\"w-video align_none ratio_9x16\"><div class=\"w-video-h\"><video  preload=\"metadata\" playsinline autoplay loop muted><source type=\"video\/mp4\" src=\"https:\/\/moehring-energie.com\/wp-content\/uploads\/2025\/11\/20251118_Video-Signing-Ceremony-MRT.mp4\" \/><\/video><\/div><\/div><\/div><\/div><\/div><\/div><\/div><\/div><\/div><\/div><\/div><\/section><section class=\"l-section wpb_row us_custom_c70c97eb height_small\"><div class=\"l-section-h i-cf\"><div class=\"g-cols vc_row via_flex valign_top type_default stacking_default\"><div class=\"vc_col-sm-12 wpb_column vc_column_container has_bg_color\"><div class=\"vc_column-inner us_custom_61f8da77\"><div class=\"wpb_wrapper\"><div class=\"g-cols wpb_row via_flex valign_top type_default stacking_default\"><div class=\"vc_col-sm-3\/5 wpb_column vc_column_container\"><div class=\"vc_column-inner\"><div class=\"wpb_wrapper\"><h4 class=\"w-text\"><span class=\"w-text-h\"><span class=\"w-text-value\">Int\u00e9ress\u00e9 par un partenariat, un investissement ou un offtake ?<\/span><\/span><\/h4><\/div><\/div><\/div><div class=\"vc_col-sm-2\/5 wpb_column vc_column_container\"><div class=\"vc_column-inner\"><div class=\"wpb_wrapper\"><div class=\"wpb_text_column\"><div class=\"wpb_wrapper\"><p>Contactez notre \u00e9quipe de projet !<\/p>\n<\/div><\/div><div class=\"w-separator size_small\"><\/div><div class=\"w-btn-wrapper align_justify\"><a class=\"w-btn us-btn-style_1\" href=\"https:\/\/moehring-energie.com\/fr\/contactez-nous-2\/\"><span class=\"w-btn-label\">Contactez-nous !<\/span><\/a><\/div><\/div><\/div><\/div><\/div><\/div><\/div><\/div><\/div><\/div><\/section>\n","protected":false},"excerpt":{"rendered":"Mauritanie : Projet NAYRAH NAYRAH &#8211; Hydrog\u00e8ne vert et ammoniac vert de Mauritanie Lieu : Est de Nouadhibou, Mauritanie Statut : en cours de d\u00e9veloppement \/ contrat-cadre sign\u00e9 Technologies : solaire, \u00e9olien, BESS, \u00e9lectrolyse, synth\u00e8se de l&rsquo;ammoniac, dessalement de l&rsquo;eau de mer Produit final : hydrog\u00e8ne vert et ammoniac vert pour l&rsquo;exportation, notamment vers l&rsquo;Europe...","protected":false},"author":2,"featured_media":0,"parent":0,"menu_order":52,"comment_status":"closed","ping_status":"closed","template":"","meta":{"footnotes":""},"class_list":["post-14238","page","type-page","status-publish","hentry"],"_links":{"self":[{"href":"https:\/\/moehring-energie.com\/fr\/wp-json\/wp\/v2\/pages\/14238","targetHints":{"allow":["GET"]}}],"collection":[{"href":"https:\/\/moehring-energie.com\/fr\/wp-json\/wp\/v2\/pages"}],"about":[{"href":"https:\/\/moehring-energie.com\/fr\/wp-json\/wp\/v2\/types\/page"}],"author":[{"embeddable":true,"href":"https:\/\/moehring-energie.com\/fr\/wp-json\/wp\/v2\/users\/2"}],"replies":[{"embeddable":true,"href":"https:\/\/moehring-energie.com\/fr\/wp-json\/wp\/v2\/comments?post=14238"}],"version-history":[{"count":6,"href":"https:\/\/moehring-energie.com\/fr\/wp-json\/wp\/v2\/pages\/14238\/revisions"}],"predecessor-version":[{"id":14267,"href":"https:\/\/moehring-energie.com\/fr\/wp-json\/wp\/v2\/pages\/14238\/revisions\/14267"}],"wp:attachment":[{"href":"https:\/\/moehring-energie.com\/fr\/wp-json\/wp\/v2\/media?parent=14238"}],"curies":[{"name":"wp","href":"https:\/\/api.w.org\/{rel}","templated":true}]}}