{"id":14243,"date":"2026-04-07T15:57:50","date_gmt":"2026-04-07T13:57:50","guid":{"rendered":"https:\/\/moehring-energie.com\/bresil-projet-fortaverde\/"},"modified":"2026-04-07T16:31:07","modified_gmt":"2026-04-07T14:31:07","slug":"bresil-projet-fortaverde","status":"publish","type":"page","link":"https:\/\/moehring-energie.com\/fr\/bresil-projet-fortaverde\/","title":{"rendered":"Br\u00e9sil : projet FortaVerde"},"content":{"rendered":"<section class=\"l-section wpb_row us_custom_315b8835 height_custom color_primary with_img\"><div class=\"l-section-img\" role=\"img\" data-img-width=\"2400\" data-img-height=\"1792\" style=\"background-image: url(https:\/\/moehring-energie.com\/wp-content\/uploads\/2026\/04\/20260222_Fortaverde-AgriPV-AI-Mockup.png);background-position: top center;background-repeat: no-repeat;\"><\/div><div class=\"l-section-overlay\" style=\"background:rgba(10,10,10,0.0)\"><\/div><div class=\"l-section-h i-cf\"><div class=\"g-cols vc_row via_flex valign_middle type_boxes stacking_default\"><div class=\"vc_col-sm-12 wpb_column vc_column_container\"><div class=\"vc_column-inner us_custom_9422c7d4\"><div class=\"wpb_wrapper\"><div class=\"w-separator size_medium\"><\/div><div class=\"wpb_text_column us_custom_60813065\"><div class=\"wpb_wrapper\"><h1 class=\"thema-heading\">Br\u00e9sil : projet FortaVerde<\/h1>\n<\/div><\/div><\/div><\/div><\/div><\/div><\/div><\/section><section class=\"l-section wpb_row height_auto\"><div class=\"l-section-h i-cf\"><div class=\"g-cols vc_row via_flex valign_top type_default stacking_default\"><div class=\"vc_col-sm-12 wpb_column vc_column_container\"><div class=\"vc_column-inner\"><div class=\"wpb_wrapper\"><div class=\"g-cols wpb_row via_flex valign_top type_default stacking_default\"><div class=\"vc_col-sm-6 wpb_column vc_column_container\"><div class=\"vc_column-inner\"><div class=\"wpb_wrapper\"><div class=\"w-separator size_medium\"><\/div><div class=\"wpb_text_column\"><div class=\"wpb_wrapper\"><h4>FortaVerde &#8211; L&rsquo;ammoniac vert du Br\u00e9sil pour l&rsquo;industrie et les march\u00e9s internationaux<\/h4>\n<p><strong data-start=\"275\" data-end=\"288\">Localisation :<\/strong> Pec\u00e9m \/ Cear\u00e1 \/ Br\u00e9sil<br data-start=\"298\" data-end=\"301\"><strong data-start=\"301\" data-end=\"312\">Statut :<\/strong> en cours de d\u00e9veloppement (Pre-Feed\/FEED)<br data-start=\"327\" data-end=\"330\"><strong data-start=\"330\" data-end=\"347\">Technologies :<\/strong> \u00c9nergie renouvelable, \u00e9lectrolyse, synth\u00e8se de l&rsquo;ammoniac, infrastructure PtX modulaire<br data-start=\"427\" data-end=\"430\"><strong data-start=\"430\" data-end=\"445\">Produit final :<\/strong> ammoniac vert pour les applications industrielles et les march\u00e9s d&rsquo;exportation<\/p>\n<h5>Description du projet<\/h5>\n<p data-start=\"534\" data-end=\"854\"><strong>FortaVerde<\/strong> est le projet PtX de M\u00f6hring Energie au Br\u00e9sil pour la production d&rsquo;ammoniac vert \u00e0 partir d&rsquo;\u00e9nergies renouvelables. Le projet est con\u00e7u comme une installation modulaire \u00e9volutive et combine la faisabilit\u00e9 technologique avec un accent clair sur les d\u00e9bouch\u00e9s internationaux et la d\u00e9carbonisation industrielle. <\/p>\n<p data-start=\"856\" data-end=\"1280\">La premi\u00e8re phase d&rsquo;extension de <strong>FortaVerdeZero en tant qu&rsquo;installation pilote <\/strong>jette les bases d&rsquo;une production fiable de mol\u00e9cules vertes dans un march\u00e9 tr\u00e8s favorable aux \u00e9nergies renouvelables et disposant d&rsquo;une infrastructure portuaire pour la logistique d&rsquo;exportation. Avec une <strong>capacit\u00e9 d&rsquo;\u00e9lectrolyse<\/strong> projet\u00e9e <strong>de 12 MW<\/strong> et une <strong>production pr\u00e9vue d&rsquo;environ 7000 tonnes d&rsquo;ammoniac vert par an<\/strong>, il s&rsquo;agit de la premi\u00e8re \u00e9tape d&rsquo;une installation PtX plus importante, qui sera progressivement d\u00e9velopp\u00e9e jusqu&rsquo;\u00e0 une <strong>capacit\u00e9 de 10 GW<\/strong> et qui est ax\u00e9e sur des partenariats industriels \u00e0 long terme, des cha\u00eenes d&rsquo;approvisionnement internationales et la demande croissante de mati\u00e8res premi\u00e8res respectueuses du climat. <\/p>\n<\/div><\/div><div class=\"w-separator size_small\"><\/div><div class=\"wpb_text_column\"><div class=\"wpb_wrapper\"><p><b>Caract\u00e9ristiques particuli\u00e8res<\/b><\/p>\n<ul>\n<li data-start=\"1811\" data-end=\"2050\"><strong data-start=\"1813\" data-end=\"1846\">Approche modulaire du d\u00e9veloppement :<\/strong> FortaVerde est con\u00e7u de mani\u00e8re \u00e0 ce que le projet puisse \u00eatre d\u00e9velopp\u00e9 et \u00e9tendu par \u00e9tapes g\u00e9rables. Cela r\u00e9duit les obstacles \u00e0 l&rsquo;entr\u00e9e sur le march\u00e9 tout en offrant une certaine flexibilit\u00e9 pour la croissance. <\/li>\n<li data-start=\"2051\" data-end=\"2223\"><strong data-start=\"2053\" data-end=\"2083\">Orientation industrielle :<\/strong> le projet n&rsquo;est pas uniquement ax\u00e9 sur la production, mais sur l&rsquo;int\u00e9gration pratique dans des structures d&rsquo;achat industrielles r\u00e9elles.<\/li>\n<li data-start=\"2224\" data-end=\"2367\"><strong data-start=\"2226\" data-end=\"2258\">Cha\u00eenes d&rsquo;approvisionnement internationales :<\/strong> FortaVerde relie le site br\u00e9silien aux march\u00e9s cibles europ\u00e9ens et aux partenaires potentiels et existants.<\/li>\n<li data-start=\"2368\" data-end=\"2549\"><strong data-start=\"2370\" data-end=\"2401\">Partenariats technologiques :<\/strong> Le d\u00e9veloppement du projet tient compte de l&rsquo;implication des fournisseurs de technologie allemands et des partenaires industriels tout au long de la cha\u00eene de valeur du PtX.<\/li>\n<li data-start=\"2550\" data-end=\"2701\"><strong data-start=\"2552\" data-end=\"2571\">\u00c9volutivit\u00e9 :<\/strong> la premi\u00e8re phase du projet sert de base solide pour une extension ult\u00e9rieure et la cr\u00e9ation d&rsquo;un cluster de production plus important.<\/li>\n<\/ul>\n<p><b>Particularit\u00e9s<\/b><\/p>\n<ul>\n<li><b>Approche globale du syst\u00e8me :<\/b> production, stockage, conversion et exportation dans une approche de projet int\u00e9gr\u00e9e<\/li>\n<li><b>Ancrage local &#8211; r\u00e9seau international : <\/b>coop\u00e9ration \u00e9troite avec les autorit\u00e9s nationales, les communaut\u00e9s et les partenaires industriels<\/li>\n<li><b>\u00c9volutivit\u00e9 : <\/b>conception comme mod\u00e8le \u00e9volutif pour d&rsquo;autres hubs PtX en Afrique du Nord<\/li>\n<\/ul>\n<p><b>March\u00e9s cibles et avantages<\/b><\/p>\n<p data-start=\"2730\" data-end=\"3003\">Avec <strong>FortaVerde<\/strong>, M\u00f6hring Energie s&rsquo;adresse \u00e0 la demande croissante d&rsquo;ammoniac vert en tant que source d&rsquo;\u00e9nergie et mati\u00e8re premi\u00e8re respectueuse du climat. Le projet est particuli\u00e8rement int\u00e9ressant pour les applications dans l&rsquo;industrie o\u00f9 les mol\u00e9cules fossiles doivent \u00eatre progressivement remplac\u00e9es. <\/p>\n<p data-start=\"3005\" data-end=\"3395\">Les march\u00e9s cibles pertinents comprennent les acheteurs industriels et les sites logistiques en Europe, soutenus par des partenariats avec les <strong>ports de<\/strong> <strong data-start=\"3150\" data-end=\"3163\">Rotterdam<\/strong> et <strong data-start=\"3168\" data-end=\"3180\">de Duisport<\/strong>. FortaVerde contribue ainsi \u00e0 la cr\u00e9ation de cha\u00eenes d&rsquo;approvisionnement internationales r\u00e9silientes pour les mol\u00e9cules vertes et soutient la d\u00e9carbonisation de secteurs tels que l&rsquo;acier, la chimie, les engrais et l&rsquo;\u00e9nergie. <\/p>\n<\/div><\/div><\/div><\/div><\/div><div class=\"vc_col-sm-6 wpb_column vc_column_container\"><div class=\"vc_column-inner\"><div class=\"wpb_wrapper\"><div class=\"w-image align_none\"><div class=\"w-image-h\"><img decoding=\"async\" width=\"1000\" height=\"536\" src=\"https:\/\/moehring-energie.com\/wp-content\/uploads\/2026\/04\/ME_PTX_light_bg.png\" class=\"attachment-large size-large\" alt=\"\" loading=\"lazy\" srcset=\"https:\/\/moehring-energie.com\/wp-content\/uploads\/2026\/04\/ME_PTX_light_bg.png 1000w, https:\/\/moehring-energie.com\/wp-content\/uploads\/2026\/04\/ME_PTX_light_bg-300x161.png 300w, https:\/\/moehring-energie.com\/wp-content\/uploads\/2026\/04\/ME_PTX_light_bg-400x214.png 400w, https:\/\/moehring-energie.com\/wp-content\/uploads\/2026\/04\/ME_PTX_light_bg-600x322.png 600w\" sizes=\"auto, (max-width: 1000px) 100vw, 1000px\" \/><\/div><\/div><div class=\"w-image align_none\"><div class=\"w-image-h\"><img decoding=\"async\" width=\"1024\" height=\"683\" src=\"https:\/\/moehring-energie.com\/wp-content\/uploads\/2026\/04\/AgriPVwCows-1024x683.jpg\" class=\"attachment-large size-large\" alt=\"\" loading=\"lazy\" srcset=\"https:\/\/moehring-energie.com\/wp-content\/uploads\/2026\/04\/AgriPVwCows-1024x683.jpg 1024w, https:\/\/moehring-energie.com\/wp-content\/uploads\/2026\/04\/AgriPVwCows-300x200.jpg 300w, https:\/\/moehring-energie.com\/wp-content\/uploads\/2026\/04\/AgriPVwCows-600x400.jpg 600w, https:\/\/moehring-energie.com\/wp-content\/uploads\/2026\/04\/AgriPVwCows.jpg 1170w\" sizes=\"auto, (max-width: 1024px) 100vw, 1024px\" \/><\/div><\/div><div class=\"w-image align_none\"><div class=\"w-image-h\"><img decoding=\"async\" width=\"570\" height=\"429\" src=\"https:\/\/moehring-energie.com\/wp-content\/uploads\/2026\/04\/SF_Agri-Solar_Umbrella-p-u.jpg\" class=\"attachment-large size-large\" alt=\"\" loading=\"lazy\" srcset=\"https:\/\/moehring-energie.com\/wp-content\/uploads\/2026\/04\/SF_Agri-Solar_Umbrella-p-u.jpg 570w, https:\/\/moehring-energie.com\/wp-content\/uploads\/2026\/04\/SF_Agri-Solar_Umbrella-p-u-300x226.jpg 300w, https:\/\/moehring-energie.com\/wp-content\/uploads\/2026\/04\/SF_Agri-Solar_Umbrella-p-u-531x400.jpg 531w\" sizes=\"auto, (max-width: 570px) 100vw, 570px\" \/><\/div><\/div><div class=\"w-image align_none\"><div class=\"w-image-h\"><img decoding=\"async\" width=\"1024\" height=\"825\" src=\"https:\/\/moehring-energie.com\/wp-content\/uploads\/2026\/01\/Firefly-3-1024x825.png\" class=\"attachment-large size-large\" alt=\"\" loading=\"lazy\" srcset=\"https:\/\/moehring-energie.com\/wp-content\/uploads\/2026\/01\/Firefly-3-1024x825.png 1024w, https:\/\/moehring-energie.com\/wp-content\/uploads\/2026\/01\/Firefly-3-300x242.png 300w, https:\/\/moehring-energie.com\/wp-content\/uploads\/2026\/01\/Firefly-3-497x400.png 497w, https:\/\/moehring-energie.com\/wp-content\/uploads\/2026\/01\/Firefly-3.png 1152w\" sizes=\"auto, (max-width: 1024px) 100vw, 1024px\" \/><\/div><\/div><\/div><\/div><\/div><\/div><\/div><\/div><\/div><\/div><\/div><\/section><section class=\"l-section wpb_row us_custom_c70c97eb height_small\"><div class=\"l-section-h i-cf\"><div class=\"g-cols vc_row via_flex valign_top type_default stacking_default\"><div class=\"vc_col-sm-12 wpb_column vc_column_container has_bg_color\"><div class=\"vc_column-inner us_custom_61f8da77\"><div class=\"wpb_wrapper\"><div class=\"g-cols wpb_row via_flex valign_top type_default stacking_default\"><div class=\"vc_col-sm-3\/5 wpb_column vc_column_container\"><div class=\"vc_column-inner\"><div class=\"wpb_wrapper\"><h4 class=\"w-text\"><span class=\"w-text-h\"><span class=\"w-text-value\">Int\u00e9ress\u00e9 par un partenariat, un investissement ou un offtake ?<\/span><\/span><\/h4><\/div><\/div><\/div><div class=\"vc_col-sm-2\/5 wpb_column vc_column_container\"><div class=\"vc_column-inner\"><div class=\"wpb_wrapper\"><div class=\"wpb_text_column\"><div class=\"wpb_wrapper\"><p>Contactez notre \u00e9quipe de projet !<\/p>\n<\/div><\/div><div class=\"w-separator size_small\"><\/div><div class=\"w-btn-wrapper align_justify\"><a class=\"w-btn us-btn-style_1\" href=\"https:\/\/moehring-energie.com\/fr\/contactez-nous-2\/\"><span class=\"w-btn-label\">Contactez-nous !<\/span><\/a><\/div><\/div><\/div><\/div><\/div><\/div><\/div><\/div><\/div><\/div><\/section>\n","protected":false},"excerpt":{"rendered":"Br\u00e9sil : projet FortaVerde FortaVerde &#8211; L&rsquo;ammoniac vert du Br\u00e9sil pour l&rsquo;industrie et les march\u00e9s internationaux Localisation : Pec\u00e9m \/ Cear\u00e1 \/ Br\u00e9silStatut : en cours de d\u00e9veloppement (Pre-Feed\/FEED)Technologies : \u00c9nergie renouvelable, \u00e9lectrolyse, synth\u00e8se de l&rsquo;ammoniac, infrastructure PtX modulaireProduit final : ammoniac vert pour les applications industrielles et les march\u00e9s d&rsquo;exportation Description du projet FortaVerde...","protected":false},"author":2,"featured_media":0,"parent":0,"menu_order":56,"comment_status":"closed","ping_status":"closed","template":"","meta":{"footnotes":""},"class_list":["post-14243","page","type-page","status-publish","hentry"],"_links":{"self":[{"href":"https:\/\/moehring-energie.com\/fr\/wp-json\/wp\/v2\/pages\/14243","targetHints":{"allow":["GET"]}}],"collection":[{"href":"https:\/\/moehring-energie.com\/fr\/wp-json\/wp\/v2\/pages"}],"about":[{"href":"https:\/\/moehring-energie.com\/fr\/wp-json\/wp\/v2\/types\/page"}],"author":[{"embeddable":true,"href":"https:\/\/moehring-energie.com\/fr\/wp-json\/wp\/v2\/users\/2"}],"replies":[{"embeddable":true,"href":"https:\/\/moehring-energie.com\/fr\/wp-json\/wp\/v2\/comments?post=14243"}],"version-history":[{"count":3,"href":"https:\/\/moehring-energie.com\/fr\/wp-json\/wp\/v2\/pages\/14243\/revisions"}],"predecessor-version":[{"id":14249,"href":"https:\/\/moehring-energie.com\/fr\/wp-json\/wp\/v2\/pages\/14243\/revisions\/14249"}],"wp:attachment":[{"href":"https:\/\/moehring-energie.com\/fr\/wp-json\/wp\/v2\/media?parent=14243"}],"curies":[{"name":"wp","href":"https:\/\/api.w.org\/{rel}","templated":true}]}}